{"id":22519,"date":"2024-12-24T14:17:42","date_gmt":"2024-12-24T14:17:42","guid":{"rendered":"https:\/\/posana.com\/?post_type=product&#038;p=22519"},"modified":"2024-12-25T16:35:29","modified_gmt":"2024-12-25T16:35:29","slug":"normalizing-bath-oil-hy-100ml","status":"publish","type":"product","link":"https:\/\/posana.com\/fr\/produit\/normalizing-bath-oil-hy-100ml\/","title":{"rendered":"Normalisation de l'huile de bain (HY) 100ml"},"content":{"rendered":"<p>Bain de pattes lourdes et de veines d'araign\u00e9e Soulage les jambes fatigu\u00e9es et lourdes. R\u00e9gule l'exc\u00e8s de transpiration et r\u00e9\u00e9quilibrage l'exc\u00e8s de liquide. Excellent pour la peau sensible, la peau intoxiqu\u00e9e, la r\u00e9tention d'eau et la cellulite (\u00e9corce d'orange). Types de peau \u0095 Visage: Recommand\u00e9 pour une utilisation dans le bain pour traiter le visage enfl\u00e9 et \/ ou les yeux \u0095 Corps: Prone aux veines d'araign\u00e9e, la peau intoxiqu\u00e9e. La r\u00e9tention d'eau. Cellulite (\u00e9corce d'orange). Les jambes fatigu\u00e9es et lourdes.<\/p>","protected":false},"excerpt":{"rendered":"<p>Heavy legs and spider veins bath Relieves tired and heavy legs. Regulates excess perspiration and rebalances excess fluids. Excellent for sensitive skin, intoxicated skin, water retention and cellulite (orange peel).Skin Types \u0095 Face: Recommended for use in the bath to treat swollen face and\/or eyes \u0095 Body: Prone to spider veins, intoxicated skin. Water retention. [&hellip;]<\/p>\n","protected":false},"featured_media":22821,"comment_status":"open","ping_status":"closed","template":"","meta":{"om_disable_all_campaigns":false,"_monsterinsights_skip_tracking":false,"_monsterinsights_sitenote_active":false,"_monsterinsights_sitenote_note":"","_monsterinsights_sitenote_category":0},"product_brand":[],"product_cat":[61],"product_tag":[],"mwb_booking_cost":[],"mwb_booking_service":[],"class_list":{"0":"post-22519","1":"product","2":"type-product","3":"status-publish","4":"has-post-thumbnail","6":"product_cat-skin-care-products","9":"instock","10":"shipping-taxable","11":"purchasable","12":"product-type-simple","13":"product-grid-view"},"aioseo_notices":[],"_links":{"self":[{"href":"https:\/\/posana.com\/fr\/wp-json\/wp\/v2\/product\/22519","targetHints":{"allow":["GET"]}}],"collection":[{"href":"https:\/\/posana.com\/fr\/wp-json\/wp\/v2\/product"}],"about":[{"href":"https:\/\/posana.com\/fr\/wp-json\/wp\/v2\/types\/product"}],"replies":[{"embeddable":true,"href":"https:\/\/posana.com\/fr\/wp-json\/wp\/v2\/comments?post=22519"}],"version-history":[{"count":1,"href":"https:\/\/posana.com\/fr\/wp-json\/wp\/v2\/product\/22519\/revisions"}],"predecessor-version":[{"id":22549,"href":"https:\/\/posana.com\/fr\/wp-json\/wp\/v2\/product\/22519\/revisions\/22549"}],"wp:featuredmedia":[{"embeddable":true,"href":"https:\/\/posana.com\/fr\/wp-json\/wp\/v2\/media\/22821"}],"wp:attachment":[{"href":"https:\/\/posana.com\/fr\/wp-json\/wp\/v2\/media?parent=22519"}],"wp:term":[{"taxonomy":"product_brand","embeddable":true,"href":"https:\/\/posana.com\/fr\/wp-json\/wp\/v2\/product_brand?post=22519"},{"taxonomy":"product_cat","embeddable":true,"href":"https:\/\/posana.com\/fr\/wp-json\/wp\/v2\/product_cat?post=22519"},{"taxonomy":"product_tag","embeddable":true,"href":"https:\/\/posana.com\/fr\/wp-json\/wp\/v2\/product_tag?post=22519"},{"taxonomy":"mwb_booking_cost","embeddable":true,"href":"https:\/\/posana.com\/fr\/wp-json\/wp\/v2\/mwb_booking_cost?post=22519"},{"taxonomy":"mwb_booking_service","embeddable":true,"href":"https:\/\/posana.com\/fr\/wp-json\/wp\/v2\/mwb_booking_service?post=22519"}],"curies":[{"name":"wp","href":"https:\/\/api.w.org\/{rel}","templated":true}]}}