{"id":22518,"date":"2024-12-24T14:17:42","date_gmt":"2024-12-24T14:17:42","guid":{"rendered":"https:\/\/posana.com\/?post_type=product&#038;p=22518"},"modified":"2024-12-25T15:59:55","modified_gmt":"2024-12-25T15:59:55","slug":"noir-mascara","status":"publish","type":"product","link":"https:\/\/posana.com\/fr\/produit\/noir-mascara\/","title":{"rendered":"Noir Mascara"},"content":{"rendered":"<p><strong>Noir Mascara<\/strong><\/p>\n<ul>\n<li>Formule sans huile, r\u00e9sistant \u00e0 la fum\u00e9e<\/li>\n<li>Avec Thuja orientalis, ingr\u00e9dient favorisant la croissance<\/li>\n<li>L\u2019article de d\u00e9tail id\u00e9al pour les clients cils pour leur \u00abpause d\u2019extension de cils\u00bb<\/li>\n<\/ul>\n<h5>Noir Mascara<\/h5>\n<p>Noir Black est une formule sans huile, r\u00e9sistant \u00e0 la tache qui contient de la k\u00e9ratine une substance qui renforce les cils naturels et restaure les cils fragiles et cassants \u00e0 un \u00e9tat optimal.<\/p>\n<p>Ce produit contient Thuja orientalis une substance favorisant la croissance cliniquement prouv\u00e9e parmi ses ingr\u00e9dients. Il fonctionne pour r\u00e9parer les dommages aux cils entre les extensions. Il cr\u00e9e \u00e9galement des cils magnifiquement d\u00e9finis pendant les pauses d'extension du client.<\/p>\n<p>.<\/p>","protected":false},"excerpt":{"rendered":"<p>Noir Mascara Oil-free, Smudge-proof formula With Thuja orientalis, growth-promoting ingredient The perfect retail item for lash clients for their &#8216;lash extension break&#8217; Noir Mascara Noir Black is an oil-free, smudge-proof formula that contains Keratin a substance which strengthens natural lashes and restores frail and brittle lashes to optimal condition. This product contains Thuja orientalis a [&hellip;]<\/p>\n","protected":false},"featured_media":22819,"comment_status":"open","ping_status":"closed","template":"","meta":{"om_disable_all_campaigns":false,"_monsterinsights_skip_tracking":false,"_monsterinsights_sitenote_active":false,"_monsterinsights_sitenote_note":"","_monsterinsights_sitenote_category":0},"product_brand":[],"product_cat":[63],"product_tag":[],"mwb_booking_cost":[],"mwb_booking_service":[],"class_list":{"0":"post-22518","1":"product","2":"type-product","3":"status-publish","4":"has-post-thumbnail","6":"product_cat-beauty-essentials","9":"instock","10":"shipping-taxable","11":"purchasable","12":"product-type-simple","13":"product-grid-view"},"aioseo_notices":[],"_links":{"self":[{"href":"https:\/\/posana.com\/fr\/wp-json\/wp\/v2\/product\/22518","targetHints":{"allow":["GET"]}}],"collection":[{"href":"https:\/\/posana.com\/fr\/wp-json\/wp\/v2\/product"}],"about":[{"href":"https:\/\/posana.com\/fr\/wp-json\/wp\/v2\/types\/product"}],"replies":[{"embeddable":true,"href":"https:\/\/posana.com\/fr\/wp-json\/wp\/v2\/comments?post=22518"}],"version-history":[{"count":2,"href":"https:\/\/posana.com\/fr\/wp-json\/wp\/v2\/product\/22518\/revisions"}],"predecessor-version":[{"id":22820,"href":"https:\/\/posana.com\/fr\/wp-json\/wp\/v2\/product\/22518\/revisions\/22820"}],"wp:featuredmedia":[{"embeddable":true,"href":"https:\/\/posana.com\/fr\/wp-json\/wp\/v2\/media\/22819"}],"wp:attachment":[{"href":"https:\/\/posana.com\/fr\/wp-json\/wp\/v2\/media?parent=22518"}],"wp:term":[{"taxonomy":"product_brand","embeddable":true,"href":"https:\/\/posana.com\/fr\/wp-json\/wp\/v2\/product_brand?post=22518"},{"taxonomy":"product_cat","embeddable":true,"href":"https:\/\/posana.com\/fr\/wp-json\/wp\/v2\/product_cat?post=22518"},{"taxonomy":"product_tag","embeddable":true,"href":"https:\/\/posana.com\/fr\/wp-json\/wp\/v2\/product_tag?post=22518"},{"taxonomy":"mwb_booking_cost","embeddable":true,"href":"https:\/\/posana.com\/fr\/wp-json\/wp\/v2\/mwb_booking_cost?post=22518"},{"taxonomy":"mwb_booking_service","embeddable":true,"href":"https:\/\/posana.com\/fr\/wp-json\/wp\/v2\/mwb_booking_service?post=22518"}],"curies":[{"name":"wp","href":"https:\/\/api.w.org\/{rel}","templated":true}]}}