{"id":22517,"date":"2024-12-24T14:17:42","date_gmt":"2024-12-24T14:17:42","guid":{"rendered":"https:\/\/posana.com\/?post_type=product&#038;p=22517"},"modified":"2025-02-09T13:16:12","modified_gmt":"2025-02-09T13:16:12","slug":"night-gift-set","status":"publish","type":"product","link":"https:\/\/posana.com\/fr\/produit\/night-gift-set\/","title":{"rendered":"Ensemble cadeau de nuit"},"content":{"rendered":"<p>REVIT(A) HUILE \u00c9CLAT VISAGE &#8211; 29 ML<\/p>\n<p><span class=\"OYPEnA text-decoration-none text-strikethrough-none\">S\u00c9RUM ACIDE HYALURONIQUE \u2013 29 ML<\/span><\/p>\n<p><span class=\"OYPEnA text-decoration-none text-strikethrough-none\">MASQUE DE NUIT R\u00c9CUP\u00c9RATEUR &#8211; 50 ML<\/span><\/p>","protected":false},"excerpt":{"rendered":"<p>REVIT(A) HUILE \u00c9CLAT VISAGE &#8211; 29 ML S\u00c9RUM ACIDE HYALURONIQUE &#8211; 29 ML MASQUE DE NUIT R\u00c9CUP\u00c9RATEUR &#8211; 50 ML<\/p>","protected":false},"featured_media":22817,"comment_status":"open","ping_status":"closed","template":"","meta":{"om_disable_all_campaigns":false,"_monsterinsights_skip_tracking":false,"_monsterinsights_sitenote_active":false,"_monsterinsights_sitenote_note":"","_monsterinsights_sitenote_category":0},"product_brand":[186],"product_cat":[178],"product_tag":[],"mwb_booking_cost":[],"mwb_booking_service":[],"class_list":{"0":"post-22517","1":"product","2":"type-product","3":"status-publish","4":"has-post-thumbnail","6":"product_brand-physiodermie","7":"product_cat-promotions-deals","10":"instock","11":"shipping-taxable","12":"purchasable","13":"product-type-simple","14":"product-grid-view"},"aioseo_notices":[],"_links":{"self":[{"href":"https:\/\/posana.com\/fr\/wp-json\/wp\/v2\/product\/22517","targetHints":{"allow":["GET"]}}],"collection":[{"href":"https:\/\/posana.com\/fr\/wp-json\/wp\/v2\/product"}],"about":[{"href":"https:\/\/posana.com\/fr\/wp-json\/wp\/v2\/types\/product"}],"replies":[{"embeddable":true,"href":"https:\/\/posana.com\/fr\/wp-json\/wp\/v2\/comments?post=22517"}],"version-history":[{"count":2,"href":"https:\/\/posana.com\/fr\/wp-json\/wp\/v2\/product\/22517\/revisions"}],"predecessor-version":[{"id":22818,"href":"https:\/\/posana.com\/fr\/wp-json\/wp\/v2\/product\/22517\/revisions\/22818"}],"wp:featuredmedia":[{"embeddable":true,"href":"https:\/\/posana.com\/fr\/wp-json\/wp\/v2\/media\/22817"}],"wp:attachment":[{"href":"https:\/\/posana.com\/fr\/wp-json\/wp\/v2\/media?parent=22517"}],"wp:term":[{"taxonomy":"product_brand","embeddable":true,"href":"https:\/\/posana.com\/fr\/wp-json\/wp\/v2\/product_brand?post=22517"},{"taxonomy":"product_cat","embeddable":true,"href":"https:\/\/posana.com\/fr\/wp-json\/wp\/v2\/product_cat?post=22517"},{"taxonomy":"product_tag","embeddable":true,"href":"https:\/\/posana.com\/fr\/wp-json\/wp\/v2\/product_tag?post=22517"},{"taxonomy":"mwb_booking_cost","embeddable":true,"href":"https:\/\/posana.com\/fr\/wp-json\/wp\/v2\/mwb_booking_cost?post=22517"},{"taxonomy":"mwb_booking_service","embeddable":true,"href":"https:\/\/posana.com\/fr\/wp-json\/wp\/v2\/mwb_booking_service?post=22517"}],"curies":[{"name":"wp","href":"https:\/\/api.w.org\/{rel}","templated":true}]}}