{"id":22515,"date":"2024-12-24T14:17:42","date_gmt":"2024-12-24T14:17:42","guid":{"rendered":"https:\/\/posana.com\/?post_type=product&#038;p=22515"},"modified":"2025-03-09T21:32:15","modified_gmt":"2025-03-09T21:32:15","slug":"muti-level-performance-ideal-routine-klapp-cleansing-and-skincare-set","status":"publish","type":"product","link":"https:\/\/posana.com\/fr\/produit\/muti-level-performance-ideal-routine-klapp-cleansing-and-skincare-set\/","title":{"rendered":"Muti Niveau Performance Ideal Routine- Klapp Nettoyage et soin de la peau"},"content":{"rendered":"<p>Pr\u00e9sentation de notre set de nettoyage et de soins de la peau parfaitement jumel\u00e9s, avec le lait nettoyant profond\u00e9ment efficace et hydratant peau PHA Toner. Ce duo dynamique pr\u00e9pare de mani\u00e8re optimale votre peau \u00e0 une meilleure absorption des produits de soins ult\u00e9rieurs, fournissant un nettoyage en profondeur des pores et une sensation de peau revitalis\u00e9e.<\/p>\n<p>Contents:<\/p>\n<ul>\n<li>200 ml de lait nettoyant<\/li>\n<li>Toner PHA Perfection de la peau de 200 ml<\/li>\n<li>50 ml Triple Action Moisturizing Day + Cr\u00e8me de nuit<\/li>\n<li>15 ml Triple Action Gel Contour pour les yeux hydratant<\/li>\n<\/ul>\n<p>\u00c9levez votre routine de soins de la peau avec cette collection m\u00e9ticuleusement organis\u00e9e<\/p>","protected":false},"excerpt":{"rendered":"<p>Introducing our perfectly paired cleansing and skincare set, featuring the deeply effective Cleansing Milk and skin-moisturizing Skin Perfection PHA Toner. This dynamic duo optimally prepares your skin for enhanced absorption of subsequent care products, providing a pore-deep cleanse and a revitalized skin sensation. Contents: 200 ml Cleansing Milk 200 ml Skin Perfection PHA Toner 50 [&hellip;]<\/p>\n","protected":false},"featured_media":22815,"comment_status":"open","ping_status":"closed","template":"","meta":{"om_disable_all_campaigns":false,"_monsterinsights_skip_tracking":false,"_monsterinsights_sitenote_active":false,"_monsterinsights_sitenote_note":"","_monsterinsights_sitenote_category":0},"product_brand":[206],"product_cat":[61],"product_tag":[172],"mwb_booking_cost":[],"mwb_booking_service":[],"class_list":{"0":"post-22515","1":"product","2":"type-product","3":"status-publish","4":"has-post-thumbnail","6":"product_brand-klapp","7":"product_cat-skin-care-products","8":"product_tag-klapp","11":"instock","12":"shipping-taxable","13":"purchasable","14":"product-type-simple","15":"product-grid-view"},"aioseo_notices":[],"_links":{"self":[{"href":"https:\/\/posana.com\/fr\/wp-json\/wp\/v2\/product\/22515","targetHints":{"allow":["GET"]}}],"collection":[{"href":"https:\/\/posana.com\/fr\/wp-json\/wp\/v2\/product"}],"about":[{"href":"https:\/\/posana.com\/fr\/wp-json\/wp\/v2\/types\/product"}],"replies":[{"embeddable":true,"href":"https:\/\/posana.com\/fr\/wp-json\/wp\/v2\/comments?post=22515"}],"version-history":[{"count":2,"href":"https:\/\/posana.com\/fr\/wp-json\/wp\/v2\/product\/22515\/revisions"}],"predecessor-version":[{"id":22816,"href":"https:\/\/posana.com\/fr\/wp-json\/wp\/v2\/product\/22515\/revisions\/22816"}],"wp:featuredmedia":[{"embeddable":true,"href":"https:\/\/posana.com\/fr\/wp-json\/wp\/v2\/media\/22815"}],"wp:attachment":[{"href":"https:\/\/posana.com\/fr\/wp-json\/wp\/v2\/media?parent=22515"}],"wp:term":[{"taxonomy":"product_brand","embeddable":true,"href":"https:\/\/posana.com\/fr\/wp-json\/wp\/v2\/product_brand?post=22515"},{"taxonomy":"product_cat","embeddable":true,"href":"https:\/\/posana.com\/fr\/wp-json\/wp\/v2\/product_cat?post=22515"},{"taxonomy":"product_tag","embeddable":true,"href":"https:\/\/posana.com\/fr\/wp-json\/wp\/v2\/product_tag?post=22515"},{"taxonomy":"mwb_booking_cost","embeddable":true,"href":"https:\/\/posana.com\/fr\/wp-json\/wp\/v2\/mwb_booking_cost?post=22515"},{"taxonomy":"mwb_booking_service","embeddable":true,"href":"https:\/\/posana.com\/fr\/wp-json\/wp\/v2\/mwb_booking_service?post=22515"}],"curies":[{"name":"wp","href":"https:\/\/api.w.org\/{rel}","templated":true}]}}