{"id":22483,"date":"2024-12-24T14:17:37","date_gmt":"2024-12-24T14:17:37","guid":{"rendered":"https:\/\/posana.com\/?post_type=product&#038;p=22483"},"modified":"2025-02-09T19:58:51","modified_gmt":"2025-02-09T19:58:51","slug":"micro-gel-anti-rougeur-50ml","status":"publish","type":"product","link":"https:\/\/posana.com\/fr\/produit\/micro-gel-anti-rougeur-50ml\/","title":{"rendered":"Micro-gel anti-rougeur 50ml"},"content":{"rendered":"<p>Traitement pour acn\u00e9-rosac\u00e9e. Gel anti-rougeurs qui comprend des extraits naturels tels que Crataegus Monogyna qui inhibent la mite \u00abDemodex Folliculorum\u00bb responsable de l&#8217;acn\u00e9 rosac\u00e9e.Un soin apaisant et calmant pour les rougeurs et la sensibilit\u00e9 de la peau. Son effet raffraichissant aide \u00e0 soulager le sentiment de tiraillement et d\u2019inconfort associ\u00e9 \u00e0 l\u2019acn\u00e9, la rosac\u00e9e ou l\u2019hyper-sensibilit\u00e9 de la peau ainsi que les rougeurs caus\u00e9e par la peau s\u00e8che.<\/p>\n<div class=\"benefits\">\n<h4>AVANTAGES<\/h4>\n<ul>\n<li>Hydrate et r\u00e9\u00e9quilibre l\u2019\u00e9piderme.<\/li>\n<li>Apaise les sensations d\u2019inconfort et de sensibilit\u00e9.<\/li>\n<li>Restaure l\u2019\u00e9clat naturel et unifie le teint.\n<ul class=\"tabs wc-tabs\">\n<li class=\"description_tab active\"><span style=\"color: #000000;\"><strong><a style=\"color: #000000;\" href=\"https:\/\/physiodermie.com\/fr\/produit\/micro-gel-anti-rougeurs\/#tab-description\">CONSEILS D\u2019UTILISATION<\/a><\/strong><\/span><\/li>\n<\/ul>\n<div id=\"tab-description\" class=\"woocommerce-Tabs-panel woocommerce-Tabs-panel--description panel entry-content wc-tab\">\n<p>Apr\u00e8s le nettoyage avec le Lait de Toilette et le Compensateur Acide, appliquer sur l\u2019ensemble du visage et du cou. Faire un tr\u00e8s l\u00e9ger massage de diffusion et de p\u00e9n\u00e9tration. Utiliser 2 \u00e0 3 fois par jour si n\u00e9cessaire. Pour un r\u00e9sultat optimal, il est conseill\u00e9 d\u2019utiliser conjointement le Micro-gel Anti-Rougeurs et le Bioarome FL.<\/p>\n<ul class=\"tabs wc-tabs\">\n<li class=\"0_tab active\"><span style=\"color: #000000;\"><strong><a style=\"color: #000000;\" href=\"https:\/\/physiodermie.com\/fr\/produit\/micro-gel-anti-rougeurs\/#tab-0\">INGR\u00c9DIENTS CL\u00c9S<\/a><\/strong><\/span><\/li>\n<\/ul>\n<div id=\"tab-0\" class=\"woocommerce-Tabs-panel woocommerce-Tabs-panel--0 panel entry-content wc-tab\">\n<ul>\n<li>Complexe d\u2019extraits de plantes: Petit houx, aub\u00e9pine, m\u00e9lilot\n<ul class=\"tabs wc-tabs\">\n<li class=\"1_tab active\"><span style=\"color: #000000;\"><strong><a style=\"color: #000000;\" href=\"https:\/\/physiodermie.com\/fr\/produit\/micro-gel-anti-rougeurs\/#tab-1\">TECHNOLOGIE<\/a><\/strong><\/span><\/li>\n<\/ul>\n<div id=\"tab-1\" class=\"woocommerce-Tabs-panel woocommerce-Tabs-panel--1 panel entry-content wc-tab\">\n<ul>\n<li>Formule Micro-encapsul\u00e9e<\/li>\n<\/ul>\n<\/div>\n<\/li>\n<\/ul>\n<\/div>\n<\/div>\n<\/li>\n<\/ul>\n<\/div>","protected":false},"excerpt":{"rendered":"<p>Traitement pour acn\u00e9-rosac\u00e9e. Gel anti-rougeurs qui comprend des extraits naturels tels que Crataegus Monogyna qui inhibent la mite \u00abDemodex Folliculorum\u00bb responsable de l&#8217;acn\u00e9 rosac\u00e9e.Un soin apaisant et calmant pour les rougeurs et la sensibilit\u00e9 de la peau. Son effet raffraichissant aide \u00e0 soulager le sentiment de tiraillement et d\u2019inconfort associ\u00e9 \u00e0 l\u2019acn\u00e9, la rosac\u00e9e ou [&hellip;]<\/p>\n","protected":false},"featured_media":22875,"comment_status":"open","ping_status":"closed","template":"","meta":{"om_disable_all_campaigns":false,"_monsterinsights_skip_tracking":false,"_monsterinsights_sitenote_active":false,"_monsterinsights_sitenote_note":"","_monsterinsights_sitenote_category":0},"product_brand":[186],"product_cat":[61],"product_tag":[170],"mwb_booking_cost":[],"mwb_booking_service":[],"class_list":{"0":"post-22483","1":"product","2":"type-product","3":"status-publish","4":"has-post-thumbnail","6":"product_brand-physiodermie","7":"product_cat-skin-care-products","8":"product_tag-physiodermie","11":"instock","12":"shipping-taxable","13":"purchasable","14":"product-type-simple","15":"product-grid-view"},"aioseo_notices":[],"_links":{"self":[{"href":"https:\/\/posana.com\/fr\/wp-json\/wp\/v2\/product\/22483","targetHints":{"allow":["GET"]}}],"collection":[{"href":"https:\/\/posana.com\/fr\/wp-json\/wp\/v2\/product"}],"about":[{"href":"https:\/\/posana.com\/fr\/wp-json\/wp\/v2\/types\/product"}],"replies":[{"embeddable":true,"href":"https:\/\/posana.com\/fr\/wp-json\/wp\/v2\/comments?post=22483"}],"version-history":[{"count":2,"href":"https:\/\/posana.com\/fr\/wp-json\/wp\/v2\/product\/22483\/revisions"}],"predecessor-version":[{"id":22876,"href":"https:\/\/posana.com\/fr\/wp-json\/wp\/v2\/product\/22483\/revisions\/22876"}],"wp:featuredmedia":[{"embeddable":true,"href":"https:\/\/posana.com\/fr\/wp-json\/wp\/v2\/media\/22875"}],"wp:attachment":[{"href":"https:\/\/posana.com\/fr\/wp-json\/wp\/v2\/media?parent=22483"}],"wp:term":[{"taxonomy":"product_brand","embeddable":true,"href":"https:\/\/posana.com\/fr\/wp-json\/wp\/v2\/product_brand?post=22483"},{"taxonomy":"product_cat","embeddable":true,"href":"https:\/\/posana.com\/fr\/wp-json\/wp\/v2\/product_cat?post=22483"},{"taxonomy":"product_tag","embeddable":true,"href":"https:\/\/posana.com\/fr\/wp-json\/wp\/v2\/product_tag?post=22483"},{"taxonomy":"mwb_booking_cost","embeddable":true,"href":"https:\/\/posana.com\/fr\/wp-json\/wp\/v2\/mwb_booking_cost?post=22483"},{"taxonomy":"mwb_booking_service","embeddable":true,"href":"https:\/\/posana.com\/fr\/wp-json\/wp\/v2\/mwb_booking_service?post=22483"}],"curies":[{"name":"wp","href":"https:\/\/api.w.org\/{rel}","templated":true}]}}