{"id":22481,"date":"2024-12-24T14:17:37","date_gmt":"2024-12-24T14:17:37","guid":{"rendered":"https:\/\/posana.com\/?post_type=product&#038;p=22481"},"modified":"2024-12-25T18:51:45","modified_gmt":"2024-12-25T18:51:45","slug":"micellar-foam-bioacne","status":"publish","type":"product","link":"https:\/\/posana.com\/fr\/produit\/micellar-foam-bioacne\/","title":{"rendered":"mousse microbienne BioAcne"},"content":{"rendered":"<p>Mousse nettoyante ultra-l\u00e9g\u00e8re, sans sulfate id\u00e9ale pour l'hygi\u00e8ne quotidienne de la peau grasse et sujette \u00e0 l'acn\u00e9. Aide \u00e0 \u00e9liminer efficacement l'exc\u00e8s d'huile et les impuret\u00e9s de la peau sans l'ass\u00e9cher.<\/p>","protected":false},"excerpt":{"rendered":"<p>Mousse nettoyante ultra-l\u00e9g\u00e8re, sans sulfate id\u00e9ale pour l'hygi\u00e8ne quotidienne de la peau grasse et sujette \u00e0 l'acn\u00e9. Aide \u00e0 \u00e9liminer efficacement l'exc\u00e8s d'huile et les impuret\u00e9s de la peau sans l'ass\u00e9cher.<\/p>","protected":false},"featured_media":22872,"comment_status":"open","ping_status":"closed","template":"","meta":{"om_disable_all_campaigns":false,"_monsterinsights_skip_tracking":false,"_monsterinsights_sitenote_active":false,"_monsterinsights_sitenote_note":"","_monsterinsights_sitenote_category":0},"product_brand":[],"product_cat":[61],"product_tag":[],"mwb_booking_cost":[],"mwb_booking_service":[],"class_list":{"0":"post-22481","1":"product","2":"type-product","3":"status-publish","4":"has-post-thumbnail","6":"product_cat-skin-care-products","9":"instock","10":"shipping-taxable","11":"purchasable","12":"product-type-simple","13":"product-grid-view"},"aioseo_notices":[],"_links":{"self":[{"href":"https:\/\/posana.com\/fr\/wp-json\/wp\/v2\/product\/22481","targetHints":{"allow":["GET"]}}],"collection":[{"href":"https:\/\/posana.com\/fr\/wp-json\/wp\/v2\/product"}],"about":[{"href":"https:\/\/posana.com\/fr\/wp-json\/wp\/v2\/types\/product"}],"replies":[{"embeddable":true,"href":"https:\/\/posana.com\/fr\/wp-json\/wp\/v2\/comments?post=22481"}],"version-history":[{"count":2,"href":"https:\/\/posana.com\/fr\/wp-json\/wp\/v2\/product\/22481\/revisions"}],"predecessor-version":[{"id":22873,"href":"https:\/\/posana.com\/fr\/wp-json\/wp\/v2\/product\/22481\/revisions\/22873"}],"wp:featuredmedia":[{"embeddable":true,"href":"https:\/\/posana.com\/fr\/wp-json\/wp\/v2\/media\/22872"}],"wp:attachment":[{"href":"https:\/\/posana.com\/fr\/wp-json\/wp\/v2\/media?parent=22481"}],"wp:term":[{"taxonomy":"product_brand","embeddable":true,"href":"https:\/\/posana.com\/fr\/wp-json\/wp\/v2\/product_brand?post=22481"},{"taxonomy":"product_cat","embeddable":true,"href":"https:\/\/posana.com\/fr\/wp-json\/wp\/v2\/product_cat?post=22481"},{"taxonomy":"product_tag","embeddable":true,"href":"https:\/\/posana.com\/fr\/wp-json\/wp\/v2\/product_tag?post=22481"},{"taxonomy":"mwb_booking_cost","embeddable":true,"href":"https:\/\/posana.com\/fr\/wp-json\/wp\/v2\/mwb_booking_cost?post=22481"},{"taxonomy":"mwb_booking_service","embeddable":true,"href":"https:\/\/posana.com\/fr\/wp-json\/wp\/v2\/mwb_booking_service?post=22481"}],"curies":[{"name":"wp","href":"https:\/\/api.w.org\/{rel}","templated":true}]}}