{"id":22480,"date":"2024-12-24T14:17:37","date_gmt":"2024-12-24T14:17:37","guid":{"rendered":"https:\/\/posana.com\/?post_type=product&#038;p=22480"},"modified":"2024-12-25T18:48:01","modified_gmt":"2024-12-25T18:48:01","slug":"men-shower-care-body-and-hair-200ml","status":"publish","type":"product","link":"https:\/\/posana.com\/fr\/produit\/men-shower-care-body-and-hair-200ml\/","title":{"rendered":"Hommes Soins de douche corps et cheveux 200ml"},"content":{"rendered":"<p>Pour les hommes Soins id\u00e9aux pour la peau et les cheveux. Une seule \u00e9tape est tout ce qui est n\u00e9cessaire pour un nettoyage en profondeur tout en pr\u00e9servant le pH naturel de la peau et du cuir chevelu. Gr\u00e2ce aux ingr\u00e9dients sp\u00e9cifiques de la peau et des cheveux qu\u2019elle contient, ce soin nettoyant emp\u00eache la s\u00e9cheresse de la peau et restaure l\u2019\u00e9lasticit\u00e9, la brillance et la vitalit\u00e9 des cheveux.<\/p>","protected":false},"excerpt":{"rendered":"<p>Pour les hommes Soins id\u00e9aux pour la peau et les cheveux. Une seule \u00e9tape est tout ce qui est n\u00e9cessaire pour un nettoyage en profondeur tout en pr\u00e9servant le pH naturel de la peau et du cuir chevelu. Gr\u00e2ce aux ingr\u00e9dients sp\u00e9cifiques de la peau et des cheveux qu\u2019elle contient, ce soin nettoyant emp\u00eache la s\u00e9cheresse de la peau et restaure l\u2019\u00e9lasticit\u00e9, la brillance et la vitalit\u00e9 des cheveux.<\/p>","protected":false},"featured_media":22870,"comment_status":"open","ping_status":"closed","template":"","meta":{"om_disable_all_campaigns":false,"_monsterinsights_skip_tracking":false,"_monsterinsights_sitenote_active":false,"_monsterinsights_sitenote_note":"","_monsterinsights_sitenote_category":0},"product_brand":[],"product_cat":[61],"product_tag":[],"mwb_booking_cost":[],"mwb_booking_service":[],"class_list":{"0":"post-22480","1":"product","2":"type-product","3":"status-publish","4":"has-post-thumbnail","6":"product_cat-skin-care-products","9":"instock","10":"shipping-taxable","11":"purchasable","12":"product-type-simple","13":"product-grid-view"},"aioseo_notices":[],"_links":{"self":[{"href":"https:\/\/posana.com\/fr\/wp-json\/wp\/v2\/product\/22480","targetHints":{"allow":["GET"]}}],"collection":[{"href":"https:\/\/posana.com\/fr\/wp-json\/wp\/v2\/product"}],"about":[{"href":"https:\/\/posana.com\/fr\/wp-json\/wp\/v2\/types\/product"}],"replies":[{"embeddable":true,"href":"https:\/\/posana.com\/fr\/wp-json\/wp\/v2\/comments?post=22480"}],"version-history":[{"count":2,"href":"https:\/\/posana.com\/fr\/wp-json\/wp\/v2\/product\/22480\/revisions"}],"predecessor-version":[{"id":22871,"href":"https:\/\/posana.com\/fr\/wp-json\/wp\/v2\/product\/22480\/revisions\/22871"}],"wp:featuredmedia":[{"embeddable":true,"href":"https:\/\/posana.com\/fr\/wp-json\/wp\/v2\/media\/22870"}],"wp:attachment":[{"href":"https:\/\/posana.com\/fr\/wp-json\/wp\/v2\/media?parent=22480"}],"wp:term":[{"taxonomy":"product_brand","embeddable":true,"href":"https:\/\/posana.com\/fr\/wp-json\/wp\/v2\/product_brand?post=22480"},{"taxonomy":"product_cat","embeddable":true,"href":"https:\/\/posana.com\/fr\/wp-json\/wp\/v2\/product_cat?post=22480"},{"taxonomy":"product_tag","embeddable":true,"href":"https:\/\/posana.com\/fr\/wp-json\/wp\/v2\/product_tag?post=22480"},{"taxonomy":"mwb_booking_cost","embeddable":true,"href":"https:\/\/posana.com\/fr\/wp-json\/wp\/v2\/mwb_booking_cost?post=22480"},{"taxonomy":"mwb_booking_service","embeddable":true,"href":"https:\/\/posana.com\/fr\/wp-json\/wp\/v2\/mwb_booking_service?post=22480"}],"curies":[{"name":"wp","href":"https:\/\/api.w.org\/{rel}","templated":true}]}}