{"id":22477,"date":"2024-12-24T14:17:37","date_gmt":"2024-12-24T14:17:37","guid":{"rendered":"https:\/\/posana.com\/?post_type=product&#038;p=22477"},"modified":"2024-12-25T18:29:52","modified_gmt":"2024-12-25T18:29:52","slug":"mask-bioacne","status":"publish","type":"product","link":"https:\/\/posana.com\/fr\/produit\/mask-bioacne\/","title":{"rendered":"Masque BioAcne"},"content":{"rendered":"<p>Traitement hebdomadaire id\u00e9al pour la peau grasse, sujette \u00e0 l'acn\u00e9. Contient des ingr\u00e9dients purifiants, apaisants et d\u00e9toxifiants qui am\u00e9liorent instantan\u00e9ment l\u2019apparence des pores et aident \u00e0 pr\u00e9venir les imperfections. D\u00e8s la premi\u00e8re application, la texture de la peau est raffin\u00e9e, le teint est beaucoup plus propre, plus frais avec une finition mate. La peau semble radieuse de sant\u00e9.<\/p>","protected":false},"excerpt":{"rendered":"<p>Traitement hebdomadaire id\u00e9al pour la peau grasse, sujette \u00e0 l'acn\u00e9. Contient des ingr\u00e9dients purifiants, apaisants et d\u00e9toxifiants qui am\u00e9liorent instantan\u00e9ment l\u2019apparence des pores et aident \u00e0 pr\u00e9venir les imperfections. D\u00e8s la premi\u00e8re application, la texture de la peau est raffin\u00e9e, le teint est beaucoup plus propre, plus frais avec une finition mate. La peau semble radieuse de sant\u00e9.<\/p>","protected":false},"featured_media":22866,"comment_status":"open","ping_status":"closed","template":"","meta":{"om_disable_all_campaigns":false,"_monsterinsights_skip_tracking":false,"_monsterinsights_sitenote_active":false,"_monsterinsights_sitenote_note":"","_monsterinsights_sitenote_category":0},"product_brand":[],"product_cat":[61],"product_tag":[],"mwb_booking_cost":[],"mwb_booking_service":[],"class_list":{"0":"post-22477","1":"product","2":"type-product","3":"status-publish","4":"has-post-thumbnail","6":"product_cat-skin-care-products","9":"instock","10":"shipping-taxable","11":"purchasable","12":"product-type-simple","13":"product-grid-view"},"aioseo_notices":[],"_links":{"self":[{"href":"https:\/\/posana.com\/fr\/wp-json\/wp\/v2\/product\/22477","targetHints":{"allow":["GET"]}}],"collection":[{"href":"https:\/\/posana.com\/fr\/wp-json\/wp\/v2\/product"}],"about":[{"href":"https:\/\/posana.com\/fr\/wp-json\/wp\/v2\/types\/product"}],"replies":[{"embeddable":true,"href":"https:\/\/posana.com\/fr\/wp-json\/wp\/v2\/comments?post=22477"}],"version-history":[{"count":2,"href":"https:\/\/posana.com\/fr\/wp-json\/wp\/v2\/product\/22477\/revisions"}],"predecessor-version":[{"id":22867,"href":"https:\/\/posana.com\/fr\/wp-json\/wp\/v2\/product\/22477\/revisions\/22867"}],"wp:featuredmedia":[{"embeddable":true,"href":"https:\/\/posana.com\/fr\/wp-json\/wp\/v2\/media\/22866"}],"wp:attachment":[{"href":"https:\/\/posana.com\/fr\/wp-json\/wp\/v2\/media?parent=22477"}],"wp:term":[{"taxonomy":"product_brand","embeddable":true,"href":"https:\/\/posana.com\/fr\/wp-json\/wp\/v2\/product_brand?post=22477"},{"taxonomy":"product_cat","embeddable":true,"href":"https:\/\/posana.com\/fr\/wp-json\/wp\/v2\/product_cat?post=22477"},{"taxonomy":"product_tag","embeddable":true,"href":"https:\/\/posana.com\/fr\/wp-json\/wp\/v2\/product_tag?post=22477"},{"taxonomy":"mwb_booking_cost","embeddable":true,"href":"https:\/\/posana.com\/fr\/wp-json\/wp\/v2\/mwb_booking_cost?post=22477"},{"taxonomy":"mwb_booking_service","embeddable":true,"href":"https:\/\/posana.com\/fr\/wp-json\/wp\/v2\/mwb_booking_service?post=22477"}],"curies":[{"name":"wp","href":"https:\/\/api.w.org\/{rel}","templated":true}]}}