{"id":22475,"date":"2024-12-24T14:17:37","date_gmt":"2024-12-24T14:17:37","guid":{"rendered":"https:\/\/posana.com\/?post_type=product&#038;p=22475"},"modified":"2024-12-25T18:22:40","modified_gmt":"2024-12-25T18:22:40","slug":"mannequin-head","status":"publish","type":"product","link":"https:\/\/posana.com\/fr\/produit\/mannequin-head\/","title":{"rendered":"T\u00eate de Mannequin"},"content":{"rendered":"<p>La t\u00eate de pratique est largement reconnue dans le monde du maquillage comme le visage de meilleure pratique disponible.La t\u00eate ressemble \u00e0 la peau r\u00e9elle aussi \u00e9troitement que possible pour simuler efficacement la vraie deal.It est le visage neutre convient \u00e0 n'importe quel design et il se lave facilement pour nettoyer rapidement et facile.It est la solution id\u00e9ale pour parfaire votre art s'il n'y a personne disponible.<\/p>","protected":false},"excerpt":{"rendered":"<p>Practice head is widely acknowledged in the makeup world as the best practice face available.The head resemble real skin as closely as possible to effectively simulate the real deal.It&#8217;s neutral face suits any design and it washes off easily for quick and easy clean up.It&#8217;s the ideal solution to perfect your art if there is [&hellip;]<\/p>\n","protected":false},"featured_media":22865,"comment_status":"open","ping_status":"closed","template":"","meta":{"om_disable_all_campaigns":false,"_monsterinsights_skip_tracking":false,"_monsterinsights_sitenote_active":false,"_monsterinsights_sitenote_note":"","_monsterinsights_sitenote_category":0},"product_brand":[],"product_cat":[55],"product_tag":[],"mwb_booking_cost":[],"mwb_booking_service":[],"class_list":{"0":"post-22475","1":"product","2":"type-product","3":"status-publish","4":"has-post-thumbnail","6":"product_cat-tools-accessories","9":"instock","10":"shipping-taxable","11":"purchasable","12":"product-type-simple","13":"product-grid-view"},"aioseo_notices":[],"_links":{"self":[{"href":"https:\/\/posana.com\/fr\/wp-json\/wp\/v2\/product\/22475","targetHints":{"allow":["GET"]}}],"collection":[{"href":"https:\/\/posana.com\/fr\/wp-json\/wp\/v2\/product"}],"about":[{"href":"https:\/\/posana.com\/fr\/wp-json\/wp\/v2\/types\/product"}],"replies":[{"embeddable":true,"href":"https:\/\/posana.com\/fr\/wp-json\/wp\/v2\/comments?post=22475"}],"version-history":[{"count":1,"href":"https:\/\/posana.com\/fr\/wp-json\/wp\/v2\/product\/22475\/revisions"}],"predecessor-version":[{"id":22505,"href":"https:\/\/posana.com\/fr\/wp-json\/wp\/v2\/product\/22475\/revisions\/22505"}],"wp:featuredmedia":[{"embeddable":true,"href":"https:\/\/posana.com\/fr\/wp-json\/wp\/v2\/media\/22865"}],"wp:attachment":[{"href":"https:\/\/posana.com\/fr\/wp-json\/wp\/v2\/media?parent=22475"}],"wp:term":[{"taxonomy":"product_brand","embeddable":true,"href":"https:\/\/posana.com\/fr\/wp-json\/wp\/v2\/product_brand?post=22475"},{"taxonomy":"product_cat","embeddable":true,"href":"https:\/\/posana.com\/fr\/wp-json\/wp\/v2\/product_cat?post=22475"},{"taxonomy":"product_tag","embeddable":true,"href":"https:\/\/posana.com\/fr\/wp-json\/wp\/v2\/product_tag?post=22475"},{"taxonomy":"mwb_booking_cost","embeddable":true,"href":"https:\/\/posana.com\/fr\/wp-json\/wp\/v2\/mwb_booking_cost?post=22475"},{"taxonomy":"mwb_booking_service","embeddable":true,"href":"https:\/\/posana.com\/fr\/wp-json\/wp\/v2\/mwb_booking_service?post=22475"}],"curies":[{"name":"wp","href":"https:\/\/api.w.org\/{rel}","templated":true}]}}