{"id":22473,"date":"2024-12-24T14:17:37","date_gmt":"2024-12-24T14:17:37","guid":{"rendered":"https:\/\/posana.com\/?post_type=product&#038;p=22473"},"modified":"2025-01-20T19:15:16","modified_gmt":"2025-01-20T19:15:16","slug":"magnesium-remineralizing-massage-1h30","status":"publish","type":"product","link":"https:\/\/posana.com\/fr\/produit\/magnesium-remineralizing-massage-1h30\/","title":{"rendered":"Massage Remineralizing de magn\u00e9sium \u2013 1h30"},"content":{"rendered":"<p>Combinez les effets relaxants d'un long massage avec l'effet remin\u00e9ralisant du magn\u00e9sium, un min\u00e9ral essentiel qui r\u00e9gule l'\u00e9nergie, les contractions musculaires, la croissance des cheveux, le sommeil et la r\u00e9gulation du syst\u00e8me nerveux.<\/p>\n<p>Le massage commence par un corps complet avec des perles de la bourrasque minceur, formul\u00e9 avec des algues marines et de la carnitine, stimulant la combustion des graisses.<\/p>\n<p>Un massage du corps entier est ensuite effectu\u00e9 avec de l\u2019huile de magn\u00e9sium pour d\u00e9livrer ses effets remin\u00e9ralisants directement \u00e0 travers la peau.<\/p>\n<p>L\u2019\u00e9quipe de recherche de l\u2019Universit\u00e9 de Cardiff a montr\u00e9 que lorsque le magn\u00e9sium est administr\u00e9 par la peau, son absorption est 10 \u00e0 12 fois sup\u00e9rieure \u00e0 celle administr\u00e9e par voie orale.<\/p>\n<p>Ce massage rajeunissant vous rendra plus alerte dans vos t\u00e2ches quotidiennes.<\/p>\n<p>&nbsp;<\/p>\n<p>Produits utilis\u00e9s:<\/p>\n<p>- Thallion Slimming Scrub Pearls<\/p>\n<p>\u2013 Huile de magn\u00e9sium marine de Thalion<\/p>","protected":false},"excerpt":{"rendered":"<p>Combine the relaxing effects of a long massage with the remineralizing effect of magnesium, an essetial mineral that regulates energy, muscle contractions, hair growith, sleep and nervous system regulation. The massage starts with a complete body gommage with slimming scurb pearls, formulated with marine algae and carnitine, stimulating fat burning. A whole body massage is [&hellip;]<\/p>\n","protected":false},"featured_media":22862,"comment_status":"open","ping_status":"closed","template":"","meta":{"om_disable_all_campaigns":false,"_monsterinsights_skip_tracking":false,"_monsterinsights_sitenote_active":false,"_monsterinsights_sitenote_note":"","_monsterinsights_sitenote_category":0},"product_brand":[],"product_cat":[147,139],"product_tag":[],"mwb_booking_cost":[],"mwb_booking_service":[],"class_list":{"0":"post-22473","1":"product","2":"type-product","3":"status-publish","4":"has-post-thumbnail","6":"product_cat-massage-therapy","7":"product_cat-services","10":"instock","11":"shipping-taxable","12":"purchasable","13":"product-type-simple","14":"product-grid-view"},"aioseo_notices":[],"_links":{"self":[{"href":"https:\/\/posana.com\/fr\/wp-json\/wp\/v2\/product\/22473","targetHints":{"allow":["GET"]}}],"collection":[{"href":"https:\/\/posana.com\/fr\/wp-json\/wp\/v2\/product"}],"about":[{"href":"https:\/\/posana.com\/fr\/wp-json\/wp\/v2\/types\/product"}],"replies":[{"embeddable":true,"href":"https:\/\/posana.com\/fr\/wp-json\/wp\/v2\/comments?post=22473"}],"version-history":[{"count":2,"href":"https:\/\/posana.com\/fr\/wp-json\/wp\/v2\/product\/22473\/revisions"}],"predecessor-version":[{"id":22863,"href":"https:\/\/posana.com\/fr\/wp-json\/wp\/v2\/product\/22473\/revisions\/22863"}],"wp:featuredmedia":[{"embeddable":true,"href":"https:\/\/posana.com\/fr\/wp-json\/wp\/v2\/media\/22862"}],"wp:attachment":[{"href":"https:\/\/posana.com\/fr\/wp-json\/wp\/v2\/media?parent=22473"}],"wp:term":[{"taxonomy":"product_brand","embeddable":true,"href":"https:\/\/posana.com\/fr\/wp-json\/wp\/v2\/product_brand?post=22473"},{"taxonomy":"product_cat","embeddable":true,"href":"https:\/\/posana.com\/fr\/wp-json\/wp\/v2\/product_cat?post=22473"},{"taxonomy":"product_tag","embeddable":true,"href":"https:\/\/posana.com\/fr\/wp-json\/wp\/v2\/product_tag?post=22473"},{"taxonomy":"mwb_booking_cost","embeddable":true,"href":"https:\/\/posana.com\/fr\/wp-json\/wp\/v2\/mwb_booking_cost?post=22473"},{"taxonomy":"mwb_booking_service","embeddable":true,"href":"https:\/\/posana.com\/fr\/wp-json\/wp\/v2\/mwb_booking_service?post=22473"}],"curies":[{"name":"wp","href":"https:\/\/api.w.org\/{rel}","templated":true}]}}