{"id":22466,"date":"2024-12-24T14:17:37","date_gmt":"2024-12-24T14:17:37","guid":{"rendered":"https:\/\/posana.com\/?post_type=product&#038;p=22466"},"modified":"2025-03-03T20:42:41","modified_gmt":"2025-03-03T20:42:41","slug":"light-leg-complex-400ml","status":"publish","type":"product","link":"https:\/\/posana.com\/fr\/produit\/light-leg-complex-400ml\/","title":{"rendered":"Complex Essentiel Jambes"},"content":{"rendered":"<p><strong>Applications:<\/strong><\/p>\n<p>&nbsp;<\/p>\n<p>Recommand\u00e9 pour pr\u00e9venir l\u2019apparition de sensation de lourdeurs et de gonflements dans les jambes. Le matin, vaporiser sur les jambes et sous la plante des pieds, en massant doucement de la plante du pied au mollet. Renouveler 2 \u00e0 3 fois dans la journ\u00e9e si n\u00e9cessaire. La forme en spray permet une utilisation pratique, m\u00eame pendant la journ\u00e9e, directement sur la peau ou par-dessus les collants ou les chaussettes.\n\nNe convient pas aux femmes enceintes ou allaitantes.<\/p>\n<p><em>Ne convient pas aux femmes enceintes ou allaitantes.<\/em><\/p>\n<h4 data-fontsize=\"15\" data-lineheight=\"25.95px\"><\/h4>\n<h4 class=\"fusion-tab-heading fusion-responsive-typography-calculated\" data-fontsize=\"15\" data-lineheight=\"25.95px\">Liste d'ingr\u00e9dients<\/h4>\n<p>Aqua (Water), Alcohol Denat., Propylene Glycol, Polysorbate 20, Menthol, Mentha Piperita (Peppermint) Oil, Pinus Sylvestris Leaf Oil, Melilotus Officinalis Extract, Arnica Montana Flower Extract, Vitis Vinifera (Grape) Leaf Extract, Aesculus Hippocastanum (Horse Chestnut) Seed Extract, Ruscus Aculeatus Root Extract, Hamamelis Virginiana (Witch Hazel) Leaf Extract, Ginkgo Biloba Leaf Extract, Linoleic Acid, Linolenic Acid, Sodium Lactate Methylsilanol, Glycerin, Butylene Glycol, Ocimum Basilicum (Basil) Oil, Rosmarinus Officinalis (Rosemary) Leaf Oil, Cupressus Sempervirens Leaf Oil, Salicylic Acid, Tocopherol, Eugenol, Geraniol, Linalool, Limonene.<\/p>\n<p>*Nos formules pouvant \u00eatre amen\u00e9es \u00e0 \u00e9voluer, veuillez vous reporter \u00e9galement \u00e0 la liste d\u2019ingr\u00e9dients figurant sur l\u2019emballage du produit et faisant seule foi.<\/p>","protected":false},"excerpt":{"rendered":"<h5 class=\"biline fusion-responsive-typography-calculated\" data-fontsize=\"14\" data-lineheight=\"23.94px\"><strong>100ml<\/strong><\/h5>\n<h5 class=\"biline fusion-responsive-typography-calculated\" data-fontsize=\"14\" data-lineheight=\"23.94px\"><strong>Fra\u00eecheur et l\u00e9g\u00e8ret\u00e9 intenses pour les jambes lourdes et les pieds<\/strong><\/h5>\n<div><strong>Avantages :<\/strong>\u00a0(1) Senteurs relaxantes et apaisantes, (2) Id\u00e9al pour la fatigue musculaire, (3) Aide \u00e0 dissiper les signes de fatigue li\u00e9s au stress, (4) Procure une sensation g\u00e9n\u00e9rale de bien-\u00eatre.<\/div>\n<div><strong>Actives:\u00a0Synergy of plant extracts: Horse Chestnut, Sweet Clover, Red Vine, Little Holly, Hamamelis, Arnica, Ginkgo Biloba \u2013 Essential oils of Scots Pine, Peppermint, Cypress, Rosemary, Basil \u2013 M.A.L.M.E Complex rich in Organic Silicon \u2013 Essential fatty acids.<\/strong><\/div>","protected":false},"featured_media":22853,"comment_status":"open","ping_status":"closed","template":"","meta":{"om_disable_all_campaigns":false,"_monsterinsights_skip_tracking":false,"_monsterinsights_sitenote_active":false,"_monsterinsights_sitenote_note":"","_monsterinsights_sitenote_category":0},"product_brand":[],"product_cat":[61,135],"product_tag":[170],"mwb_booking_cost":[],"mwb_booking_service":[],"class_list":{"0":"post-22466","1":"product","2":"type-product","3":"status-publish","4":"has-post-thumbnail","6":"product_cat-skin-care-products","7":"product_cat-specific-treatments","8":"product_tag-physiodermie","11":"instock","12":"shipping-taxable","13":"purchasable","14":"product-type-simple","15":"product-grid-view"},"aioseo_notices":[],"_links":{"self":[{"href":"https:\/\/posana.com\/fr\/wp-json\/wp\/v2\/product\/22466","targetHints":{"allow":["GET"]}}],"collection":[{"href":"https:\/\/posana.com\/fr\/wp-json\/wp\/v2\/product"}],"about":[{"href":"https:\/\/posana.com\/fr\/wp-json\/wp\/v2\/types\/product"}],"replies":[{"embeddable":true,"href":"https:\/\/posana.com\/fr\/wp-json\/wp\/v2\/comments?post=22466"}],"version-history":[{"count":3,"href":"https:\/\/posana.com\/fr\/wp-json\/wp\/v2\/product\/22466\/revisions"}],"predecessor-version":[{"id":24801,"href":"https:\/\/posana.com\/fr\/wp-json\/wp\/v2\/product\/22466\/revisions\/24801"}],"wp:featuredmedia":[{"embeddable":true,"href":"https:\/\/posana.com\/fr\/wp-json\/wp\/v2\/media\/22853"}],"wp:attachment":[{"href":"https:\/\/posana.com\/fr\/wp-json\/wp\/v2\/media?parent=22466"}],"wp:term":[{"taxonomy":"product_brand","embeddable":true,"href":"https:\/\/posana.com\/fr\/wp-json\/wp\/v2\/product_brand?post=22466"},{"taxonomy":"product_cat","embeddable":true,"href":"https:\/\/posana.com\/fr\/wp-json\/wp\/v2\/product_cat?post=22466"},{"taxonomy":"product_tag","embeddable":true,"href":"https:\/\/posana.com\/fr\/wp-json\/wp\/v2\/product_tag?post=22466"},{"taxonomy":"mwb_booking_cost","embeddable":true,"href":"https:\/\/posana.com\/fr\/wp-json\/wp\/v2\/mwb_booking_cost?post=22466"},{"taxonomy":"mwb_booking_service","embeddable":true,"href":"https:\/\/posana.com\/fr\/wp-json\/wp\/v2\/mwb_booking_service?post=22466"}],"curies":[{"name":"wp","href":"https:\/\/api.w.org\/{rel}","templated":true}]}}