{"id":22456,"date":"2024-12-24T14:17:36","date_gmt":"2024-12-24T14:17:36","guid":{"rendered":"https:\/\/posana.com\/?post_type=product&#038;p=22456"},"modified":"2025-01-28T13:48:19","modified_gmt":"2025-01-28T13:48:19","slug":"klapp-special-xmas-2022-skin-natural-aloe-vera-face-care","status":"publish","type":"product","link":"https:\/\/posana.com\/fr\/produit\/klapp-special-xmas-2022-skin-natural-aloe-vera-face-care\/","title":{"rendered":"Klapp Special XMAS 2022 Soins du visage naturel Aloe Vera de la peau"},"content":{"rendered":"<p>Ce kit contient:<\/p>\n<p>Aloe Vera Cream 50ml: Le nouveau polyvalent pour tous les types de peau est le produit compl\u00e9mentaire parfait apr\u00e8s le gel Aloe Vera. Des ingr\u00e9dients actifs pr\u00e9cieux et hautement concentr\u00e9s apaisent la peau et lui fournissent une humidit\u00e9 intensive. La cr\u00e8me renouvelante douce avec de l'aloe vera est \u00e9galement parfaite pour les peaux sensibles sujettes \u00e0 l'irritation. Le processus de renouvellement cellulaire de la peau est soutenu et le teint semble revitalis\u00e9 et jeune fra\u00eeche.<\/p>\n<p>Aloe Vera Gel 15ml: Le gel de soins de la peau d'aloe vera hautement concentr\u00e9 d\u00e9livre de l'humidit\u00e9 \u00e0 la peau sensible, s\u00e8che et endommag\u00e9e par le soleil et convient \u00e9galement pour la peau irrit\u00e9e. En renfor\u00e7ant les fibres de collag\u00e8ne et d'\u00e9lastine, la structure de la peau est raffermie et liss\u00e9e. Son effet anti-inflammatoire prot\u00e8ge contre les belish et apaise les irritations cutan\u00e9es<\/p>","protected":false},"excerpt":{"rendered":"<p>This Kit Contains: Aloe Vera Cream 50ml: The new all-rounder for all skin types is the perfect add-on product after the Aloe Vera Gel. Valuable and highly concentrated active ingredients soothe the skin and supply it with intensive moisture. The gentle renewing cream with aloe vera is also perfect suitable for sensitive skin prone to [&hellip;]<\/p>\n","protected":false},"featured_media":22879,"comment_status":"open","ping_status":"closed","template":"","meta":{"om_disable_all_campaigns":false,"_monsterinsights_skip_tracking":false,"_monsterinsights_sitenote_active":false,"_monsterinsights_sitenote_note":"","_monsterinsights_sitenote_category":0},"product_brand":[],"product_cat":[61],"product_tag":[172],"mwb_booking_cost":[],"mwb_booking_service":[],"class_list":{"0":"post-22456","1":"product","2":"type-product","3":"status-publish","4":"has-post-thumbnail","6":"product_cat-skin-care-products","7":"product_tag-klapp","10":"instock","11":"shipping-taxable","12":"purchasable","13":"product-type-simple","14":"product-grid-view"},"aioseo_notices":[],"_links":{"self":[{"href":"https:\/\/posana.com\/fr\/wp-json\/wp\/v2\/product\/22456","targetHints":{"allow":["GET"]}}],"collection":[{"href":"https:\/\/posana.com\/fr\/wp-json\/wp\/v2\/product"}],"about":[{"href":"https:\/\/posana.com\/fr\/wp-json\/wp\/v2\/types\/product"}],"replies":[{"embeddable":true,"href":"https:\/\/posana.com\/fr\/wp-json\/wp\/v2\/comments?post=22456"}],"version-history":[{"count":2,"href":"https:\/\/posana.com\/fr\/wp-json\/wp\/v2\/product\/22456\/revisions"}],"predecessor-version":[{"id":22880,"href":"https:\/\/posana.com\/fr\/wp-json\/wp\/v2\/product\/22456\/revisions\/22880"}],"wp:featuredmedia":[{"embeddable":true,"href":"https:\/\/posana.com\/fr\/wp-json\/wp\/v2\/media\/22879"}],"wp:attachment":[{"href":"https:\/\/posana.com\/fr\/wp-json\/wp\/v2\/media?parent=22456"}],"wp:term":[{"taxonomy":"product_brand","embeddable":true,"href":"https:\/\/posana.com\/fr\/wp-json\/wp\/v2\/product_brand?post=22456"},{"taxonomy":"product_cat","embeddable":true,"href":"https:\/\/posana.com\/fr\/wp-json\/wp\/v2\/product_cat?post=22456"},{"taxonomy":"product_tag","embeddable":true,"href":"https:\/\/posana.com\/fr\/wp-json\/wp\/v2\/product_tag?post=22456"},{"taxonomy":"mwb_booking_cost","embeddable":true,"href":"https:\/\/posana.com\/fr\/wp-json\/wp\/v2\/mwb_booking_cost?post=22456"},{"taxonomy":"mwb_booking_service","embeddable":true,"href":"https:\/\/posana.com\/fr\/wp-json\/wp\/v2\/mwb_booking_service?post=22456"}],"curies":[{"name":"wp","href":"https:\/\/api.w.org\/{rel}","templated":true}]}}