{"id":22455,"date":"2024-12-24T14:17:36","date_gmt":"2024-12-24T14:17:36","guid":{"rendered":"https:\/\/posana.com\/?post_type=product&#038;p=22455"},"modified":"2025-01-28T13:48:27","modified_gmt":"2025-01-28T13:48:27","slug":"klapp-special-xmas-2022-a-classic-face-care-set","status":"publish","type":"product","link":"https:\/\/posana.com\/fr\/produit\/klapp-special-xmas-2022-a-classic-face-care-set\/","title":{"rendered":"Klapp Special XMAS 2022 A Classic Face Care Set"},"content":{"rendered":"<p>Ce kit contient:<\/p>\n<p>Une cr\u00e8me classique 50ml: cr\u00e8me riche pour le soin de la peau m\u00fbre et exigeante. La vitamine A soutient les m\u00e9canismes de r\u00e9paration et stimule la production de collag\u00e8ne. La vitamine E prot\u00e8ge contre les radicaux libres. Les hydratants naturels maintiennent un \u00e9quilibre hydrique de niveau.<\/p>\n<p>S\u00e9rum Revital: Un produit de r\u00e9paration l\u00e9ger pour tous les types de peau. Les liposomes pr\u00e9cieux contenant de la vitamine A et de l\u2019acide bio-hyaluronique donnent \u00e0 la peau vitalit\u00e9 et \u00e9lasticit\u00e9. La structure de la peau peut \u00eatre am\u00e9lior\u00e9e et le vieillissement pr\u00e9matur\u00e9 \u00e9vit\u00e9.<\/p>\n<p>Masque d'effet: masque de gel l\u00e9ger avec effet de levage pour le soin intensif de l'humidit\u00e9 de la peau exigeante. Un complexe d'ingr\u00e9dients fait d'aloe vera, de vitamine A, E et F fournit de l'humidit\u00e9 et offre une protection contre les radicaux libres.<\/p>","protected":false},"excerpt":{"rendered":"<p>This kit contains: A Classic Cream 50ml: Rich cream for the care of mature, demanding skin. Vitamin A supports the repair mechanisms and stimulates the collagen production. Vitamin E protects against free radicals. Natural moisturisers keep a level moisture balance. Revital Serum: A light repair product for all skin types. Valuable liposomes with vitamin A [&hellip;]<\/p>\n","protected":false},"featured_media":22877,"comment_status":"open","ping_status":"closed","template":"","meta":{"om_disable_all_campaigns":false,"_monsterinsights_skip_tracking":false,"_monsterinsights_sitenote_active":false,"_monsterinsights_sitenote_note":"","_monsterinsights_sitenote_category":0},"product_brand":[],"product_cat":[61],"product_tag":[172],"mwb_booking_cost":[],"mwb_booking_service":[],"class_list":{"0":"post-22455","1":"product","2":"type-product","3":"status-publish","4":"has-post-thumbnail","6":"product_cat-skin-care-products","7":"product_tag-klapp","10":"instock","11":"shipping-taxable","12":"purchasable","13":"product-type-simple","14":"product-grid-view"},"aioseo_notices":[],"_links":{"self":[{"href":"https:\/\/posana.com\/fr\/wp-json\/wp\/v2\/product\/22455","targetHints":{"allow":["GET"]}}],"collection":[{"href":"https:\/\/posana.com\/fr\/wp-json\/wp\/v2\/product"}],"about":[{"href":"https:\/\/posana.com\/fr\/wp-json\/wp\/v2\/types\/product"}],"replies":[{"embeddable":true,"href":"https:\/\/posana.com\/fr\/wp-json\/wp\/v2\/comments?post=22455"}],"version-history":[{"count":2,"href":"https:\/\/posana.com\/fr\/wp-json\/wp\/v2\/product\/22455\/revisions"}],"predecessor-version":[{"id":22878,"href":"https:\/\/posana.com\/fr\/wp-json\/wp\/v2\/product\/22455\/revisions\/22878"}],"wp:featuredmedia":[{"embeddable":true,"href":"https:\/\/posana.com\/fr\/wp-json\/wp\/v2\/media\/22877"}],"wp:attachment":[{"href":"https:\/\/posana.com\/fr\/wp-json\/wp\/v2\/media?parent=22455"}],"wp:term":[{"taxonomy":"product_brand","embeddable":true,"href":"https:\/\/posana.com\/fr\/wp-json\/wp\/v2\/product_brand?post=22455"},{"taxonomy":"product_cat","embeddable":true,"href":"https:\/\/posana.com\/fr\/wp-json\/wp\/v2\/product_cat?post=22455"},{"taxonomy":"product_tag","embeddable":true,"href":"https:\/\/posana.com\/fr\/wp-json\/wp\/v2\/product_tag?post=22455"},{"taxonomy":"mwb_booking_cost","embeddable":true,"href":"https:\/\/posana.com\/fr\/wp-json\/wp\/v2\/mwb_booking_cost?post=22455"},{"taxonomy":"mwb_booking_service","embeddable":true,"href":"https:\/\/posana.com\/fr\/wp-json\/wp\/v2\/mwb_booking_service?post=22455"}],"curies":[{"name":"wp","href":"https:\/\/api.w.org\/{rel}","templated":true}]}}