{"id":22284,"date":"2024-12-23T15:13:58","date_gmt":"2024-12-23T15:13:58","guid":{"rendered":"https:\/\/posana.com\/?post_type=product&#038;p=22284"},"modified":"2025-03-04T16:36:58","modified_gmt":"2025-03-04T16:36:58","slug":"essential-bath-oil-cn-soothing-100ml-2","status":"publish","type":"product","link":"https:\/\/posana.com\/fr\/produit\/essential-bath-oil-cn-soothing-100ml-2\/","title":{"rendered":"Physiobain CN Calmant Apaisant"},"content":{"rendered":"<p><strong>Application:<\/strong><\/p>\n<p>2 \u00e0 3 fois par semaine et lorsque le corps en ressent le besoin, verser 1 \u00e0 2 bouchons* par bain \u00e0 une temp\u00e9rature de 37-38\u00b0C pendant 15 \u00e0 20 minutes.<\/p>\n<p>*Ne pas d\u00e9passer la dose recommand\u00e9e. Ne convient pas aux femmes enceintes ou allaitantes.<\/p>\n<p><strong>Avantages<\/strong>:<br \/>\n(1) Senteurs relaxantes et apaisantes, (2) Id\u00e9al pour la fatigue musculaire, (3) Aide \u00e0 dissiper les signes de fatigue li\u00e9s au stress, (4) Procure une sensation g\u00e9n\u00e9rale de bien-\u00eatre.<\/p>\n<p><strong>Ingr\u00e9dients:<\/strong><\/p>\n<p>Polysorbate 20, Citrus Aurantium Amara (Bitter Orange) Leaf\/Twig Oil, Melissa Officinalis Leaf Oil, Valeriana Officinalis Root Oil, Aqua (Water), Citric Acid, Propyl Gallate, Propylene Glycol, Benzyl Alcohol, Citral, Eugenol, Geraniol, Farnesol, Linalool, Citronellol, Limonene.<\/p>\n<p>*Nos formules pouvant \u00eatre amen\u00e9es \u00e0 \u00e9voluer, veuillez vous reporter \u00e9galement \u00e0 la liste d\u2019ingr\u00e9dients figurant sur l\u2019emballage du produit et faisant seule foi.<\/p>","protected":false},"excerpt":{"rendered":"<p><strong>For all skin types. Calming Soothing.<\/strong><\/p>\n<p>Rich in essential oils with soothing properties, this bath oil helps to reduce the signs of physical fatigue (muscle aches) and provide a feeling of well-being.<\/p>\n<p>[ 100 ml ]<\/p>\n","protected":false},"featured_media":22301,"comment_status":"open","ping_status":"closed","template":"","meta":{"om_disable_all_campaigns":false,"_monsterinsights_skip_tracking":false,"_monsterinsights_sitenote_active":false,"_monsterinsights_sitenote_note":"","_monsterinsights_sitenote_category":0},"product_brand":[186],"product_cat":[136,61],"product_tag":[170],"mwb_booking_cost":[],"mwb_booking_service":[],"class_list":{"0":"post-22284","1":"product","2":"type-product","3":"status-publish","4":"has-post-thumbnail","6":"product_brand-physiodermie","7":"product_cat-body-care","8":"product_cat-skin-care-products","9":"product_tag-physiodermie","12":"instock","13":"shipping-taxable","14":"purchasable","15":"product-type-simple","16":"product-grid-view"},"aioseo_notices":[],"_links":{"self":[{"href":"https:\/\/posana.com\/fr\/wp-json\/wp\/v2\/product\/22284","targetHints":{"allow":["GET"]}}],"collection":[{"href":"https:\/\/posana.com\/fr\/wp-json\/wp\/v2\/product"}],"about":[{"href":"https:\/\/posana.com\/fr\/wp-json\/wp\/v2\/types\/product"}],"replies":[{"embeddable":true,"href":"https:\/\/posana.com\/fr\/wp-json\/wp\/v2\/comments?post=22284"}],"version-history":[{"count":4,"href":"https:\/\/posana.com\/fr\/wp-json\/wp\/v2\/product\/22284\/revisions"}],"predecessor-version":[{"id":24828,"href":"https:\/\/posana.com\/fr\/wp-json\/wp\/v2\/product\/22284\/revisions\/24828"}],"wp:featuredmedia":[{"embeddable":true,"href":"https:\/\/posana.com\/fr\/wp-json\/wp\/v2\/media\/22301"}],"wp:attachment":[{"href":"https:\/\/posana.com\/fr\/wp-json\/wp\/v2\/media?parent=22284"}],"wp:term":[{"taxonomy":"product_brand","embeddable":true,"href":"https:\/\/posana.com\/fr\/wp-json\/wp\/v2\/product_brand?post=22284"},{"taxonomy":"product_cat","embeddable":true,"href":"https:\/\/posana.com\/fr\/wp-json\/wp\/v2\/product_cat?post=22284"},{"taxonomy":"product_tag","embeddable":true,"href":"https:\/\/posana.com\/fr\/wp-json\/wp\/v2\/product_tag?post=22284"},{"taxonomy":"mwb_booking_cost","embeddable":true,"href":"https:\/\/posana.com\/fr\/wp-json\/wp\/v2\/mwb_booking_cost?post=22284"},{"taxonomy":"mwb_booking_service","embeddable":true,"href":"https:\/\/posana.com\/fr\/wp-json\/wp\/v2\/mwb_booking_service?post=22284"}],"curies":[{"name":"wp","href":"https:\/\/api.w.org\/{rel}","templated":true}]}}