{"id":22283,"date":"2024-12-23T15:13:58","date_gmt":"2024-12-23T15:13:58","guid":{"rendered":"https:\/\/posana.com\/?post_type=product&#038;p=22283"},"modified":"2025-01-29T20:49:14","modified_gmt":"2025-01-29T20:49:14","slug":"essential-bath-oil-cn-calming-soothing-400ml","status":"publish","type":"product","link":"https:\/\/posana.com\/fr\/produit\/essential-bath-oil-cn-calming-soothing-400ml\/","title":{"rendered":"Huile de bain essentielle CN calmant 400ml"},"content":{"rendered":"<p>Apaise et calme le corps. Cr\u00e9e une relaxation physique et mentale id\u00e9ale pour lutter contre le stress. Aide \u00e0 \u00e9liminer tous les signes de fatigue et g\u00e9n\u00e8re une sensation de bien-\u00eatre. Corps: fatigue musculaire et stress.Types de peau Peau: Recommand\u00e9 pour une utilisation dans le bain pour traiter la peau d\u00e9shydrat\u00e9e ou l'acn\u00e9 en raison du stress Mind: stress, hyperactivit\u00e9, anxi\u00e9t\u00e9, surmenage Corps: fatigue musculaire, crampes, stress, la transpiration \u00e9motionnelle, et l'inconfort de la cellulite Pr\u00e9 et post - op\u00e9ratoire pour d\u00e9tendre le corps et l'esprit.<\/p>","protected":false},"excerpt":{"rendered":"<p>Soothes and calms the body. Creates a physical and mental relaxation ideal for combating stress. Helps eliminate all signs of tiredness and generates a feeling of well being. Body: Muscular fatigue and stress.Skin Types Skin: Recommended for use in the bath to treat dehydrated skin or acne due to stress Mind: Stress, hyperactivity, anxiety, overwork [&hellip;]<\/p>\n","protected":false},"featured_media":22298,"comment_status":"open","ping_status":"closed","template":"","meta":{"om_disable_all_campaigns":false,"_monsterinsights_skip_tracking":false,"_monsterinsights_sitenote_active":false,"_monsterinsights_sitenote_note":"","_monsterinsights_sitenote_category":0},"product_brand":[],"product_cat":[136,61],"product_tag":[183],"mwb_booking_cost":[],"mwb_booking_service":[],"class_list":{"0":"post-22283","1":"product","2":"type-product","3":"status-publish","4":"has-post-thumbnail","6":"product_cat-body-care","7":"product_cat-skin-care-products","8":"product_tag-zayat-aroma","11":"instock","12":"shipping-taxable","13":"purchasable","14":"product-type-simple","15":"product-grid-view"},"aioseo_notices":[],"_links":{"self":[{"href":"https:\/\/posana.com\/fr\/wp-json\/wp\/v2\/product\/22283","targetHints":{"allow":["GET"]}}],"collection":[{"href":"https:\/\/posana.com\/fr\/wp-json\/wp\/v2\/product"}],"about":[{"href":"https:\/\/posana.com\/fr\/wp-json\/wp\/v2\/types\/product"}],"replies":[{"embeddable":true,"href":"https:\/\/posana.com\/fr\/wp-json\/wp\/v2\/comments?post=22283"}],"version-history":[{"count":2,"href":"https:\/\/posana.com\/fr\/wp-json\/wp\/v2\/product\/22283\/revisions"}],"predecessor-version":[{"id":22299,"href":"https:\/\/posana.com\/fr\/wp-json\/wp\/v2\/product\/22283\/revisions\/22299"}],"wp:featuredmedia":[{"embeddable":true,"href":"https:\/\/posana.com\/fr\/wp-json\/wp\/v2\/media\/22298"}],"wp:attachment":[{"href":"https:\/\/posana.com\/fr\/wp-json\/wp\/v2\/media?parent=22283"}],"wp:term":[{"taxonomy":"product_brand","embeddable":true,"href":"https:\/\/posana.com\/fr\/wp-json\/wp\/v2\/product_brand?post=22283"},{"taxonomy":"product_cat","embeddable":true,"href":"https:\/\/posana.com\/fr\/wp-json\/wp\/v2\/product_cat?post=22283"},{"taxonomy":"product_tag","embeddable":true,"href":"https:\/\/posana.com\/fr\/wp-json\/wp\/v2\/product_tag?post=22283"},{"taxonomy":"mwb_booking_cost","embeddable":true,"href":"https:\/\/posana.com\/fr\/wp-json\/wp\/v2\/mwb_booking_cost?post=22283"},{"taxonomy":"mwb_booking_service","embeddable":true,"href":"https:\/\/posana.com\/fr\/wp-json\/wp\/v2\/mwb_booking_service?post=22283"}],"curies":[{"name":"wp","href":"https:\/\/api.w.org\/{rel}","templated":true}]}}