{"id":22282,"date":"2024-12-23T15:13:58","date_gmt":"2024-12-23T15:13:58","guid":{"rendered":"https:\/\/posana.com\/?post_type=product&#038;p=22282"},"modified":"2025-03-04T16:41:59","modified_gmt":"2025-03-04T16:41:59","slug":"essential-bath-oil-ds-modelling-100ml","status":"publish","type":"product","link":"https:\/\/posana.com\/fr\/produit\/essential-bath-oil-ds-modelling-100ml\/","title":{"rendered":"Physiobain DS Modelant"},"content":{"rendered":"<p><strong>Application:<\/strong><\/p>\n<p>2 \u00e0 3 fois par semaine, verser 1 \u00e0 2 bouchons* par bain \u00e0 une temp\u00e9rature de 37-38\u00b0C pendant 15 \u00e0 20 minutes.\n*Ne pas d\u00e9passer la dose recommand\u00e9e.<br \/>\n*Do not exceed the recommended dose.<\/p>\n<p>L\u2019association avec une alimentation \u00e9quilibr\u00e9e et une activit\u00e9 physique est essentielle pour obtenir des r\u00e9sultats visibles sur la silhouette. Demandez conseil \u00e0 votre dermo-th\u00e9rapeute si vous souhaitez utiliser le Physiobain DS.<\/p>\n<p><strong>Pr\u00e9caution:<\/strong>\u00a0Ne convient pas aux femmes enceintes ou allaitantes.<\/p>\n<p><strong>Avantages<\/strong>:<br \/>\n(1) Tonifying, powerful stimulating scents, (2) Skin dynamisation and revitalization, (3) Helps to soften and smooth epidermis.<\/p>\n<p><strong>Ingr\u00e9dients:<\/strong><\/p>\n<p>Polysorbate 20, Propylene Glycol, Cinnamomum Cassia Leaf Oil, Citrus Aurantium Amara (Bitter Orange) Peel Oil, Eugenia Caryophyllus (Clove) Flower Oil, Aqua (Water), Citric Acid, Propyl Gallate, Cinnamyl Alcohol, Eugenol, Cinnamal, Coumarin, Geraniol, Linalool, Benzyl Benzoate, Citronellol, Limonene.<\/p>\n<p>*Nos formules pouvant \u00eatre amen\u00e9es \u00e0 \u00e9voluer, veuillez vous reporter \u00e9galement \u00e0 la liste d\u2019ingr\u00e9dients figurant sur l\u2019emballage du produit et faisant seule foi.<\/p>","protected":false},"excerpt":{"rendered":"<p><strong>For all skin types. Modelling (anti-cellulite).<\/strong><\/p>\n<p>Rich in essential oils with stimulating and dynamizing properties, this bath oil helps to reduce the appearance of orange peel (cellulite).<\/p>\n<p>[ 100 ml ]<\/p>\n","protected":false},"featured_media":22296,"comment_status":"open","ping_status":"closed","template":"","meta":{"om_disable_all_campaigns":false,"_monsterinsights_skip_tracking":false,"_monsterinsights_sitenote_active":false,"_monsterinsights_sitenote_note":"","_monsterinsights_sitenote_category":0},"product_brand":[186],"product_cat":[136,61],"product_tag":[170,183],"mwb_booking_cost":[],"mwb_booking_service":[],"class_list":{"0":"post-22282","1":"product","2":"type-product","3":"status-publish","4":"has-post-thumbnail","6":"product_brand-physiodermie","7":"product_cat-body-care","8":"product_cat-skin-care-products","9":"product_tag-physiodermie","10":"product_tag-zayat-aroma","13":"instock","14":"shipping-taxable","15":"purchasable","16":"product-type-simple","17":"product-grid-view"},"aioseo_notices":[],"_links":{"self":[{"href":"https:\/\/posana.com\/fr\/wp-json\/wp\/v2\/product\/22282","targetHints":{"allow":["GET"]}}],"collection":[{"href":"https:\/\/posana.com\/fr\/wp-json\/wp\/v2\/product"}],"about":[{"href":"https:\/\/posana.com\/fr\/wp-json\/wp\/v2\/types\/product"}],"replies":[{"embeddable":true,"href":"https:\/\/posana.com\/fr\/wp-json\/wp\/v2\/comments?post=22282"}],"version-history":[{"count":3,"href":"https:\/\/posana.com\/fr\/wp-json\/wp\/v2\/product\/22282\/revisions"}],"predecessor-version":[{"id":24830,"href":"https:\/\/posana.com\/fr\/wp-json\/wp\/v2\/product\/22282\/revisions\/24830"}],"wp:featuredmedia":[{"embeddable":true,"href":"https:\/\/posana.com\/fr\/wp-json\/wp\/v2\/media\/22296"}],"wp:attachment":[{"href":"https:\/\/posana.com\/fr\/wp-json\/wp\/v2\/media?parent=22282"}],"wp:term":[{"taxonomy":"product_brand","embeddable":true,"href":"https:\/\/posana.com\/fr\/wp-json\/wp\/v2\/product_brand?post=22282"},{"taxonomy":"product_cat","embeddable":true,"href":"https:\/\/posana.com\/fr\/wp-json\/wp\/v2\/product_cat?post=22282"},{"taxonomy":"product_tag","embeddable":true,"href":"https:\/\/posana.com\/fr\/wp-json\/wp\/v2\/product_tag?post=22282"},{"taxonomy":"mwb_booking_cost","embeddable":true,"href":"https:\/\/posana.com\/fr\/wp-json\/wp\/v2\/mwb_booking_cost?post=22282"},{"taxonomy":"mwb_booking_service","embeddable":true,"href":"https:\/\/posana.com\/fr\/wp-json\/wp\/v2\/mwb_booking_service?post=22282"}],"curies":[{"name":"wp","href":"https:\/\/api.w.org\/{rel}","templated":true}]}}