{"id":22249,"date":"2024-12-23T15:13:54","date_gmt":"2024-12-23T15:13:54","guid":{"rendered":"https:\/\/posana.com\/?post_type=product&#038;p=22249"},"modified":"2025-01-08T13:31:14","modified_gmt":"2025-01-08T13:31:14","slug":"dry-skin-cream-50ml","status":"publish","type":"product","link":"https:\/\/posana.com\/fr\/produit\/dry-skin-cream-50ml\/","title":{"rendered":"Cr\u00e8me de peau s\u00e8che 50ml"},"content":{"rendered":"<p>Cr\u00e8me hydratante pour peau s\u00e8che et chap\u00e9e R\u00e9gule et nourrit l'\u00e9piderme. Equilibre le film hydrolipidique. Prot\u00e8ge la peau des rayons UV nocifs qui contribuent au vieillissement pr\u00e9matur\u00e9. Avec une application r\u00e9guli\u00e8re, la peau est laiss\u00e9e douce, souple et \u00e9clatante.<\/p>","protected":false},"excerpt":{"rendered":"<p>Cr\u00e8me hydratante pour peau s\u00e8che et chap\u00e9e R\u00e9gule et nourrit l'\u00e9piderme. Equilibre le film hydrolipidique. Prot\u00e8ge la peau des rayons UV nocifs qui contribuent au vieillissement pr\u00e9matur\u00e9. Avec une application r\u00e9guli\u00e8re, la peau est laiss\u00e9e douce, souple et \u00e9clatante.<\/p>","protected":false},"featured_media":22328,"comment_status":"open","ping_status":"closed","template":"","meta":{"om_disable_all_campaigns":false,"_monsterinsights_skip_tracking":false,"_monsterinsights_sitenote_active":false,"_monsterinsights_sitenote_note":"","_monsterinsights_sitenote_category":0},"product_brand":[],"product_cat":[133,61],"product_tag":[],"mwb_booking_cost":[],"mwb_booking_service":[],"class_list":{"0":"post-22249","1":"product","2":"type-product","3":"status-publish","4":"has-post-thumbnail","6":"product_cat-emulsions","7":"product_cat-skin-care-products","10":"instock","11":"shipping-taxable","12":"purchasable","13":"product-type-simple","14":"product-grid-view"},"aioseo_notices":[],"_links":{"self":[{"href":"https:\/\/posana.com\/fr\/wp-json\/wp\/v2\/product\/22249","targetHints":{"allow":["GET"]}}],"collection":[{"href":"https:\/\/posana.com\/fr\/wp-json\/wp\/v2\/product"}],"about":[{"href":"https:\/\/posana.com\/fr\/wp-json\/wp\/v2\/types\/product"}],"replies":[{"embeddable":true,"href":"https:\/\/posana.com\/fr\/wp-json\/wp\/v2\/comments?post=22249"}],"version-history":[{"count":2,"href":"https:\/\/posana.com\/fr\/wp-json\/wp\/v2\/product\/22249\/revisions"}],"predecessor-version":[{"id":22329,"href":"https:\/\/posana.com\/fr\/wp-json\/wp\/v2\/product\/22249\/revisions\/22329"}],"wp:featuredmedia":[{"embeddable":true,"href":"https:\/\/posana.com\/fr\/wp-json\/wp\/v2\/media\/22328"}],"wp:attachment":[{"href":"https:\/\/posana.com\/fr\/wp-json\/wp\/v2\/media?parent=22249"}],"wp:term":[{"taxonomy":"product_brand","embeddable":true,"href":"https:\/\/posana.com\/fr\/wp-json\/wp\/v2\/product_brand?post=22249"},{"taxonomy":"product_cat","embeddable":true,"href":"https:\/\/posana.com\/fr\/wp-json\/wp\/v2\/product_cat?post=22249"},{"taxonomy":"product_tag","embeddable":true,"href":"https:\/\/posana.com\/fr\/wp-json\/wp\/v2\/product_tag?post=22249"},{"taxonomy":"mwb_booking_cost","embeddable":true,"href":"https:\/\/posana.com\/fr\/wp-json\/wp\/v2\/mwb_booking_cost?post=22249"},{"taxonomy":"mwb_booking_service","embeddable":true,"href":"https:\/\/posana.com\/fr\/wp-json\/wp\/v2\/mwb_booking_service?post=22249"}],"curies":[{"name":"wp","href":"https:\/\/api.w.org\/{rel}","templated":true}]}}