{"id":22248,"date":"2024-12-23T15:13:54","date_gmt":"2024-12-23T15:13:54","guid":{"rendered":"https:\/\/posana.com\/?post_type=product&#038;p=22248"},"modified":"2025-01-08T13:30:49","modified_gmt":"2025-01-08T13:30:49","slug":"dry-skin-cream-200ml","status":"publish","type":"product","link":"https:\/\/posana.com\/fr\/produit\/dry-skin-cream-200ml\/","title":{"rendered":"Cr\u00e8me s\u00e8che pour la peau 200ml"},"content":{"rendered":"<ul>\n<li>R\u00e9gule et nourrit l'\u00e9piderme. Equilibre le film hydrolipidique. Prot\u00e8ge la peau des rayons UV nocifs qui contribuent au vieillissement pr\u00e9matur\u00e9. Avec une application r\u00e9guli\u00e8re, la peau est laiss\u00e9e douce, souple et \u00e9clatante.<\/li>\n<\/ul>","protected":false},"excerpt":{"rendered":"<p>R\u00e9gule et nourrit l'\u00e9piderme. Equilibre le film hydrolipidique. Prot\u00e8ge la peau des rayons UV nocifs qui contribuent au vieillissement pr\u00e9matur\u00e9. Avec une application r\u00e9guli\u00e8re, la peau est laiss\u00e9e douce, souple et \u00e9clatante.<\/p>","protected":false},"featured_media":22327,"comment_status":"open","ping_status":"closed","template":"","meta":{"om_disable_all_campaigns":false,"_monsterinsights_skip_tracking":false,"_monsterinsights_sitenote_active":false,"_monsterinsights_sitenote_note":"","_monsterinsights_sitenote_category":0},"product_brand":[],"product_cat":[133,61],"product_tag":[],"mwb_booking_cost":[],"mwb_booking_service":[],"class_list":{"0":"post-22248","1":"product","2":"type-product","3":"status-publish","4":"has-post-thumbnail","6":"product_cat-emulsions","7":"product_cat-skin-care-products","10":"instock","11":"shipping-taxable","12":"purchasable","13":"product-type-simple","14":"product-grid-view"},"aioseo_notices":[],"_links":{"self":[{"href":"https:\/\/posana.com\/fr\/wp-json\/wp\/v2\/product\/22248","targetHints":{"allow":["GET"]}}],"collection":[{"href":"https:\/\/posana.com\/fr\/wp-json\/wp\/v2\/product"}],"about":[{"href":"https:\/\/posana.com\/fr\/wp-json\/wp\/v2\/types\/product"}],"replies":[{"embeddable":true,"href":"https:\/\/posana.com\/fr\/wp-json\/wp\/v2\/comments?post=22248"}],"version-history":[{"count":2,"href":"https:\/\/posana.com\/fr\/wp-json\/wp\/v2\/product\/22248\/revisions"}],"predecessor-version":[{"id":22330,"href":"https:\/\/posana.com\/fr\/wp-json\/wp\/v2\/product\/22248\/revisions\/22330"}],"wp:featuredmedia":[{"embeddable":true,"href":"https:\/\/posana.com\/fr\/wp-json\/wp\/v2\/media\/22327"}],"wp:attachment":[{"href":"https:\/\/posana.com\/fr\/wp-json\/wp\/v2\/media?parent=22248"}],"wp:term":[{"taxonomy":"product_brand","embeddable":true,"href":"https:\/\/posana.com\/fr\/wp-json\/wp\/v2\/product_brand?post=22248"},{"taxonomy":"product_cat","embeddable":true,"href":"https:\/\/posana.com\/fr\/wp-json\/wp\/v2\/product_cat?post=22248"},{"taxonomy":"product_tag","embeddable":true,"href":"https:\/\/posana.com\/fr\/wp-json\/wp\/v2\/product_tag?post=22248"},{"taxonomy":"mwb_booking_cost","embeddable":true,"href":"https:\/\/posana.com\/fr\/wp-json\/wp\/v2\/mwb_booking_cost?post=22248"},{"taxonomy":"mwb_booking_service","embeddable":true,"href":"https:\/\/posana.com\/fr\/wp-json\/wp\/v2\/mwb_booking_service?post=22248"}],"curies":[{"name":"wp","href":"https:\/\/api.w.org\/{rel}","templated":true}]}}