{"id":22242,"date":"2024-12-23T15:13:54","date_gmt":"2024-12-23T15:13:54","guid":{"rendered":"https:\/\/posana.com\/?post_type=product&#038;p=22242"},"modified":"2024-12-23T16:56:57","modified_gmt":"2024-12-23T16:56:57","slug":"detoxifying-bath-oil-lf-100ml","status":"publish","type":"product","link":"https:\/\/posana.com\/fr\/produit\/detoxifying-bath-oil-lf-100ml\/","title":{"rendered":"Huile de bain d\u00e9toxifiante (LF) 100ml"},"content":{"rendered":"<p>Bain d\u00e9toxifiant et anti-impuret\u00e9s D\u00e9toxifie la peau. \u00c9limine les impuret\u00e9s tout en permettant \u00e0 la peau de respirer et de retrouver sa douceur naturelle. Excellent pour la peau intoxiqu\u00e9e, les impuret\u00e9s (boutons), l'acn\u00e9 au dos et une mauvaise circulation (toxicit\u00e9).<\/p>","protected":false},"excerpt":{"rendered":"<p>Bain d\u00e9toxifiant et anti-impuret\u00e9s D\u00e9toxifie la peau. \u00c9limine les impuret\u00e9s tout en permettant \u00e0 la peau de respirer et de retrouver sa douceur naturelle. Excellent pour la peau intoxiqu\u00e9e, les impuret\u00e9s (boutons), l'acn\u00e9 au dos et une mauvaise circulation (toxicit\u00e9).<\/p>","protected":false},"featured_media":22317,"comment_status":"open","ping_status":"closed","template":"","meta":{"om_disable_all_campaigns":false,"_monsterinsights_skip_tracking":false,"_monsterinsights_sitenote_active":false,"_monsterinsights_sitenote_note":"","_monsterinsights_sitenote_category":0},"product_brand":[],"product_cat":[102],"product_tag":[],"mwb_booking_cost":[],"mwb_booking_service":[],"class_list":{"0":"post-22242","1":"product","2":"type-product","3":"status-publish","4":"has-post-thumbnail","6":"product_cat-skin-care-products-body-care-products","9":"instock","10":"shipping-taxable","11":"purchasable","12":"product-type-simple","13":"product-grid-view"},"aioseo_notices":[],"_links":{"self":[{"href":"https:\/\/posana.com\/fr\/wp-json\/wp\/v2\/product\/22242","targetHints":{"allow":["GET"]}}],"collection":[{"href":"https:\/\/posana.com\/fr\/wp-json\/wp\/v2\/product"}],"about":[{"href":"https:\/\/posana.com\/fr\/wp-json\/wp\/v2\/types\/product"}],"replies":[{"embeddable":true,"href":"https:\/\/posana.com\/fr\/wp-json\/wp\/v2\/comments?post=22242"}],"version-history":[{"count":2,"href":"https:\/\/posana.com\/fr\/wp-json\/wp\/v2\/product\/22242\/revisions"}],"predecessor-version":[{"id":22319,"href":"https:\/\/posana.com\/fr\/wp-json\/wp\/v2\/product\/22242\/revisions\/22319"}],"wp:featuredmedia":[{"embeddable":true,"href":"https:\/\/posana.com\/fr\/wp-json\/wp\/v2\/media\/22317"}],"wp:attachment":[{"href":"https:\/\/posana.com\/fr\/wp-json\/wp\/v2\/media?parent=22242"}],"wp:term":[{"taxonomy":"product_brand","embeddable":true,"href":"https:\/\/posana.com\/fr\/wp-json\/wp\/v2\/product_brand?post=22242"},{"taxonomy":"product_cat","embeddable":true,"href":"https:\/\/posana.com\/fr\/wp-json\/wp\/v2\/product_cat?post=22242"},{"taxonomy":"product_tag","embeddable":true,"href":"https:\/\/posana.com\/fr\/wp-json\/wp\/v2\/product_tag?post=22242"},{"taxonomy":"mwb_booking_cost","embeddable":true,"href":"https:\/\/posana.com\/fr\/wp-json\/wp\/v2\/mwb_booking_cost?post=22242"},{"taxonomy":"mwb_booking_service","embeddable":true,"href":"https:\/\/posana.com\/fr\/wp-json\/wp\/v2\/mwb_booking_service?post=22242"}],"curies":[{"name":"wp","href":"https:\/\/api.w.org\/{rel}","templated":true}]}}