{"id":22239,"date":"2024-12-23T15:13:54","date_gmt":"2024-12-23T15:13:54","guid":{"rendered":"https:\/\/posana.com\/?post_type=product&#038;p=22239"},"modified":"2025-03-09T21:26:49","modified_gmt":"2025-03-09T21:26:49","slug":"duo-cuvee-prestige-new","status":"publish","type":"product","link":"https:\/\/posana.com\/fr\/produit\/duo-cuvee-prestige-new\/","title":{"rendered":"DUO Cuv\u00e9e Prestige"},"content":{"rendered":"<p>Promo sp\u00e9ciale avec l'achat du Set Cuv\u00e9e Prestige. Prix r\u00e9gulier : 500 $. Profitez d'un rabais de 40%.<\/p>","protected":false},"excerpt":{"rendered":"<p>anti-\u00e2ge<\/p>","protected":false},"featured_media":22311,"comment_status":"open","ping_status":"closed","template":"","meta":{"om_disable_all_campaigns":false,"_monsterinsights_skip_tracking":false,"_monsterinsights_sitenote_active":false,"_monsterinsights_sitenote_note":"","_monsterinsights_sitenote_category":0},"product_brand":[206],"product_cat":[61],"product_tag":[],"mwb_booking_cost":[],"mwb_booking_service":[],"class_list":{"0":"post-22239","1":"product","2":"type-product","3":"status-publish","4":"has-post-thumbnail","6":"product_brand-klapp","7":"product_cat-skin-care-products","10":"instock","11":"shipping-taxable","12":"purchasable","13":"product-type-simple","14":"product-grid-view"},"aioseo_notices":[],"_links":{"self":[{"href":"https:\/\/posana.com\/fr\/wp-json\/wp\/v2\/product\/22239","targetHints":{"allow":["GET"]}}],"collection":[{"href":"https:\/\/posana.com\/fr\/wp-json\/wp\/v2\/product"}],"about":[{"href":"https:\/\/posana.com\/fr\/wp-json\/wp\/v2\/types\/product"}],"replies":[{"embeddable":true,"href":"https:\/\/posana.com\/fr\/wp-json\/wp\/v2\/comments?post=22239"}],"version-history":[{"count":4,"href":"https:\/\/posana.com\/fr\/wp-json\/wp\/v2\/product\/22239\/revisions"}],"predecessor-version":[{"id":24860,"href":"https:\/\/posana.com\/fr\/wp-json\/wp\/v2\/product\/22239\/revisions\/24860"}],"wp:featuredmedia":[{"embeddable":true,"href":"https:\/\/posana.com\/fr\/wp-json\/wp\/v2\/media\/22311"}],"wp:attachment":[{"href":"https:\/\/posana.com\/fr\/wp-json\/wp\/v2\/media?parent=22239"}],"wp:term":[{"taxonomy":"product_brand","embeddable":true,"href":"https:\/\/posana.com\/fr\/wp-json\/wp\/v2\/product_brand?post=22239"},{"taxonomy":"product_cat","embeddable":true,"href":"https:\/\/posana.com\/fr\/wp-json\/wp\/v2\/product_cat?post=22239"},{"taxonomy":"product_tag","embeddable":true,"href":"https:\/\/posana.com\/fr\/wp-json\/wp\/v2\/product_tag?post=22239"},{"taxonomy":"mwb_booking_cost","embeddable":true,"href":"https:\/\/posana.com\/fr\/wp-json\/wp\/v2\/mwb_booking_cost?post=22239"},{"taxonomy":"mwb_booking_service","embeddable":true,"href":"https:\/\/posana.com\/fr\/wp-json\/wp\/v2\/mwb_booking_service?post=22239"}],"curies":[{"name":"wp","href":"https:\/\/api.w.org\/{rel}","templated":true}]}}