{"id":22238,"date":"2024-12-23T15:13:54","date_gmt":"2024-12-23T15:13:54","guid":{"rendered":"https:\/\/posana.com\/?post_type=product&#038;p=22238"},"modified":"2024-12-23T18:15:31","modified_gmt":"2024-12-23T18:15:31","slug":"dreamliner","status":"publish","type":"product","link":"https:\/\/posana.com\/fr\/produit\/dreamliner\/","title":{"rendered":"DR\u00c9AMLINER"},"content":{"rendered":"<p>Voici l&#8217;ultime Dreamliner d&#8217;EyeEnvy. Obtenez le look d\u00e9sir\u00e9 gr\u00e2ce au kh\u00f4l, un ancien ingr\u00e9dient s\u00e9duisant qui vous permet d&#8217;avoir la couleur la plus intense sur les yeux. Avec sa pointe super fine de 1.5mm, il est con\u00e7u pour s&#8217;immiscer facilement entre les cils et cr\u00e9er une ligne ail\u00e9e parfaite. Sa polyvalence vous permet de cr\u00e9er diff\u00e9rents styles et d&#8217;avoir les yeux s\u00e9duisant pendant des heures.<\/p>","protected":false},"excerpt":{"rendered":"<p>Voici l&#8217;ultime Dreamliner d&#8217;EyeEnvy. Obtenez le look d\u00e9sir\u00e9 gr\u00e2ce au kh\u00f4l, un ancien ingr\u00e9dient s\u00e9duisant qui vous permet d&#8217;avoir la couleur la plus intense sur les yeux. Avec sa pointe super fine de 1.5mm, il est con\u00e7u pour s&#8217;immiscer facilement entre les cils et cr\u00e9er une ligne ail\u00e9e parfaite. Sa polyvalence vous permet de cr\u00e9er [&hellip;]<\/p>\n","protected":false},"featured_media":22309,"comment_status":"open","ping_status":"closed","template":"","meta":{"om_disable_all_campaigns":false,"_monsterinsights_skip_tracking":false,"_monsterinsights_sitenote_active":false,"_monsterinsights_sitenote_note":"","_monsterinsights_sitenote_category":0},"product_brand":[],"product_cat":[63],"product_tag":[],"mwb_booking_cost":[],"mwb_booking_service":[],"class_list":{"0":"post-22238","1":"product","2":"type-product","3":"status-publish","4":"has-post-thumbnail","6":"product_cat-beauty-essentials","9":"instock","10":"shipping-taxable","11":"purchasable","12":"product-type-simple","13":"product-grid-view"},"aioseo_notices":[],"_links":{"self":[{"href":"https:\/\/posana.com\/fr\/wp-json\/wp\/v2\/product\/22238","targetHints":{"allow":["GET"]}}],"collection":[{"href":"https:\/\/posana.com\/fr\/wp-json\/wp\/v2\/product"}],"about":[{"href":"https:\/\/posana.com\/fr\/wp-json\/wp\/v2\/types\/product"}],"replies":[{"embeddable":true,"href":"https:\/\/posana.com\/fr\/wp-json\/wp\/v2\/comments?post=22238"}],"version-history":[{"count":2,"href":"https:\/\/posana.com\/fr\/wp-json\/wp\/v2\/product\/22238\/revisions"}],"predecessor-version":[{"id":22310,"href":"https:\/\/posana.com\/fr\/wp-json\/wp\/v2\/product\/22238\/revisions\/22310"}],"wp:featuredmedia":[{"embeddable":true,"href":"https:\/\/posana.com\/fr\/wp-json\/wp\/v2\/media\/22309"}],"wp:attachment":[{"href":"https:\/\/posana.com\/fr\/wp-json\/wp\/v2\/media?parent=22238"}],"wp:term":[{"taxonomy":"product_brand","embeddable":true,"href":"https:\/\/posana.com\/fr\/wp-json\/wp\/v2\/product_brand?post=22238"},{"taxonomy":"product_cat","embeddable":true,"href":"https:\/\/posana.com\/fr\/wp-json\/wp\/v2\/product_cat?post=22238"},{"taxonomy":"product_tag","embeddable":true,"href":"https:\/\/posana.com\/fr\/wp-json\/wp\/v2\/product_tag?post=22238"},{"taxonomy":"mwb_booking_cost","embeddable":true,"href":"https:\/\/posana.com\/fr\/wp-json\/wp\/v2\/mwb_booking_cost?post=22238"},{"taxonomy":"mwb_booking_service","embeddable":true,"href":"https:\/\/posana.com\/fr\/wp-json\/wp\/v2\/mwb_booking_service?post=22238"}],"curies":[{"name":"wp","href":"https:\/\/api.w.org\/{rel}","templated":true}]}}