{"id":22237,"date":"2024-12-23T15:13:54","date_gmt":"2024-12-23T15:13:54","guid":{"rendered":"https:\/\/posana.com\/?post_type=product&#038;p=22237"},"modified":"2025-02-07T18:23:41","modified_gmt":"2025-02-07T18:23:41","slug":"diffusaroma-standard-glass","status":"publish","type":"product","link":"https:\/\/posana.com\/fr\/produit\/diffusaroma-standard-glass\/","title":{"rendered":"DIFFUSAROMA Standard Glass"},"content":{"rendered":"<p>Ce mod\u00e8le de diffuseur standard est fait de verre scientifique transparent.<\/p>\n<p>Comment diffuser nos pr\u00e9cieuses huiles essentielles et synergies ?<\/p>\n<p>Le diffuseur DIFFUSAROMA \u2122 travaille avec n\u00e9bulisation, qui est consid\u00e9r\u00e9 comme le moyen le plus efficace de diffuser les huiles essentielles, de purifier l'air, tout en cr\u00e9ant une atmosph\u00e8re agr\u00e9able, de faire un cadeau ou pour un grand espace.<\/p>\n<p>L\u2019air ambiant est mis sous pression puis souffl\u00e9 dans une minuscule pipette qui a pour effet de conduire les huiles essentielles et de les transformer en un nuage qui va se propager dans votre espace de vie.<\/p>\n<p>Il existe plusieurs fa\u00e7ons de diffuser les huiles essentielles mais la n\u00e9bulisation reste la m\u00e9thode qui d\u00e9forme le moins les ingr\u00e9dients actifs des huiles, ils ne sont pas chauff\u00e9s ou m\u00e9lang\u00e9s \u00e0 de l'eau (il n'est pas possible de m\u00e9langer les huiles essentielles et l'eau), c'est la combinaison id\u00e9ale pour une diffusion parfaite dans un but th\u00e9rapeutique.<\/p>\n<p>*La pompe est tr\u00e8s calme et est id\u00e9ale pour un usage domestique.<\/p>\n<p>* La pompe est ins\u00e9r\u00e9e \u00e0 l'int\u00e9rieur de la base en bois.<\/p>\n<p>* La base en bois est \u00e9quip\u00e9e d'un interrupteur, nous vous conseillons de toujours la tourner au maximum, pour une optimisation de la diffusion.<\/p>\n<p>* Cette pompe n'est pas con\u00e7ue pour \u00eatre utilis\u00e9e plus de 2 heures par jour.<\/p>\n<p>Compte tenu de la puissance de diffusion de pulv\u00e9risation, nous vous recommandons d'utiliser 10 \u00e0 15 minutes \u00e0 la fois, 2 \u00e0 3 fois par jour maximum.<\/p>\n<p>Anthony Wright, l'un des rares souffleurs de verre scientifiques, a cr\u00e9\u00e9 pour nous cette gamme de verrerie en forme de colibri.<\/p>\n<p>Cela commence avec l\u2019un des verres boro-sylicates les plus durs pour cr\u00e9er un diffuseur d\u00e9licat qui trouvera facilement sa place \u00e0 la maison ou sur votre lieu de travail pour diffuser nos pr\u00e9cieuses synergies.<\/p>\n<p>=&gt; Veuillez noter que chaque verrerie est unique, \u00e9tant faite \u00e0 la main.<\/p>","protected":false},"excerpt":{"rendered":"<p>This model of standard diffuser is made of transparent scientific glass. How to spread our precious essential oils and synergies? The DIFFUSAROMA\u2122 diffuser works with nebulization, which is considered the most effective way to diffuse essential oils, to purify the air, while creating a pleasant atmosphere, to make a gift or for a large space. [&hellip;]<\/p>\n","protected":false},"featured_media":22307,"comment_status":"open","ping_status":"closed","template":"","meta":{"om_disable_all_campaigns":false,"_monsterinsights_skip_tracking":false,"_monsterinsights_sitenote_active":false,"_monsterinsights_sitenote_note":"","_monsterinsights_sitenote_category":0},"product_brand":[],"product_cat":[107],"product_tag":[],"mwb_booking_cost":[],"mwb_booking_service":[],"class_list":{"0":"post-22237","1":"product","2":"type-product","3":"status-publish","4":"has-post-thumbnail","6":"product_cat-other-others-products-essentials-oils","9":"instock","10":"shipping-taxable","11":"purchasable","12":"product-type-simple","13":"product-grid-view"},"aioseo_notices":[],"_links":{"self":[{"href":"https:\/\/posana.com\/fr\/wp-json\/wp\/v2\/product\/22237","targetHints":{"allow":["GET"]}}],"collection":[{"href":"https:\/\/posana.com\/fr\/wp-json\/wp\/v2\/product"}],"about":[{"href":"https:\/\/posana.com\/fr\/wp-json\/wp\/v2\/types\/product"}],"replies":[{"embeddable":true,"href":"https:\/\/posana.com\/fr\/wp-json\/wp\/v2\/comments?post=22237"}],"version-history":[{"count":2,"href":"https:\/\/posana.com\/fr\/wp-json\/wp\/v2\/product\/22237\/revisions"}],"predecessor-version":[{"id":22308,"href":"https:\/\/posana.com\/fr\/wp-json\/wp\/v2\/product\/22237\/revisions\/22308"}],"wp:featuredmedia":[{"embeddable":true,"href":"https:\/\/posana.com\/fr\/wp-json\/wp\/v2\/media\/22307"}],"wp:attachment":[{"href":"https:\/\/posana.com\/fr\/wp-json\/wp\/v2\/media?parent=22237"}],"wp:term":[{"taxonomy":"product_brand","embeddable":true,"href":"https:\/\/posana.com\/fr\/wp-json\/wp\/v2\/product_brand?post=22237"},{"taxonomy":"product_cat","embeddable":true,"href":"https:\/\/posana.com\/fr\/wp-json\/wp\/v2\/product_cat?post=22237"},{"taxonomy":"product_tag","embeddable":true,"href":"https:\/\/posana.com\/fr\/wp-json\/wp\/v2\/product_tag?post=22237"},{"taxonomy":"mwb_booking_cost","embeddable":true,"href":"https:\/\/posana.com\/fr\/wp-json\/wp\/v2\/mwb_booking_cost?post=22237"},{"taxonomy":"mwb_booking_service","embeddable":true,"href":"https:\/\/posana.com\/fr\/wp-json\/wp\/v2\/mwb_booking_service?post=22237"}],"curies":[{"name":"wp","href":"https:\/\/api.w.org\/{rel}","templated":true}]}}