{"id":22229,"date":"2024-12-23T15:13:53","date_gmt":"2024-12-23T15:13:53","guid":{"rendered":"https:\/\/posana.com\/?post_type=product&#038;p=22229"},"modified":"2024-12-23T18:05:36","modified_gmt":"2024-12-23T18:05:36","slug":"colorlift-2-biosolar-tinted-sunscreen-spf-30","status":"publish","type":"product","link":"https:\/\/posana.com\/fr\/produit\/colorlift-2-biosolar-tinted-sunscreen-spf-30\/","title":{"rendered":"ColorLift 2 BIOSOLAR \u00c9cran solaire teint\u00e9 SPF 30"},"content":{"rendered":"<p>Cr\u00e8me teint\u00e9e organique* anti-vieillissement et teint\u00e9e, id\u00e9ale pour la peau endommag\u00e9e par le soleil, teint\u00e9e terne et in\u00e9gale avec des signes de rougeur ou de pigmentation. Ce hydratant l\u00e9ger contient des micro-pigments r\u00e9fl\u00e9chissants pour aider \u00e0 dissimuler les imperfections de la peau, pour une lueur saine instantan\u00e9e et un teint impeccable. Riche en ingr\u00e9dients dopants et stimulant le collag\u00e8ne, BioSolar ColorLift aide \u00e0 minimiser l\u2019apparence des pores et des rides tout en assurant un effet de levage progressif. Cette formule riche en min\u00e9raux SPF 30 offre un niveau \u00e9lev\u00e9 de protection contre les rayons UVA et UVB, la pollution urbaine et la lumi\u00e8re visible \u00e0 haute \u00e9nergie. La peau est laiss\u00e9e douce et hydrat\u00e9e avec un teint radieux jeune.<\/p>\n<p><strong>* COSMOS ORGANIC certifi\u00e9 par Ecocert Greenlife<\/strong><br \/>\n40% of the total ingredients are from organic farming. 98% natural origin of total.<\/p>\n<p>Avantages :<\/p>\n<p>\u2022 Assure une protection quotidienne contre les rayons UVA\/UVB et la pollution urbaine et num\u00e9rique<br \/>\n\u2022 dissimule instantan\u00e9ment les imperfections cutan\u00e9es (rougeurs, taches de pigmentation, acn\u00e9, etc.)<br \/>\n\u2022 Diminue l'apparence des rides, des cicatrices et des pores<br \/>\n\u2022 Fournit un effet de levage et de lissage<br \/>\n\u2022 Pr\u00e9serve l\u2019humidit\u00e9 et la souplesse de la peau<br \/>\n\u2022 Prot\u00e8ge la peau du vieillissement pr\u00e9matur\u00e9<\/p>\n<p>pr\u00e9occupations et conditions:<\/p>\n<p>\u2022 Tous les types de peau<br \/>\n\u2022 Peau endommag\u00e9e par le soleil<br \/>\n\u2022 Ton peau terne et in\u00e9gale<br \/>\n\u2022 Rougeur et\/ou pigmentation<\/p>\n<p>Comment tu utilise :<\/p>\n<p>\u2022 Appliquer g\u00e9n\u00e9reusement et uniform\u00e9ment 15 minutes avant l\u2019exposition au soleil. Enfants de moins de 6 mois: demandez \u00e0 un m\u00e9decin<br \/>\n\u2022 R\u00e9appliquer: Apr\u00e8s 80 minutes de natation ou de transpiration<br \/>\n\u2022 Imm\u00e9diatement apr\u00e8s s\u00e9chage de la serviette<br \/>\n\u2022 Au moins toutes les 2 heures<\/p>\n<p>Principaux ingr\u00e9dients:<\/p>\n<div>\n<ul>\n<li>Zinc oxide (non-nano) 18.4 %<\/li>\n<li>Titanium dioxide (non-nano) 2%<\/li>\n<li>Beech bud extract<\/li>\n<li>Kigelia africana extract<\/li>\n<li>Quillija saponaria bark extract<\/li>\n<li>Indian ginseng root extract<\/li>\n<li>Hyaluronic acid<\/li>\n<li>Acmella oleracea extract<\/li>\n<li>Silica<\/li>\n<li>Aloe vera gel<\/li>\n<li>Vitamin C<\/li>\n<li>Vitamin E<\/li>\n<li><\/li>\n<\/ul>\n<\/div>\n<p>&nbsp;<\/p>","protected":false},"excerpt":{"rendered":"<p>Anti-aging and tone-enhancing organic* tinted day cream, ideal for sun-damaged skin, dull and uneven complexion with signs of redness or pigmentation. This lightweight moisturizer contains light-reflecting micro-pigments to help conceal skin imperfections, for an instant healthy glow and flawless complexion. Rich in plumping and collagen-boosting ingredients, BioSolar ColorLift helps minimize the appearance of pores and [&hellip;]<\/p>\n","protected":false},"featured_media":22341,"comment_status":"open","ping_status":"closed","template":"","meta":{"om_disable_all_campaigns":false,"_monsterinsights_skip_tracking":false,"_monsterinsights_sitenote_active":false,"_monsterinsights_sitenote_note":"","_monsterinsights_sitenote_category":0},"product_brand":[],"product_cat":[61],"product_tag":[],"mwb_booking_cost":[],"mwb_booking_service":[],"class_list":{"0":"post-22229","1":"product","2":"type-product","3":"status-publish","4":"has-post-thumbnail","6":"product_cat-skin-care-products","9":"instock","10":"shipping-taxable","11":"purchasable","12":"product-type-simple","13":"product-grid-view"},"aioseo_notices":[],"_links":{"self":[{"href":"https:\/\/posana.com\/fr\/wp-json\/wp\/v2\/product\/22229","targetHints":{"allow":["GET"]}}],"collection":[{"href":"https:\/\/posana.com\/fr\/wp-json\/wp\/v2\/product"}],"about":[{"href":"https:\/\/posana.com\/fr\/wp-json\/wp\/v2\/types\/product"}],"replies":[{"embeddable":true,"href":"https:\/\/posana.com\/fr\/wp-json\/wp\/v2\/comments?post=22229"}],"version-history":[{"count":3,"href":"https:\/\/posana.com\/fr\/wp-json\/wp\/v2\/product\/22229\/revisions"}],"predecessor-version":[{"id":22430,"href":"https:\/\/posana.com\/fr\/wp-json\/wp\/v2\/product\/22229\/revisions\/22430"}],"wp:featuredmedia":[{"embeddable":true,"href":"https:\/\/posana.com\/fr\/wp-json\/wp\/v2\/media\/22341"}],"wp:attachment":[{"href":"https:\/\/posana.com\/fr\/wp-json\/wp\/v2\/media?parent=22229"}],"wp:term":[{"taxonomy":"product_brand","embeddable":true,"href":"https:\/\/posana.com\/fr\/wp-json\/wp\/v2\/product_brand?post=22229"},{"taxonomy":"product_cat","embeddable":true,"href":"https:\/\/posana.com\/fr\/wp-json\/wp\/v2\/product_cat?post=22229"},{"taxonomy":"product_tag","embeddable":true,"href":"https:\/\/posana.com\/fr\/wp-json\/wp\/v2\/product_tag?post=22229"},{"taxonomy":"mwb_booking_cost","embeddable":true,"href":"https:\/\/posana.com\/fr\/wp-json\/wp\/v2\/mwb_booking_cost?post=22229"},{"taxonomy":"mwb_booking_service","embeddable":true,"href":"https:\/\/posana.com\/fr\/wp-json\/wp\/v2\/mwb_booking_service?post=22229"}],"curies":[{"name":"wp","href":"https:\/\/api.w.org\/{rel}","templated":true}]}}