{"id":22227,"date":"2024-12-23T15:13:53","date_gmt":"2024-12-23T15:13:53","guid":{"rendered":"https:\/\/posana.com\/?post_type=product&#038;p=22227"},"modified":"2024-12-23T18:05:25","modified_gmt":"2024-12-23T18:05:25","slug":"cleansing-gel-bioacne","status":"publish","type":"product","link":"https:\/\/posana.com\/fr\/produit\/cleansing-gel-bioacne\/","title":{"rendered":"Gel nettoyant BioAcne"},"content":{"rendered":"<p>D\u00e9sulfuration, nettoyant mousse sans sulfate qui nettoie parfaitement la peau grasse et sujette \u00e0 l'acn\u00e9. Contient une synergie d'ingr\u00e9dients antibact\u00e9riens, exfoliants et anti-inflammatoires pour aider \u00e0 r\u00e9duire la gravit\u00e9 du bouton d'acn\u00e9.<\/p>","protected":false},"excerpt":{"rendered":"<p>D\u00e9sulfuration, nettoyant mousse sans sulfate qui nettoie parfaitement la peau grasse et sujette \u00e0 l'acn\u00e9. Contient une synergie d'ingr\u00e9dients antibact\u00e9riens, exfoliants et anti-inflammatoires pour aider \u00e0 r\u00e9duire la gravit\u00e9 du bouton d'acn\u00e9.<\/p>","protected":false},"featured_media":22337,"comment_status":"open","ping_status":"closed","template":"","meta":{"om_disable_all_campaigns":false,"_monsterinsights_skip_tracking":false,"_monsterinsights_sitenote_active":false,"_monsterinsights_sitenote_note":"","_monsterinsights_sitenote_category":0},"product_brand":[],"product_cat":[61],"product_tag":[],"mwb_booking_cost":[],"mwb_booking_service":[],"class_list":{"0":"post-22227","1":"product","2":"type-product","3":"status-publish","4":"has-post-thumbnail","6":"product_cat-skin-care-products","9":"instock","10":"shipping-taxable","11":"purchasable","12":"product-type-simple","13":"product-grid-view"},"aioseo_notices":[],"_links":{"self":[{"href":"https:\/\/posana.com\/fr\/wp-json\/wp\/v2\/product\/22227","targetHints":{"allow":["GET"]}}],"collection":[{"href":"https:\/\/posana.com\/fr\/wp-json\/wp\/v2\/product"}],"about":[{"href":"https:\/\/posana.com\/fr\/wp-json\/wp\/v2\/types\/product"}],"replies":[{"embeddable":true,"href":"https:\/\/posana.com\/fr\/wp-json\/wp\/v2\/comments?post=22227"}],"version-history":[{"count":2,"href":"https:\/\/posana.com\/fr\/wp-json\/wp\/v2\/product\/22227\/revisions"}],"predecessor-version":[{"id":22339,"href":"https:\/\/posana.com\/fr\/wp-json\/wp\/v2\/product\/22227\/revisions\/22339"}],"wp:featuredmedia":[{"embeddable":true,"href":"https:\/\/posana.com\/fr\/wp-json\/wp\/v2\/media\/22337"}],"wp:attachment":[{"href":"https:\/\/posana.com\/fr\/wp-json\/wp\/v2\/media?parent=22227"}],"wp:term":[{"taxonomy":"product_brand","embeddable":true,"href":"https:\/\/posana.com\/fr\/wp-json\/wp\/v2\/product_brand?post=22227"},{"taxonomy":"product_cat","embeddable":true,"href":"https:\/\/posana.com\/fr\/wp-json\/wp\/v2\/product_cat?post=22227"},{"taxonomy":"product_tag","embeddable":true,"href":"https:\/\/posana.com\/fr\/wp-json\/wp\/v2\/product_tag?post=22227"},{"taxonomy":"mwb_booking_cost","embeddable":true,"href":"https:\/\/posana.com\/fr\/wp-json\/wp\/v2\/mwb_booking_cost?post=22227"},{"taxonomy":"mwb_booking_service","embeddable":true,"href":"https:\/\/posana.com\/fr\/wp-json\/wp\/v2\/mwb_booking_service?post=22227"}],"curies":[{"name":"wp","href":"https:\/\/api.w.org\/{rel}","templated":true}]}}