{"id":22225,"date":"2024-12-23T15:13:53","date_gmt":"2024-12-23T15:13:53","guid":{"rendered":"https:\/\/posana.com\/?post_type=product&#038;p=22225"},"modified":"2024-12-23T18:05:13","modified_gmt":"2024-12-23T18:05:13","slug":"clean-active-enzyme-peeling-50-ml","status":"publish","type":"product","link":"https:\/\/posana.com\/fr\/produit\/clean-active-enzyme-peeling-50-ml\/","title":{"rendered":"Enzyme propre et actif Peeling 50 ml"},"content":{"rendered":"<p>Cette enzyme pelage est un produit nettoyant sp\u00e9cial et tr\u00e8s efficace sur la base de l'enzyme. Les cellules de la peau mortes et excit\u00e9es peuvent \u00eatre desserr\u00e9es. Il aide \u00e0 normaliser la production de s\u00e9bum et a des propri\u00e9t\u00e9s antibact\u00e9riennes. Il nettoie la peau, la rend plus sensible pour une meilleure absorption des ingr\u00e9dients de soins dans l'\u00e9piderme. La peau devient lisse et douce.<\/p>","protected":false},"excerpt":{"rendered":"<p>Cette enzyme pelage est un produit nettoyant sp\u00e9cial et tr\u00e8s efficace sur la base de l'enzyme. Les cellules de la peau mortes et excit\u00e9es peuvent \u00eatre desserr\u00e9es. Il aide \u00e0 normaliser la production de s\u00e9bum et a des propri\u00e9t\u00e9s antibact\u00e9riennes. Il nettoie la peau, la rend plus sensible pour une meilleure absorption des ingr\u00e9dients de soins dans l'\u00e9piderme. La peau devient lisse et douce.<\/p>","protected":false},"featured_media":22334,"comment_status":"open","ping_status":"closed","template":"","meta":{"om_disable_all_campaigns":false,"_monsterinsights_skip_tracking":false,"_monsterinsights_sitenote_active":false,"_monsterinsights_sitenote_note":"","_monsterinsights_sitenote_category":0},"product_brand":[],"product_cat":[61],"product_tag":[],"mwb_booking_cost":[],"mwb_booking_service":[],"class_list":{"0":"post-22225","1":"product","2":"type-product","3":"status-publish","4":"has-post-thumbnail","6":"product_cat-skin-care-products","9":"instock","10":"shipping-taxable","11":"purchasable","12":"product-type-simple","13":"product-grid-view"},"aioseo_notices":[],"_links":{"self":[{"href":"https:\/\/posana.com\/fr\/wp-json\/wp\/v2\/product\/22225","targetHints":{"allow":["GET"]}}],"collection":[{"href":"https:\/\/posana.com\/fr\/wp-json\/wp\/v2\/product"}],"about":[{"href":"https:\/\/posana.com\/fr\/wp-json\/wp\/v2\/types\/product"}],"replies":[{"embeddable":true,"href":"https:\/\/posana.com\/fr\/wp-json\/wp\/v2\/comments?post=22225"}],"version-history":[{"count":2,"href":"https:\/\/posana.com\/fr\/wp-json\/wp\/v2\/product\/22225\/revisions"}],"predecessor-version":[{"id":22335,"href":"https:\/\/posana.com\/fr\/wp-json\/wp\/v2\/product\/22225\/revisions\/22335"}],"wp:featuredmedia":[{"embeddable":true,"href":"https:\/\/posana.com\/fr\/wp-json\/wp\/v2\/media\/22334"}],"wp:attachment":[{"href":"https:\/\/posana.com\/fr\/wp-json\/wp\/v2\/media?parent=22225"}],"wp:term":[{"taxonomy":"product_brand","embeddable":true,"href":"https:\/\/posana.com\/fr\/wp-json\/wp\/v2\/product_brand?post=22225"},{"taxonomy":"product_cat","embeddable":true,"href":"https:\/\/posana.com\/fr\/wp-json\/wp\/v2\/product_cat?post=22225"},{"taxonomy":"product_tag","embeddable":true,"href":"https:\/\/posana.com\/fr\/wp-json\/wp\/v2\/product_tag?post=22225"},{"taxonomy":"mwb_booking_cost","embeddable":true,"href":"https:\/\/posana.com\/fr\/wp-json\/wp\/v2\/mwb_booking_cost?post=22225"},{"taxonomy":"mwb_booking_service","embeddable":true,"href":"https:\/\/posana.com\/fr\/wp-json\/wp\/v2\/mwb_booking_service?post=22225"}],"curies":[{"name":"wp","href":"https:\/\/api.w.org\/{rel}","templated":true}]}}