{"id":22191,"date":"2024-12-23T15:13:49","date_gmt":"2024-12-23T15:13:49","guid":{"rendered":"https:\/\/posana.com\/?post_type=product&#038;p=22191"},"modified":"2024-12-23T18:03:15","modified_gmt":"2024-12-23T18:03:15","slug":"chrono-repair-white-serum-intensificateur-15ml","status":"publish","type":"product","link":"https:\/\/posana.com\/fr\/produit\/chrono-repair-white-serum-intensificateur-15ml\/","title":{"rendered":"Chrono Repair White S\u00e9rum Intensificateur 15ml"},"content":{"rendered":"<p>Intensification du s\u00e9rum Contient un complexe blanchissant hautement concentr\u00e9 qui inhibe la production de m\u00e9lanine. Active pendant la nuit pour \u00e9claircir et m\u00eame la tonalit\u00e9 de la peau. Hydrate et prot\u00e8ge la peau contre les agressions environnementales quotidiennes. Rend imm\u00e9diatement un ton de peau clair et uniforme.<\/p>","protected":false},"excerpt":{"rendered":"<p>Intensification du s\u00e9rum Contient un complexe blanchissant hautement concentr\u00e9 qui inhibe la production de m\u00e9lanine. Active pendant la nuit pour \u00e9claircir et m\u00eame la tonalit\u00e9 de la peau. Hydrate et prot\u00e8ge la peau contre les agressions environnementales quotidiennes. Rend imm\u00e9diatement un ton de peau clair et uniforme.<\/p>","protected":false},"featured_media":0,"comment_status":"open","ping_status":"closed","template":"","meta":{"om_disable_all_campaigns":false,"_monsterinsights_skip_tracking":false,"_monsterinsights_sitenote_active":false,"_monsterinsights_sitenote_note":"","_monsterinsights_sitenote_category":0},"product_brand":[],"product_cat":[61],"product_tag":[],"mwb_booking_cost":[],"mwb_booking_service":[],"class_list":{"0":"post-22191","1":"product","2":"type-product","3":"status-publish","5":"product_cat-skin-care-products","8":"instock","9":"shipping-taxable","10":"purchasable","11":"product-type-simple","12":"product-grid-view"},"aioseo_notices":[],"_links":{"self":[{"href":"https:\/\/posana.com\/fr\/wp-json\/wp\/v2\/product\/22191","targetHints":{"allow":["GET"]}}],"collection":[{"href":"https:\/\/posana.com\/fr\/wp-json\/wp\/v2\/product"}],"about":[{"href":"https:\/\/posana.com\/fr\/wp-json\/wp\/v2\/types\/product"}],"replies":[{"embeddable":true,"href":"https:\/\/posana.com\/fr\/wp-json\/wp\/v2\/comments?post=22191"}],"version-history":[{"count":1,"href":"https:\/\/posana.com\/fr\/wp-json\/wp\/v2\/product\/22191\/revisions"}],"predecessor-version":[{"id":22221,"href":"https:\/\/posana.com\/fr\/wp-json\/wp\/v2\/product\/22191\/revisions\/22221"}],"wp:attachment":[{"href":"https:\/\/posana.com\/fr\/wp-json\/wp\/v2\/media?parent=22191"}],"wp:term":[{"taxonomy":"product_brand","embeddable":true,"href":"https:\/\/posana.com\/fr\/wp-json\/wp\/v2\/product_brand?post=22191"},{"taxonomy":"product_cat","embeddable":true,"href":"https:\/\/posana.com\/fr\/wp-json\/wp\/v2\/product_cat?post=22191"},{"taxonomy":"product_tag","embeddable":true,"href":"https:\/\/posana.com\/fr\/wp-json\/wp\/v2\/product_tag?post=22191"},{"taxonomy":"mwb_booking_cost","embeddable":true,"href":"https:\/\/posana.com\/fr\/wp-json\/wp\/v2\/mwb_booking_cost?post=22191"},{"taxonomy":"mwb_booking_service","embeddable":true,"href":"https:\/\/posana.com\/fr\/wp-json\/wp\/v2\/mwb_booking_service?post=22191"}],"curies":[{"name":"wp","href":"https:\/\/api.w.org\/{rel}","templated":true}]}}