{"id":22189,"date":"2024-12-23T15:13:49","date_gmt":"2024-12-23T15:13:49","guid":{"rendered":"https:\/\/posana.com\/?post_type=product&#038;p=22189"},"modified":"2025-01-08T13:29:02","modified_gmt":"2025-01-08T13:29:02","slug":"chrono-repair-white-day-cream-50ml","status":"publish","type":"product","link":"https:\/\/posana.com\/fr\/produit\/chrono-repair-white-day-cream-50ml\/","title":{"rendered":"Chrono Repair White Day Cream 50ml"},"content":{"rendered":"<p>Cr\u00e8me de jour Soignez et prot\u00e9gez la peau contre les agressions environnementales quotidiennes. Renvoie un ton clair et uniforme de la peau. Cette cr\u00e8me de traitement contient un complexe blanchissant qui inhibe la production de m\u00e9lanine. Prot\u00e8ge contre les rayons UVA\/UVB nocifs du soleil.<\/p>","protected":false},"excerpt":{"rendered":"<p>Cr\u00e8me de jour Soignez et prot\u00e9gez la peau contre les agressions environnementales quotidiennes. Renvoie un ton clair et uniforme de la peau. Cette cr\u00e8me de traitement contient un complexe blanchissant qui inhibe la production de m\u00e9lanine. Prot\u00e8ge contre les rayons UVA\/UVB nocifs du soleil.<\/p>","protected":false},"featured_media":22359,"comment_status":"open","ping_status":"closed","template":"","meta":{"om_disable_all_campaigns":false,"_monsterinsights_skip_tracking":false,"_monsterinsights_sitenote_active":false,"_monsterinsights_sitenote_note":"","_monsterinsights_sitenote_category":0},"product_brand":[],"product_cat":[133,61],"product_tag":[],"mwb_booking_cost":[],"mwb_booking_service":[],"class_list":{"0":"post-22189","1":"product","2":"type-product","3":"status-publish","4":"has-post-thumbnail","6":"product_cat-emulsions","7":"product_cat-skin-care-products","10":"instock","11":"shipping-taxable","12":"purchasable","13":"product-type-simple","14":"product-grid-view"},"aioseo_notices":[],"_links":{"self":[{"href":"https:\/\/posana.com\/fr\/wp-json\/wp\/v2\/product\/22189","targetHints":{"allow":["GET"]}}],"collection":[{"href":"https:\/\/posana.com\/fr\/wp-json\/wp\/v2\/product"}],"about":[{"href":"https:\/\/posana.com\/fr\/wp-json\/wp\/v2\/types\/product"}],"replies":[{"embeddable":true,"href":"https:\/\/posana.com\/fr\/wp-json\/wp\/v2\/comments?post=22189"}],"version-history":[{"count":1,"href":"https:\/\/posana.com\/fr\/wp-json\/wp\/v2\/product\/22189\/revisions"}],"predecessor-version":[{"id":22219,"href":"https:\/\/posana.com\/fr\/wp-json\/wp\/v2\/product\/22189\/revisions\/22219"}],"wp:featuredmedia":[{"embeddable":true,"href":"https:\/\/posana.com\/fr\/wp-json\/wp\/v2\/media\/22359"}],"wp:attachment":[{"href":"https:\/\/posana.com\/fr\/wp-json\/wp\/v2\/media?parent=22189"}],"wp:term":[{"taxonomy":"product_brand","embeddable":true,"href":"https:\/\/posana.com\/fr\/wp-json\/wp\/v2\/product_brand?post=22189"},{"taxonomy":"product_cat","embeddable":true,"href":"https:\/\/posana.com\/fr\/wp-json\/wp\/v2\/product_cat?post=22189"},{"taxonomy":"product_tag","embeddable":true,"href":"https:\/\/posana.com\/fr\/wp-json\/wp\/v2\/product_tag?post=22189"},{"taxonomy":"mwb_booking_cost","embeddable":true,"href":"https:\/\/posana.com\/fr\/wp-json\/wp\/v2\/mwb_booking_cost?post=22189"},{"taxonomy":"mwb_booking_service","embeddable":true,"href":"https:\/\/posana.com\/fr\/wp-json\/wp\/v2\/mwb_booking_service?post=22189"}],"curies":[{"name":"wp","href":"https:\/\/api.w.org\/{rel}","templated":true}]}}