{"id":22188,"date":"2024-12-23T15:13:49","date_gmt":"2024-12-23T15:13:49","guid":{"rendered":"https:\/\/posana.com\/?post_type=product&#038;p=22188"},"modified":"2024-12-23T17:25:35","modified_gmt":"2024-12-23T17:25:35","slug":"chrono-repair-white-cleansing-lotion","status":"publish","type":"product","link":"https:\/\/posana.com\/fr\/produit\/chrono-repair-white-cleansing-lotion\/","title":{"rendered":"Chrono Repair White Cleansing Lotion"},"content":{"rendered":"<p>pH r\u00e9gulant astringent. Clarification Formule sp\u00e9cialement con\u00e7ue pour renforcer l'action de la ligne Chrono Repair. \u00c9limine les r\u00e9sidus et les cellules mortes de la surface de la peau.<\/p>","protected":false},"excerpt":{"rendered":"<p>pH r\u00e9gulant astringent. Clarification Formule sp\u00e9cialement con\u00e7ue pour renforcer l'action de la ligne Chrono Repair. \u00c9limine les r\u00e9sidus et les cellules mortes de la surface de la peau.<\/p>","protected":false},"featured_media":22358,"comment_status":"open","ping_status":"closed","template":"","meta":{"om_disable_all_campaigns":false,"_monsterinsights_skip_tracking":false,"_monsterinsights_sitenote_active":false,"_monsterinsights_sitenote_note":"","_monsterinsights_sitenote_category":0},"product_brand":[],"product_cat":[108],"product_tag":[],"mwb_booking_cost":[],"mwb_booking_service":[],"class_list":{"0":"post-22188","1":"product","2":"type-product","3":"status-publish","4":"has-post-thumbnail","6":"product_cat-skin-care-products-toner","9":"instock","10":"shipping-taxable","11":"purchasable","12":"product-type-simple","13":"product-grid-view"},"aioseo_notices":[],"_links":{"self":[{"href":"https:\/\/posana.com\/fr\/wp-json\/wp\/v2\/product\/22188","targetHints":{"allow":["GET"]}}],"collection":[{"href":"https:\/\/posana.com\/fr\/wp-json\/wp\/v2\/product"}],"about":[{"href":"https:\/\/posana.com\/fr\/wp-json\/wp\/v2\/types\/product"}],"replies":[{"embeddable":true,"href":"https:\/\/posana.com\/fr\/wp-json\/wp\/v2\/comments?post=22188"}],"version-history":[{"count":2,"href":"https:\/\/posana.com\/fr\/wp-json\/wp\/v2\/product\/22188\/revisions"}],"predecessor-version":[{"id":22357,"href":"https:\/\/posana.com\/fr\/wp-json\/wp\/v2\/product\/22188\/revisions\/22357"}],"wp:featuredmedia":[{"embeddable":true,"href":"https:\/\/posana.com\/fr\/wp-json\/wp\/v2\/media\/22358"}],"wp:attachment":[{"href":"https:\/\/posana.com\/fr\/wp-json\/wp\/v2\/media?parent=22188"}],"wp:term":[{"taxonomy":"product_brand","embeddable":true,"href":"https:\/\/posana.com\/fr\/wp-json\/wp\/v2\/product_brand?post=22188"},{"taxonomy":"product_cat","embeddable":true,"href":"https:\/\/posana.com\/fr\/wp-json\/wp\/v2\/product_cat?post=22188"},{"taxonomy":"product_tag","embeddable":true,"href":"https:\/\/posana.com\/fr\/wp-json\/wp\/v2\/product_tag?post=22188"},{"taxonomy":"mwb_booking_cost","embeddable":true,"href":"https:\/\/posana.com\/fr\/wp-json\/wp\/v2\/mwb_booking_cost?post=22188"},{"taxonomy":"mwb_booking_service","embeddable":true,"href":"https:\/\/posana.com\/fr\/wp-json\/wp\/v2\/mwb_booking_service?post=22188"}],"curies":[{"name":"wp","href":"https:\/\/api.w.org\/{rel}","templated":true}]}}