{"id":22179,"date":"2024-12-23T15:13:49","date_gmt":"2024-12-23T15:13:49","guid":{"rendered":"https:\/\/posana.com\/?post_type=product&#038;p=22179"},"modified":"2025-02-07T18:24:35","modified_gmt":"2025-02-07T18:24:35","slug":"breathe-well-synergies-for-diffusers-100ml","status":"publish","type":"product","link":"https:\/\/posana.com\/fr\/produit\/breathe-well-synergies-for-diffusers-100ml\/","title":{"rendered":"Respirer bien Synergies pour diffuseurs 100ml"},"content":{"rendered":"<p>La synergie de bien de respiration, compos\u00e9e d'Eucalyptus officinalis, de Ravintsara, de pin blanc et de sapin baumier, lib\u00e8re la congestion, ouvre les voies respiratoires, am\u00e9liore l'\u00e9tat des personnes souffrant d'asthme ou de faiblesse respiratoire.<\/p>\n<p>Antibact\u00e9rien, il acc\u00e9l\u00e8re le processus de gu\u00e9rison d'une affection pulmonaire.<\/p>","protected":false},"excerpt":{"rendered":"<p>The Breathe Well synergy, composed of Eucalyptus officinalis, Ravintsara, White pine, and Balsam fir, frees congestion, opens the airways, improves the condition of people with asthma or respiratory weakness. Antibacterial, it accelerates the healing process of a lung condition.<\/p>","protected":false},"featured_media":22349,"comment_status":"open","ping_status":"closed","template":"","meta":{"om_disable_all_campaigns":false,"_monsterinsights_skip_tracking":false,"_monsterinsights_sitenote_active":false,"_monsterinsights_sitenote_note":"","_monsterinsights_sitenote_category":0},"product_brand":[],"product_cat":[107],"product_tag":[],"mwb_booking_cost":[],"mwb_booking_service":[],"class_list":{"0":"post-22179","1":"product","2":"type-product","3":"status-publish","4":"has-post-thumbnail","6":"product_cat-other-others-products-essentials-oils","9":"instock","10":"shipping-taxable","11":"purchasable","12":"product-type-simple","13":"product-grid-view"},"aioseo_notices":[],"_links":{"self":[{"href":"https:\/\/posana.com\/fr\/wp-json\/wp\/v2\/product\/22179","targetHints":{"allow":["GET"]}}],"collection":[{"href":"https:\/\/posana.com\/fr\/wp-json\/wp\/v2\/product"}],"about":[{"href":"https:\/\/posana.com\/fr\/wp-json\/wp\/v2\/types\/product"}],"replies":[{"embeddable":true,"href":"https:\/\/posana.com\/fr\/wp-json\/wp\/v2\/comments?post=22179"}],"version-history":[{"count":2,"href":"https:\/\/posana.com\/fr\/wp-json\/wp\/v2\/product\/22179\/revisions"}],"predecessor-version":[{"id":22352,"href":"https:\/\/posana.com\/fr\/wp-json\/wp\/v2\/product\/22179\/revisions\/22352"}],"wp:featuredmedia":[{"embeddable":true,"href":"https:\/\/posana.com\/fr\/wp-json\/wp\/v2\/media\/22349"}],"wp:attachment":[{"href":"https:\/\/posana.com\/fr\/wp-json\/wp\/v2\/media?parent=22179"}],"wp:term":[{"taxonomy":"product_brand","embeddable":true,"href":"https:\/\/posana.com\/fr\/wp-json\/wp\/v2\/product_brand?post=22179"},{"taxonomy":"product_cat","embeddable":true,"href":"https:\/\/posana.com\/fr\/wp-json\/wp\/v2\/product_cat?post=22179"},{"taxonomy":"product_tag","embeddable":true,"href":"https:\/\/posana.com\/fr\/wp-json\/wp\/v2\/product_tag?post=22179"},{"taxonomy":"mwb_booking_cost","embeddable":true,"href":"https:\/\/posana.com\/fr\/wp-json\/wp\/v2\/mwb_booking_cost?post=22179"},{"taxonomy":"mwb_booking_service","embeddable":true,"href":"https:\/\/posana.com\/fr\/wp-json\/wp\/v2\/mwb_booking_service?post=22179"}],"curies":[{"name":"wp","href":"https:\/\/api.w.org\/{rel}","templated":true}]}}