{"id":22178,"date":"2024-12-23T15:13:49","date_gmt":"2024-12-23T15:13:49","guid":{"rendered":"https:\/\/posana.com\/?post_type=product&#038;p=22178"},"modified":"2024-12-23T17:14:02","modified_gmt":"2024-12-23T17:14:02","slug":"breathe-well-32ml","status":"publish","type":"product","link":"https:\/\/posana.com\/fr\/produit\/breathe-well-32ml\/","title":{"rendered":"Respirez bien 32ml"},"content":{"rendered":"<h3>Synergies pour diffuseurs<\/h3>\n<h3>Nom botanique: <i>Eucalyptus radiata, Cinnamomum camphora sp. cineoliferum, Pinus strobus, Abies balsamea<\/i><\/h3>\n<p>La synergie de bien de respiration, compos\u00e9e d'Eucalyptus officinalis, de Ravintsare, de pin blanc et de sapin baumier, lib\u00e8re la congestion, ouvre les voies respiratoires, am\u00e9liore l'\u00e9tat des personnes souffrant d'asthme ou de faiblesse respiratoire. Antibact\u00e9rien, il acc\u00e9l\u00e8re le processus de gu\u00e9rison d'une affection pulmonaire.<\/p>\n<p>Cette synergie soulage la sensation de congestion, ouvre les voies respiratoires et peut aider \u00e0 am\u00e9liorer les asthmatiques ou ceux qui ont des faiblesses respiratoires. \u00c9tant donn\u00e9 la nature antibact\u00e9rienne et antivirale de ces huiles, il peut aider \u00e0 acc\u00e9l\u00e9rer le processus de gu\u00e9rison d'une infection pulmonaire.<span class=\"redactor-invisible-space\"><br \/>\n<\/span><\/p>","protected":false},"excerpt":{"rendered":"<p>Synergies for diffusers Botanical name: Eucalyptus radiata, Cinnamomum camphora sp. cineoliferum, Pinus strobus, Abies balsamea The Breathe Well synergy, composed of Eucalyptus officinalis, Ravintsare, White pine, and Balsam fir, frees congestion, opens the airways, improves the condition of people with asthma or respiratory weakness. Antibacterial, it accelerates the healing process of a lung condition. This [&hellip;]<\/p>\n","protected":false},"featured_media":22347,"comment_status":"open","ping_status":"closed","template":"","meta":{"om_disable_all_campaigns":false,"_monsterinsights_skip_tracking":false,"_monsterinsights_sitenote_active":false,"_monsterinsights_sitenote_note":"","_monsterinsights_sitenote_category":0},"product_brand":[],"product_cat":[107],"product_tag":[],"mwb_booking_cost":[],"mwb_booking_service":[],"class_list":{"0":"post-22178","1":"product","2":"type-product","3":"status-publish","4":"has-post-thumbnail","6":"product_cat-other-others-products-essentials-oils","9":"instock","10":"shipping-taxable","11":"purchasable","12":"product-type-simple","13":"product-grid-view"},"aioseo_notices":[],"_links":{"self":[{"href":"https:\/\/posana.com\/fr\/wp-json\/wp\/v2\/product\/22178","targetHints":{"allow":["GET"]}}],"collection":[{"href":"https:\/\/posana.com\/fr\/wp-json\/wp\/v2\/product"}],"about":[{"href":"https:\/\/posana.com\/fr\/wp-json\/wp\/v2\/types\/product"}],"replies":[{"embeddable":true,"href":"https:\/\/posana.com\/fr\/wp-json\/wp\/v2\/comments?post=22178"}],"version-history":[{"count":2,"href":"https:\/\/posana.com\/fr\/wp-json\/wp\/v2\/product\/22178\/revisions"}],"predecessor-version":[{"id":22348,"href":"https:\/\/posana.com\/fr\/wp-json\/wp\/v2\/product\/22178\/revisions\/22348"}],"wp:featuredmedia":[{"embeddable":true,"href":"https:\/\/posana.com\/fr\/wp-json\/wp\/v2\/media\/22347"}],"wp:attachment":[{"href":"https:\/\/posana.com\/fr\/wp-json\/wp\/v2\/media?parent=22178"}],"wp:term":[{"taxonomy":"product_brand","embeddable":true,"href":"https:\/\/posana.com\/fr\/wp-json\/wp\/v2\/product_brand?post=22178"},{"taxonomy":"product_cat","embeddable":true,"href":"https:\/\/posana.com\/fr\/wp-json\/wp\/v2\/product_cat?post=22178"},{"taxonomy":"product_tag","embeddable":true,"href":"https:\/\/posana.com\/fr\/wp-json\/wp\/v2\/product_tag?post=22178"},{"taxonomy":"mwb_booking_cost","embeddable":true,"href":"https:\/\/posana.com\/fr\/wp-json\/wp\/v2\/mwb_booking_cost?post=22178"},{"taxonomy":"mwb_booking_service","embeddable":true,"href":"https:\/\/posana.com\/fr\/wp-json\/wp\/v2\/mwb_booking_service?post=22178"}],"curies":[{"name":"wp","href":"https:\/\/api.w.org\/{rel}","templated":true}]}}