{"id":22172,"date":"2024-12-23T15:13:48","date_gmt":"2024-12-23T15:13:48","guid":{"rendered":"https:\/\/posana.com\/?post_type=product&#038;p=22172"},"modified":"2025-01-07T17:10:51","modified_gmt":"2025-01-07T17:10:51","slug":"body-sculpting-gel-150ml","status":"publish","type":"product","link":"https:\/\/posana.com\/fr\/produit\/body-sculpting-gel-150ml\/","title":{"rendered":"Gel de sculpture corporelle 150ml"},"content":{"rendered":"<p>Gel Modelant Sculptant Traitement contre la cellulite La r\u00e9ponse parfaite pour sculpter les cours et les endroits probl\u00e9matiques. Raffermit et remod\u00e8le le corps. Utilis\u00e9 quotidiennement, il aplanit les courages et am\u00e9liore le tonus cutan\u00e9. Id\u00e9al contre la peau d\u2019orange (cellulite).<\/p>","protected":false},"excerpt":{"rendered":"<p>Gel Modelant Sculptant Traitement contre la cellulite La r\u00e9ponse parfaite pour sculpter les cours et les endroits probl\u00e9matiques. Raffermit et remod\u00e8le le corps. Utilis\u00e9 quotidiennement, il aplanit les courages et am\u00e9liore le tonus cutan\u00e9. Id\u00e9al contre la peau d\u2019orange (cellulite).<\/p>","protected":false},"featured_media":22384,"comment_status":"open","ping_status":"closed","template":"","meta":{"om_disable_all_campaigns":false,"_monsterinsights_skip_tracking":false,"_monsterinsights_sitenote_active":false,"_monsterinsights_sitenote_note":"","_monsterinsights_sitenote_category":0},"product_brand":[],"product_cat":[61,135],"product_tag":[],"mwb_booking_cost":[],"mwb_booking_service":[],"class_list":{"0":"post-22172","1":"product","2":"type-product","3":"status-publish","4":"has-post-thumbnail","6":"product_cat-skin-care-products","7":"product_cat-specific-treatments","10":"instock","11":"shipping-taxable","12":"purchasable","13":"product-type-simple","14":"product-grid-view"},"aioseo_notices":[],"_links":{"self":[{"href":"https:\/\/posana.com\/fr\/wp-json\/wp\/v2\/product\/22172","targetHints":{"allow":["GET"]}}],"collection":[{"href":"https:\/\/posana.com\/fr\/wp-json\/wp\/v2\/product"}],"about":[{"href":"https:\/\/posana.com\/fr\/wp-json\/wp\/v2\/types\/product"}],"replies":[{"embeddable":true,"href":"https:\/\/posana.com\/fr\/wp-json\/wp\/v2\/comments?post=22172"}],"version-history":[{"count":3,"href":"https:\/\/posana.com\/fr\/wp-json\/wp\/v2\/product\/22172\/revisions"}],"predecessor-version":[{"id":22385,"href":"https:\/\/posana.com\/fr\/wp-json\/wp\/v2\/product\/22172\/revisions\/22385"}],"wp:featuredmedia":[{"embeddable":true,"href":"https:\/\/posana.com\/fr\/wp-json\/wp\/v2\/media\/22384"}],"wp:attachment":[{"href":"https:\/\/posana.com\/fr\/wp-json\/wp\/v2\/media?parent=22172"}],"wp:term":[{"taxonomy":"product_brand","embeddable":true,"href":"https:\/\/posana.com\/fr\/wp-json\/wp\/v2\/product_brand?post=22172"},{"taxonomy":"product_cat","embeddable":true,"href":"https:\/\/posana.com\/fr\/wp-json\/wp\/v2\/product_cat?post=22172"},{"taxonomy":"product_tag","embeddable":true,"href":"https:\/\/posana.com\/fr\/wp-json\/wp\/v2\/product_tag?post=22172"},{"taxonomy":"mwb_booking_cost","embeddable":true,"href":"https:\/\/posana.com\/fr\/wp-json\/wp\/v2\/mwb_booking_cost?post=22172"},{"taxonomy":"mwb_booking_service","embeddable":true,"href":"https:\/\/posana.com\/fr\/wp-json\/wp\/v2\/mwb_booking_service?post=22172"}],"curies":[{"name":"wp","href":"https:\/\/api.w.org\/{rel}","templated":true}]}}