{"id":22168,"date":"2024-12-23T15:13:48","date_gmt":"2024-12-23T15:13:48","guid":{"rendered":"https:\/\/posana.com\/?post_type=product&#038;p=22168"},"modified":"2024-12-23T18:15:46","modified_gmt":"2024-12-23T18:15:46","slug":"black-diamond-coating-sealant","status":"publish","type":"product","link":"https:\/\/posana.com\/fr\/produit\/black-diamond-coating-sealant\/","title":{"rendered":"Cache de rev\u00eatement Black Diamond"},"content":{"rendered":"<p>Crystal Black Diamond Coating &amp; Sealant est l'un des meilleurs produits d'extension de cils apr\u00e8s soins sur le marquet. Ce mastic forme une barri\u00e8re pour se prot\u00e9ger contre les \u00e9l\u00e9ments qui d\u00e9composent l'adh\u00e9sif. Le scellant de diamant de cristal non seulement donne aux extensions une liaison maximale, mais conserve \u00e9galement les extensions hydrat\u00e9es, brillantes, propres et magnifiquement soign\u00e9es. Pour de meilleurs r\u00e9sultats, utilisez ce mastic quotidiennement pour prolonger la dur\u00e9e de vie de vos extensions de cils.<\/p>","protected":false},"excerpt":{"rendered":"<p>Crystal Black Diamond Coating &amp; Sealant is one of the best after care eyelash extension products on the marquet. This sealant forms a barrier to protect against the elements that break down the adhesive. The Crystal Diamond Sealant not only gives the extensions a maximum bond but also keeps the extensions moisturized,glossy,clean and beautifully groomed. [&hellip;]<\/p>\n","protected":false},"featured_media":22376,"comment_status":"open","ping_status":"closed","template":"","meta":{"om_disable_all_campaigns":false,"_monsterinsights_skip_tracking":false,"_monsterinsights_sitenote_active":false,"_monsterinsights_sitenote_note":"","_monsterinsights_sitenote_category":0},"product_brand":[],"product_cat":[63],"product_tag":[],"mwb_booking_cost":[],"mwb_booking_service":[],"class_list":{"0":"post-22168","1":"product","2":"type-product","3":"status-publish","4":"has-post-thumbnail","6":"product_cat-beauty-essentials","9":"instock","10":"shipping-taxable","11":"purchasable","12":"product-type-simple","13":"product-grid-view"},"aioseo_notices":[],"_links":{"self":[{"href":"https:\/\/posana.com\/fr\/wp-json\/wp\/v2\/product\/22168","targetHints":{"allow":["GET"]}}],"collection":[{"href":"https:\/\/posana.com\/fr\/wp-json\/wp\/v2\/product"}],"about":[{"href":"https:\/\/posana.com\/fr\/wp-json\/wp\/v2\/types\/product"}],"replies":[{"embeddable":true,"href":"https:\/\/posana.com\/fr\/wp-json\/wp\/v2\/comments?post=22168"}],"version-history":[{"count":3,"href":"https:\/\/posana.com\/fr\/wp-json\/wp\/v2\/product\/22168\/revisions"}],"predecessor-version":[{"id":22378,"href":"https:\/\/posana.com\/fr\/wp-json\/wp\/v2\/product\/22168\/revisions\/22378"}],"wp:featuredmedia":[{"embeddable":true,"href":"https:\/\/posana.com\/fr\/wp-json\/wp\/v2\/media\/22376"}],"wp:attachment":[{"href":"https:\/\/posana.com\/fr\/wp-json\/wp\/v2\/media?parent=22168"}],"wp:term":[{"taxonomy":"product_brand","embeddable":true,"href":"https:\/\/posana.com\/fr\/wp-json\/wp\/v2\/product_brand?post=22168"},{"taxonomy":"product_cat","embeddable":true,"href":"https:\/\/posana.com\/fr\/wp-json\/wp\/v2\/product_cat?post=22168"},{"taxonomy":"product_tag","embeddable":true,"href":"https:\/\/posana.com\/fr\/wp-json\/wp\/v2\/product_tag?post=22168"},{"taxonomy":"mwb_booking_cost","embeddable":true,"href":"https:\/\/posana.com\/fr\/wp-json\/wp\/v2\/mwb_booking_cost?post=22168"},{"taxonomy":"mwb_booking_service","embeddable":true,"href":"https:\/\/posana.com\/fr\/wp-json\/wp\/v2\/mwb_booking_service?post=22168"}],"curies":[{"name":"wp","href":"https:\/\/api.w.org\/{rel}","templated":true}]}}