{"id":22166,"date":"2024-12-23T15:13:48","date_gmt":"2024-12-23T15:13:48","guid":{"rendered":"https:\/\/posana.com\/?post_type=product&#038;p=22166"},"modified":"2025-01-07T16:54:25","modified_gmt":"2025-01-07T16:54:25","slug":"bioarome-purifying-dep","status":"publish","type":"product","link":"https:\/\/posana.com\/fr\/produit\/bioarome-purifying-dep\/","title":{"rendered":"Bioarome | Purification (DEP)"},"content":{"rendered":"<p>S\u00e9rum de traitement pour la peau combin\u00e9e sujette aux points noirs. Purificateur parfait de l'\u00e9piderme. Restaure un aspect peau pur, frais et sain. Matifie l'\u00e9clat dans la \"T-Zone\" du visage. Purifie l'\u00e9piderme. Restaure un ton de peau frais et sain.<\/p>","protected":false},"excerpt":{"rendered":"<p>S\u00e9rum de traitement pour la peau combin\u00e9e sujette aux points noirs. Purificateur parfait de l'\u00e9piderme. Restaure un aspect peau pur, frais et sain. Matifie l'\u00e9clat dans la \"T-Zone\" du visage. Purifie l'\u00e9piderme. Restaure un ton de peau frais et sain.<\/p>","protected":false},"featured_media":22370,"comment_status":"open","ping_status":"closed","template":"","meta":{"om_disable_all_campaigns":false,"_monsterinsights_skip_tracking":false,"_monsterinsights_sitenote_active":false,"_monsterinsights_sitenote_note":"","_monsterinsights_sitenote_category":0},"product_brand":[],"product_cat":[132,61],"product_tag":[],"mwb_booking_cost":[],"mwb_booking_service":[],"class_list":{"0":"post-22166","1":"product","2":"type-product","3":"status-publish","4":"has-post-thumbnail","6":"product_cat-serums","7":"product_cat-skin-care-products","10":"instock","11":"shipping-taxable","12":"purchasable","13":"product-type-simple","14":"product-grid-view"},"aioseo_notices":[],"_links":{"self":[{"href":"https:\/\/posana.com\/fr\/wp-json\/wp\/v2\/product\/22166","targetHints":{"allow":["GET"]}}],"collection":[{"href":"https:\/\/posana.com\/fr\/wp-json\/wp\/v2\/product"}],"about":[{"href":"https:\/\/posana.com\/fr\/wp-json\/wp\/v2\/types\/product"}],"replies":[{"embeddable":true,"href":"https:\/\/posana.com\/fr\/wp-json\/wp\/v2\/comments?post=22166"}],"version-history":[{"count":3,"href":"https:\/\/posana.com\/fr\/wp-json\/wp\/v2\/product\/22166\/revisions"}],"predecessor-version":[{"id":23579,"href":"https:\/\/posana.com\/fr\/wp-json\/wp\/v2\/product\/22166\/revisions\/23579"}],"wp:featuredmedia":[{"embeddable":true,"href":"https:\/\/posana.com\/fr\/wp-json\/wp\/v2\/media\/22370"}],"wp:attachment":[{"href":"https:\/\/posana.com\/fr\/wp-json\/wp\/v2\/media?parent=22166"}],"wp:term":[{"taxonomy":"product_brand","embeddable":true,"href":"https:\/\/posana.com\/fr\/wp-json\/wp\/v2\/product_brand?post=22166"},{"taxonomy":"product_cat","embeddable":true,"href":"https:\/\/posana.com\/fr\/wp-json\/wp\/v2\/product_cat?post=22166"},{"taxonomy":"product_tag","embeddable":true,"href":"https:\/\/posana.com\/fr\/wp-json\/wp\/v2\/product_tag?post=22166"},{"taxonomy":"mwb_booking_cost","embeddable":true,"href":"https:\/\/posana.com\/fr\/wp-json\/wp\/v2\/mwb_booking_cost?post=22166"},{"taxonomy":"mwb_booking_service","embeddable":true,"href":"https:\/\/posana.com\/fr\/wp-json\/wp\/v2\/mwb_booking_service?post=22166"}],"curies":[{"name":"wp","href":"https:\/\/api.w.org\/{rel}","templated":true}]}}