{"id":22165,"date":"2024-12-23T15:13:48","date_gmt":"2024-12-23T15:13:48","guid":{"rendered":"https:\/\/posana.com\/?post_type=product&#038;p=22165"},"modified":"2025-03-09T21:35:25","modified_gmt":"2025-03-09T21:35:25","slug":"bioarome-vd-balancing-15ml","status":"publish","type":"product","link":"https:\/\/posana.com\/fr\/produit\/bioarome-vd-balancing-15ml\/","title":{"rendered":"Bioarome VD Equilibrant"},"content":{"rendered":"<p><strong>Application:<\/strong><\/p>\n<p>Matin et soir, apr\u00e8s le nettoyage du visage, appliquer quelques gouttes de Bioarome sur les zones concern\u00e9es seul ou en synergie avec l\u2019\u00e9mulsion adapt\u00e9e. Utiliser en synergie avec le Micro-Gel Contour des Yeux pour cibler les poches sous les yeux.<\/p>\n<p><strong>Dosage conseill\u00e9<\/strong>\u00a05 gouttes sur les zones int\u00e9ress\u00e9es ou 2\/3 gouttes si m\u00e9lang\u00e9 avec un autre Bioarome.<\/p>\n<p><strong>Pr\u00e9caution:<\/strong>\u00a0Ne convient pas aux femmes enceintes ou allaitantes.<\/p>\n<p><strong>Conseil:<\/strong>\u00a0Proc\u00e9der avec nettoyage et d\u00e9maquillage avec des nettoyants Physiodermie et des d\u00e9maquillants.<\/p>\n<p><strong>Soins sp\u00e9cifiques:<\/strong>\u00a0choisissez l\u2019\u00e9mulsion correspondant \u00e0 votre peau et n\u2019h\u00e9sitez pas \u00e0 ajouter un autre Bioarome ou Booster pour traiter un besoin cibl\u00e9.<\/p>\n<p><strong>Avantages :<\/strong><\/p>\n<p>(1) Aide \u00e0 r\u00e9duire les gonflements et les signes visibles de fatigue, (2) Apporte un effet tenseur imm\u00e9diat, (3) Att\u00e9nue visiblement les poches sous les yeux<\/p>\n<p><strong>Ingr\u00e9dients:<\/strong><\/p>\n<p>Aqua (Water), Butylene Glycol, Lecithin, Potassium Cetyl Phosphate, Cholesterol, Glycerin, Propylene Glycol Stearate, Polysorbate 20, Sorbitan Laurate, Propylene Glycol Laurate, Origanum Majorana Leaf Oil, Pelargonium Graveolens Oil, Melissa Officinalis Leaf Oil, Hamamelis Virginiana (Witch Hazel) Leaf Extract, Tocopheryl Acetate, Phenoxyethanol, Ethylhexylglycerin, Tocopherol, Citral, Eugenol, Geraniol, Farnesol, Linalool, Citronellol, Limonene.<br \/>\n*Nos formules pouvant \u00eatre amen\u00e9es \u00e0 \u00e9voluer, veuillez vous reporter \u00e9galement \u00e0 la liste d\u2019ingr\u00e9dients figurant sur l\u2019emballage du produit et faisant seule foi.<\/p>\n<p>&nbsp;<\/p>","protected":false},"excerpt":{"rendered":"<p><strong>Serum specifically formulated for eye bags, puffy eyes and congested skin.<\/strong><\/p>\n<p>Thanks to its exclusive synergy of essential oils and plant extracts combined with MEIMA technology, this serum helps to improve the appearance of edema and swelling.<\/p>\n<p>[ 15 ml ]<\/p>\n","protected":false},"featured_media":22369,"comment_status":"open","ping_status":"closed","template":"","meta":{"om_disable_all_campaigns":false,"_monsterinsights_skip_tracking":false,"_monsterinsights_sitenote_active":false,"_monsterinsights_sitenote_note":"","_monsterinsights_sitenote_category":0},"product_brand":[186],"product_cat":[131,132,61],"product_tag":[207],"mwb_booking_cost":[],"mwb_booking_service":[],"class_list":{"0":"post-22165","1":"product","2":"type-product","3":"status-publish","4":"has-post-thumbnail","6":"product_brand-physiodermie","7":"product_cat-eyecontour","8":"product_cat-serums","9":"product_cat-skin-care-products","10":"product_tag-decongestionnant","13":"instock","14":"shipping-taxable","15":"purchasable","16":"product-type-simple","17":"product-grid-view"},"aioseo_notices":[],"_links":{"self":[{"href":"https:\/\/posana.com\/fr\/wp-json\/wp\/v2\/product\/22165","targetHints":{"allow":["GET"]}}],"collection":[{"href":"https:\/\/posana.com\/fr\/wp-json\/wp\/v2\/product"}],"about":[{"href":"https:\/\/posana.com\/fr\/wp-json\/wp\/v2\/types\/product"}],"replies":[{"embeddable":true,"href":"https:\/\/posana.com\/fr\/wp-json\/wp\/v2\/comments?post=22165"}],"version-history":[{"count":4,"href":"https:\/\/posana.com\/fr\/wp-json\/wp\/v2\/product\/22165\/revisions"}],"predecessor-version":[{"id":24835,"href":"https:\/\/posana.com\/fr\/wp-json\/wp\/v2\/product\/22165\/revisions\/24835"}],"wp:featuredmedia":[{"embeddable":true,"href":"https:\/\/posana.com\/fr\/wp-json\/wp\/v2\/media\/22369"}],"wp:attachment":[{"href":"https:\/\/posana.com\/fr\/wp-json\/wp\/v2\/media?parent=22165"}],"wp:term":[{"taxonomy":"product_brand","embeddable":true,"href":"https:\/\/posana.com\/fr\/wp-json\/wp\/v2\/product_brand?post=22165"},{"taxonomy":"product_cat","embeddable":true,"href":"https:\/\/posana.com\/fr\/wp-json\/wp\/v2\/product_cat?post=22165"},{"taxonomy":"product_tag","embeddable":true,"href":"https:\/\/posana.com\/fr\/wp-json\/wp\/v2\/product_tag?post=22165"},{"taxonomy":"mwb_booking_cost","embeddable":true,"href":"https:\/\/posana.com\/fr\/wp-json\/wp\/v2\/mwb_booking_cost?post=22165"},{"taxonomy":"mwb_booking_service","embeddable":true,"href":"https:\/\/posana.com\/fr\/wp-json\/wp\/v2\/mwb_booking_service?post=22165"}],"curies":[{"name":"wp","href":"https:\/\/api.w.org\/{rel}","templated":true}]}}