{"id":22164,"date":"2024-12-23T15:13:48","date_gmt":"2024-12-23T15:13:48","guid":{"rendered":"https:\/\/posana.com\/?post_type=product&#038;p=22164"},"modified":"2025-03-04T17:36:02","modified_gmt":"2025-03-04T17:36:02","slug":"bioarome-hy-normalizing-15ml","status":"publish","type":"product","link":"https:\/\/posana.com\/fr\/produit\/bioarome-hy-normalizing-15ml\/","title":{"rendered":"Bioarome HY Normalisant"},"content":{"rendered":"<p><strong>Application:<\/strong><\/p>\n<p>Matin et soir, apr\u00e8s le nettoyage du visage, appliquer quelques gouttes de Bioarome sur les zones concern\u00e9es seul ou en synergie avec l\u2019\u00e9mulsion adapt\u00e9e. A m\u00e9langer avec le Gel Contour des Yeux pour les cernes.<\/p>\n<p><strong>Dosage conseill\u00e9<\/strong>\u00a05 gouttes sur les zones int\u00e9ress\u00e9es ou 2\/3 gouttes si m\u00e9lang\u00e9 avec un autre Bioarome.<\/p>\n<p><strong>Pr\u00e9caution:<\/strong>\u00a0Ne convient pas aux femmes enceintes ou allaitantes.<\/p>\n<p><strong>Conseil:<\/strong>\u00a0Proc\u00e9der avec nettoyage et d\u00e9maquillage avec des nettoyants Physiodermie et des d\u00e9maquillants.<\/p>\n<p><strong>Soins sp\u00e9cifiques:<\/strong>\u00a0choisissez l\u2019\u00e9mulsion correspondant \u00e0 votre peau et n\u2019h\u00e9sitez pas \u00e0 ajouter un autre Bioarome ou Booster pour traiter un besoin cibl\u00e9.<\/p>\n<p><strong>Avantages<\/strong>:<br \/>\n(1) Son effet purifiant favorise le soulagement de l\u2019aspect terne de la peau, (2) Id\u00e9al pour les peaux asphyxi\u00e9es ou les fumeurs, (3) Aide \u00e0 r\u00e9duire l\u2019aspect des cernes sous les yeux.<\/p>\n<p><strong>Ingr\u00e9dients:<\/strong><\/p>\n<p>Aqua (Water), Butylene Glycol, Potassium Cetyl Phosphate, Lecithin, Glycerin, Cholesterol, Cupressus Sempervirens Leaf Oil, Propylene Glycol Stearate, Polysorbate 20, Sorbitan Laurate, Propylene Glycol Laurate, Hamamelis Virginiana (Witch Hazel) Leaf Extract, Lavandula Angustifolia (Lavender) Oil, Mentha Piperita (Peppermint) Oil, Tocopheryl Acetate, Phenoxyethanol, Ethylhexylglycerin, Sodium Benzoate, Tocopherol, Linalool, Limonene, Geraniol, Coumarin, Citronellol.<\/p>\n<p>*Nos formules pouvant \u00eatre amen\u00e9es \u00e0 \u00e9voluer, veuillez vous reporter \u00e9galement \u00e0 la liste d\u2019ingr\u00e9dients figurant sur l\u2019emballage du produit et faisant seule foi.<\/p>\n<div>\n<p>&nbsp;<\/p>\n<\/div>","protected":false},"excerpt":{"rendered":"<p><strong>Congested skin, blurred complexion, dark circles<\/strong><\/p>\n<p>With its exclusive synergy of essential oils and plant extracts combined with MEIMA technology, this serum helps purify and rebalance the skin to improve its radiance. More luminous, the skin looks younger.<\/p>\n<p>[ 15 ml ]<\/p>\n","protected":false},"featured_media":22367,"comment_status":"open","ping_status":"closed","template":"","meta":{"om_disable_all_campaigns":false,"_monsterinsights_skip_tracking":false,"_monsterinsights_sitenote_active":false,"_monsterinsights_sitenote_note":"","_monsterinsights_sitenote_category":0},"product_brand":[186],"product_cat":[131,132,61],"product_tag":[170],"mwb_booking_cost":[],"mwb_booking_service":[],"class_list":{"0":"post-22164","1":"product","2":"type-product","3":"status-publish","4":"has-post-thumbnail","6":"product_brand-physiodermie","7":"product_cat-eyecontour","8":"product_cat-serums","9":"product_cat-skin-care-products","10":"product_tag-physiodermie","13":"instock","14":"shipping-taxable","15":"purchasable","16":"product-type-simple","17":"product-grid-view"},"aioseo_notices":[],"_links":{"self":[{"href":"https:\/\/posana.com\/fr\/wp-json\/wp\/v2\/product\/22164","targetHints":{"allow":["GET"]}}],"collection":[{"href":"https:\/\/posana.com\/fr\/wp-json\/wp\/v2\/product"}],"about":[{"href":"https:\/\/posana.com\/fr\/wp-json\/wp\/v2\/types\/product"}],"replies":[{"embeddable":true,"href":"https:\/\/posana.com\/fr\/wp-json\/wp\/v2\/comments?post=22164"}],"version-history":[{"count":3,"href":"https:\/\/posana.com\/fr\/wp-json\/wp\/v2\/product\/22164\/revisions"}],"predecessor-version":[{"id":24834,"href":"https:\/\/posana.com\/fr\/wp-json\/wp\/v2\/product\/22164\/revisions\/24834"}],"wp:featuredmedia":[{"embeddable":true,"href":"https:\/\/posana.com\/fr\/wp-json\/wp\/v2\/media\/22367"}],"wp:attachment":[{"href":"https:\/\/posana.com\/fr\/wp-json\/wp\/v2\/media?parent=22164"}],"wp:term":[{"taxonomy":"product_brand","embeddable":true,"href":"https:\/\/posana.com\/fr\/wp-json\/wp\/v2\/product_brand?post=22164"},{"taxonomy":"product_cat","embeddable":true,"href":"https:\/\/posana.com\/fr\/wp-json\/wp\/v2\/product_cat?post=22164"},{"taxonomy":"product_tag","embeddable":true,"href":"https:\/\/posana.com\/fr\/wp-json\/wp\/v2\/product_tag?post=22164"},{"taxonomy":"mwb_booking_cost","embeddable":true,"href":"https:\/\/posana.com\/fr\/wp-json\/wp\/v2\/mwb_booking_cost?post=22164"},{"taxonomy":"mwb_booking_service","embeddable":true,"href":"https:\/\/posana.com\/fr\/wp-json\/wp\/v2\/mwb_booking_service?post=22164"}],"curies":[{"name":"wp","href":"https:\/\/api.w.org\/{rel}","templated":true}]}}