{"id":22163,"date":"2024-12-23T15:13:48","date_gmt":"2024-12-23T15:13:48","guid":{"rendered":"https:\/\/posana.com\/?post_type=product&#038;p=22163"},"modified":"2025-03-04T17:29:42","modified_gmt":"2025-03-04T17:29:42","slug":"bio-molecular-hyaluronic-acid-organic-29ml","status":"publish","type":"product","link":"https:\/\/posana.com\/fr\/produit\/bio-molecular-hyaluronic-acid-organic-29ml\/","title":{"rendered":"Bio-Molecular Hyaluronic Acid"},"content":{"rendered":"<p><strong>Application:<\/strong><\/p>\n<p>S\u00e9rum hautement concentr\u00e9 \u00e0 la texture fluide. Permet une application et synergie.<\/p>\n<p>1 single product, 3 ways of uses<\/p>\n<p><strong>Couche:<\/strong>\u00a0daily application of the Bi-Molecular Hyaluronic Acid Serum to the entire face and neck. Then proceed to apply your Emulsion. Easily absorbed by the skin, it becomes more receptive to subsequent treatments.<\/p>\n<p><strong>M\u00e9lange et match:<\/strong>\u00a0m\u00e9langer 2\/3 gouttes du s\u00e9rum Bi-Molecular Hyaluronic Acid avec votre Emulsion ou votre Masque au moment de l\u2019application. Cette application permet de faire un soin sur mesure et de booster l\u2019efficacit\u00e9 du soin.<\/p>\n<p><strong>Seul :<\/strong>\u00a0appliquer quelques gouttes du s\u00e9rum Bi-Molecular Hyaluronic Acid sur les zones \u00e0 traiter en massant l\u00e9g\u00e8rement. Chaque peau \u00e9tant diff\u00e9rente et pouvant pr\u00e9senter des probl\u00e9matiques diff\u00e9rentes en m\u00eame temps, l\u2019application locale permet de ne traiter que la zone qui en a besoin.<\/p>\n<p><strong>Avantages<\/strong>:<br \/>\n(1) Hydrate la peau en profondeur*, (2) Procure un effet fermet\u00e9, lissant et repulpant imm\u00e9diat et durable.<\/p>\n<p><strong>Ingr\u00e9dients:<\/strong><\/p>\n<p>Aqua (Eau), Hordeum Vulgare Leaf Juice* (Emollient), Pentylene Glycol (Agent conditionnant de la peau), Glycerin (Humectant), Sodium Hyaluronate (Agent conditionnant de la peau), Hexapeptide-11 (Agent conditionnant de la peau), Levulinic Acid (Agent conditionnant de la peau), Sodium Levulinate (Agent conditionnant de la peau), Leuconostoc\/Radish Root Ferment Filtrate (Conservateur), Sodium Benzoate (Conservateur).<\/p>\n<p><strong>COSMOS ORGANIC certifi\u00e9 par Ecocert Greenlife selon le r\u00e9f\u00e9rentiel COSMOS.<\/strong><\/p>\n<p>*ingr\u00e9dient issu de l\u2019Agriculture Biologique<br \/>\n20% du total des ingr\u00e9dients proviennent de l'agriculture biologique.<br \/>\n99% du total est d\u2019origine naturelle.<\/p>","protected":false},"excerpt":{"rendered":"<p><strong>For all skin types.<\/strong><\/p>\n<p>Intense Hydration Serum.<\/p>\n<p>[ 29 ml ]<\/p>\n","protected":false},"featured_media":22365,"comment_status":"open","ping_status":"closed","template":"","meta":{"om_disable_all_campaigns":false,"_monsterinsights_skip_tracking":false,"_monsterinsights_sitenote_active":false,"_monsterinsights_sitenote_note":"","_monsterinsights_sitenote_category":0},"product_brand":[],"product_cat":[138,174,169,158,132,61],"product_tag":[170],"mwb_booking_cost":[],"mwb_booking_service":[],"class_list":{"0":"post-22163","1":"product","2":"type-product","3":"status-publish","4":"has-post-thumbnail","6":"product_cat-anti-aging","7":"product_cat-clinical-swiss-organics","8":"product_cat-collection","9":"product_cat-routines","10":"product_cat-serums","11":"product_cat-skin-care-products","12":"product_tag-physiodermie","15":"instock","16":"shipping-taxable","17":"purchasable","18":"product-type-simple","19":"product-grid-view"},"aioseo_notices":[],"_links":{"self":[{"href":"https:\/\/posana.com\/fr\/wp-json\/wp\/v2\/product\/22163","targetHints":{"allow":["GET"]}}],"collection":[{"href":"https:\/\/posana.com\/fr\/wp-json\/wp\/v2\/product"}],"about":[{"href":"https:\/\/posana.com\/fr\/wp-json\/wp\/v2\/types\/product"}],"replies":[{"embeddable":true,"href":"https:\/\/posana.com\/fr\/wp-json\/wp\/v2\/comments?post=22163"}],"version-history":[{"count":4,"href":"https:\/\/posana.com\/fr\/wp-json\/wp\/v2\/product\/22163\/revisions"}],"predecessor-version":[{"id":24833,"href":"https:\/\/posana.com\/fr\/wp-json\/wp\/v2\/product\/22163\/revisions\/24833"}],"wp:featuredmedia":[{"embeddable":true,"href":"https:\/\/posana.com\/fr\/wp-json\/wp\/v2\/media\/22365"}],"wp:attachment":[{"href":"https:\/\/posana.com\/fr\/wp-json\/wp\/v2\/media?parent=22163"}],"wp:term":[{"taxonomy":"product_brand","embeddable":true,"href":"https:\/\/posana.com\/fr\/wp-json\/wp\/v2\/product_brand?post=22163"},{"taxonomy":"product_cat","embeddable":true,"href":"https:\/\/posana.com\/fr\/wp-json\/wp\/v2\/product_cat?post=22163"},{"taxonomy":"product_tag","embeddable":true,"href":"https:\/\/posana.com\/fr\/wp-json\/wp\/v2\/product_tag?post=22163"},{"taxonomy":"mwb_booking_cost","embeddable":true,"href":"https:\/\/posana.com\/fr\/wp-json\/wp\/v2\/mwb_booking_cost?post=22163"},{"taxonomy":"mwb_booking_service","embeddable":true,"href":"https:\/\/posana.com\/fr\/wp-json\/wp\/v2\/mwb_booking_service?post=22163"}],"curies":[{"name":"wp","href":"https:\/\/api.w.org\/{rel}","templated":true}]}}