{"id":22162,"date":"2024-12-23T15:13:48","date_gmt":"2024-12-23T15:13:48","guid":{"rendered":"https:\/\/posana.com\/?post_type=product&#038;p=22162"},"modified":"2025-01-27T14:16:18","modified_gmt":"2025-01-27T14:16:18","slug":"bio-gommage-body-velvety-satin-100ml","status":"publish","type":"product","link":"https:\/\/posana.com\/fr\/produit\/bio-gommage-body-velvety-satin-100ml\/","title":{"rendered":"Corps Bio-Gommage \u2013 Velvety Satin 100ml"},"content":{"rendered":"<p>Exfoliant et nettoyant 2 en 1 Exfoliant les cellules mortes et contribue au renouvellement cellulaire. Ses \u00e9l\u00e9ments biologiques d\u00e9toxifiants d\u00e9sint\u00e8grent doucement les impuret\u00e9s et les cellules mortes et acc\u00e9l\u00e8rent le renouvellement cellulaire naturel. Le Body Biogommage laissera votre peau fra\u00eeche et lisse.<\/p>","protected":false},"excerpt":{"rendered":"<p>Exfoliant et nettoyant 2 en 1 Exfoliant les cellules mortes et contribue au renouvellement cellulaire. Ses \u00e9l\u00e9ments biologiques d\u00e9toxifiants d\u00e9sint\u00e8grent doucement les impuret\u00e9s et les cellules mortes et acc\u00e9l\u00e8rent le renouvellement cellulaire naturel. Le Body Biogommage laissera votre peau fra\u00eeche et lisse.<\/p>","protected":false},"featured_media":22363,"comment_status":"open","ping_status":"closed","template":"","meta":{"om_disable_all_campaigns":false,"_monsterinsights_skip_tracking":false,"_monsterinsights_sitenote_active":false,"_monsterinsights_sitenote_note":"","_monsterinsights_sitenote_category":0},"product_brand":[],"product_cat":[136,134,61],"product_tag":[],"mwb_booking_cost":[],"mwb_booking_service":[],"class_list":{"0":"post-22162","1":"product","2":"type-product","3":"status-publish","4":"has-post-thumbnail","6":"product_cat-body-care","7":"product_cat-exfoliators-masks","8":"product_cat-skin-care-products","11":"instock","12":"shipping-taxable","13":"purchasable","14":"product-type-simple","15":"product-grid-view"},"aioseo_notices":[],"_links":{"self":[{"href":"https:\/\/posana.com\/fr\/wp-json\/wp\/v2\/product\/22162","targetHints":{"allow":["GET"]}}],"collection":[{"href":"https:\/\/posana.com\/fr\/wp-json\/wp\/v2\/product"}],"about":[{"href":"https:\/\/posana.com\/fr\/wp-json\/wp\/v2\/types\/product"}],"replies":[{"embeddable":true,"href":"https:\/\/posana.com\/fr\/wp-json\/wp\/v2\/comments?post=22162"}],"version-history":[{"count":2,"href":"https:\/\/posana.com\/fr\/wp-json\/wp\/v2\/product\/22162\/revisions"}],"predecessor-version":[{"id":22364,"href":"https:\/\/posana.com\/fr\/wp-json\/wp\/v2\/product\/22162\/revisions\/22364"}],"wp:featuredmedia":[{"embeddable":true,"href":"https:\/\/posana.com\/fr\/wp-json\/wp\/v2\/media\/22363"}],"wp:attachment":[{"href":"https:\/\/posana.com\/fr\/wp-json\/wp\/v2\/media?parent=22162"}],"wp:term":[{"taxonomy":"product_brand","embeddable":true,"href":"https:\/\/posana.com\/fr\/wp-json\/wp\/v2\/product_brand?post=22162"},{"taxonomy":"product_cat","embeddable":true,"href":"https:\/\/posana.com\/fr\/wp-json\/wp\/v2\/product_cat?post=22162"},{"taxonomy":"product_tag","embeddable":true,"href":"https:\/\/posana.com\/fr\/wp-json\/wp\/v2\/product_tag?post=22162"},{"taxonomy":"mwb_booking_cost","embeddable":true,"href":"https:\/\/posana.com\/fr\/wp-json\/wp\/v2\/mwb_booking_cost?post=22162"},{"taxonomy":"mwb_booking_service","embeddable":true,"href":"https:\/\/posana.com\/fr\/wp-json\/wp\/v2\/mwb_booking_service?post=22162"}],"curies":[{"name":"wp","href":"https:\/\/api.w.org\/{rel}","templated":true}]}}