{"id":22131,"date":"2024-12-23T15:13:44","date_gmt":"2024-12-23T15:13:44","guid":{"rendered":"https:\/\/posana.com\/?post_type=product&#038;p=22131"},"modified":"2025-03-09T21:47:08","modified_gmt":"2025-03-09T21:47:08","slug":"bergamot-organic-italy-32ml","status":"publish","type":"product","link":"https:\/\/posana.com\/fr\/produit\/bergamot-organic-italy-32ml\/","title":{"rendered":"Bergamote bio Italie 32ml"},"content":{"rendered":"<p><strong>Regeneration<\/strong><\/p>\n<p>La bergamote purifie les anciennes \u00e9nergies stock\u00e9es par le corps; elle s'ouvre \u00e0 la m\u00e9tamorphose de soi-m\u00eame. La confiance chasse les sentiments n\u00e9gatifs, et le succ\u00e8s devient une certitude. D\u00e9tente, digestive, anxyolitique.<\/p>\n<p>Quel doux parfum c'est celui de la bergamote, aussi appel\u00e9e orange am\u00e8re ! Il peut facilement \u00eatre utilis\u00e9 seul comme un parfum, appliqu\u00e9 sur les v\u00eatements, les poignets et derri\u00e8re l'oreille. La bergamote est apaisante, euphorique, et aide \u00e0 abaisser la pression art\u00e9rielle ainsi que la tension nerveuse.<\/p>","protected":false},"excerpt":{"rendered":"<p>Regeneration Bergamot purifies the old energies stored by the body; it opens to the metamorphosis of oneself. Trust drives out negative feelings, and success becomes a certainty. Relaxing, digestive, anxyolitic. What a sweet perfume it is that of the bergamot, also called bitter orange! It can easily be used alone as a perfume, applied on [&hellip;]<\/p>\n","protected":false},"featured_media":22406,"comment_status":"open","ping_status":"closed","template":"","meta":{"om_disable_all_campaigns":false,"_monsterinsights_skip_tracking":false,"_monsterinsights_sitenote_active":false,"_monsterinsights_sitenote_note":"","_monsterinsights_sitenote_category":0},"product_brand":[192],"product_cat":[107],"product_tag":[],"mwb_booking_cost":[],"mwb_booking_service":[],"class_list":{"0":"post-22131","1":"product","2":"type-product","3":"status-publish","4":"has-post-thumbnail","6":"product_brand-zayat-aroma","7":"product_cat-other-others-products-essentials-oils","10":"instock","11":"shipping-taxable","12":"purchasable","13":"product-type-simple","14":"product-grid-view"},"aioseo_notices":[],"_links":{"self":[{"href":"https:\/\/posana.com\/fr\/wp-json\/wp\/v2\/product\/22131","targetHints":{"allow":["GET"]}}],"collection":[{"href":"https:\/\/posana.com\/fr\/wp-json\/wp\/v2\/product"}],"about":[{"href":"https:\/\/posana.com\/fr\/wp-json\/wp\/v2\/types\/product"}],"replies":[{"embeddable":true,"href":"https:\/\/posana.com\/fr\/wp-json\/wp\/v2\/comments?post=22131"}],"version-history":[{"count":3,"href":"https:\/\/posana.com\/fr\/wp-json\/wp\/v2\/product\/22131\/revisions"}],"predecessor-version":[{"id":22407,"href":"https:\/\/posana.com\/fr\/wp-json\/wp\/v2\/product\/22131\/revisions\/22407"}],"wp:featuredmedia":[{"embeddable":true,"href":"https:\/\/posana.com\/fr\/wp-json\/wp\/v2\/media\/22406"}],"wp:attachment":[{"href":"https:\/\/posana.com\/fr\/wp-json\/wp\/v2\/media?parent=22131"}],"wp:term":[{"taxonomy":"product_brand","embeddable":true,"href":"https:\/\/posana.com\/fr\/wp-json\/wp\/v2\/product_brand?post=22131"},{"taxonomy":"product_cat","embeddable":true,"href":"https:\/\/posana.com\/fr\/wp-json\/wp\/v2\/product_cat?post=22131"},{"taxonomy":"product_tag","embeddable":true,"href":"https:\/\/posana.com\/fr\/wp-json\/wp\/v2\/product_tag?post=22131"},{"taxonomy":"mwb_booking_cost","embeddable":true,"href":"https:\/\/posana.com\/fr\/wp-json\/wp\/v2\/mwb_booking_cost?post=22131"},{"taxonomy":"mwb_booking_service","embeddable":true,"href":"https:\/\/posana.com\/fr\/wp-json\/wp\/v2\/mwb_booking_service?post=22131"}],"curies":[{"name":"wp","href":"https:\/\/api.w.org\/{rel}","templated":true}]}}