{"id":22127,"date":"2024-12-23T15:13:44","date_gmt":"2024-12-23T15:13:44","guid":{"rendered":"https:\/\/posana.com\/?post_type=product&#038;p=22127"},"modified":"2025-01-07T16:51:39","modified_gmt":"2025-01-07T16:51:39","slug":"balancing-bioarome-vd-50ml","status":"publish","type":"product","link":"https:\/\/posana.com\/fr\/produit\/balancing-bioarome-vd-50ml\/","title":{"rendered":"Balancing Bioarome (VD) 50ml"},"content":{"rendered":"<p>S\u00e9rum pour traiter l'enflure Decongets et \u00e9limine toutes les traces de fatigue. Visage: yeux congel\u00e9s, intoxiqu\u00e9s et\/ou gonfl\u00e9s. Corps: jambes lourdes, cellulite (peau d'orange) et r\u00e9tention d'eau.Types de peau Congest\u00e9s (\u0153d\u00e8me), peau gonfl\u00e9e, intoxiqu\u00e9e et yeux bouffis. Post-chirurgie, post-liposuccion. Corps: jambes lourdes, cellulite (\u00e9corce d'orange) et r\u00e9tention d'eau.<\/p>","protected":false},"excerpt":{"rendered":"<p>S\u00e9rum pour traiter l'enflure Decongets et \u00e9limine toutes les traces de fatigue. Visage: yeux congel\u00e9s, intoxiqu\u00e9s et\/ou gonfl\u00e9s. Corps: jambes lourdes, cellulite (peau d'orange) et r\u00e9tention d'eau.Types de peau Congest\u00e9s (\u0153d\u00e8me), peau gonfl\u00e9e, intoxiqu\u00e9e et yeux bouffis. Post-chirurgie, post-liposuccion. Corps: jambes lourdes, cellulite (\u00e9corce d'orange) et r\u00e9tention d'eau.<\/p>","protected":false},"featured_media":22387,"comment_status":"open","ping_status":"closed","template":"","meta":{"om_disable_all_campaigns":false,"_monsterinsights_skip_tracking":false,"_monsterinsights_sitenote_active":false,"_monsterinsights_sitenote_note":"","_monsterinsights_sitenote_category":0},"product_brand":[],"product_cat":[132,61],"product_tag":[],"mwb_booking_cost":[],"mwb_booking_service":[],"class_list":{"0":"post-22127","1":"product","2":"type-product","3":"status-publish","4":"has-post-thumbnail","6":"product_cat-serums","7":"product_cat-skin-care-products","10":"instock","11":"shipping-taxable","12":"purchasable","13":"product-type-simple","14":"product-grid-view"},"aioseo_notices":[],"_links":{"self":[{"href":"https:\/\/posana.com\/fr\/wp-json\/wp\/v2\/product\/22127","targetHints":{"allow":["GET"]}}],"collection":[{"href":"https:\/\/posana.com\/fr\/wp-json\/wp\/v2\/product"}],"about":[{"href":"https:\/\/posana.com\/fr\/wp-json\/wp\/v2\/types\/product"}],"replies":[{"embeddable":true,"href":"https:\/\/posana.com\/fr\/wp-json\/wp\/v2\/comments?post=22127"}],"version-history":[{"count":2,"href":"https:\/\/posana.com\/fr\/wp-json\/wp\/v2\/product\/22127\/revisions"}],"predecessor-version":[{"id":22402,"href":"https:\/\/posana.com\/fr\/wp-json\/wp\/v2\/product\/22127\/revisions\/22402"}],"wp:featuredmedia":[{"embeddable":true,"href":"https:\/\/posana.com\/fr\/wp-json\/wp\/v2\/media\/22387"}],"wp:attachment":[{"href":"https:\/\/posana.com\/fr\/wp-json\/wp\/v2\/media?parent=22127"}],"wp:term":[{"taxonomy":"product_brand","embeddable":true,"href":"https:\/\/posana.com\/fr\/wp-json\/wp\/v2\/product_brand?post=22127"},{"taxonomy":"product_cat","embeddable":true,"href":"https:\/\/posana.com\/fr\/wp-json\/wp\/v2\/product_cat?post=22127"},{"taxonomy":"product_tag","embeddable":true,"href":"https:\/\/posana.com\/fr\/wp-json\/wp\/v2\/product_tag?post=22127"},{"taxonomy":"mwb_booking_cost","embeddable":true,"href":"https:\/\/posana.com\/fr\/wp-json\/wp\/v2\/mwb_booking_cost?post=22127"},{"taxonomy":"mwb_booking_service","embeddable":true,"href":"https:\/\/posana.com\/fr\/wp-json\/wp\/v2\/mwb_booking_service?post=22127"}],"curies":[{"name":"wp","href":"https:\/\/api.w.org\/{rel}","templated":true}]}}