{"id":22124,"date":"2024-12-23T15:13:44","date_gmt":"2024-12-23T15:13:44","guid":{"rendered":"https:\/\/posana.com\/?post_type=product&#038;p=22124"},"modified":"2024-12-23T17:46:10","modified_gmt":"2024-12-23T17:46:10","slug":"bl-black-glue-eyeliner-for-strip-lashes","status":"publish","type":"product","link":"https:\/\/posana.com\/fr\/produit\/bl-black-glue-eyeliner-for-strip-lashes\/","title":{"rendered":"BL Black Glue Eyeliner pour les cils \u00e0 bandes"},"content":{"rendered":"<ul>\n<li>2-en-1 Eyeliner | Le r\u00e9volutionnaire BL Glue Eyeliner est un stylo eye-liner et une colle \u00e0 cils dans un. C\u2019est parfait pour une solution de maquillage rapide, facile et sans g\u00e2chis<\/li>\n<li><span class=\"a-list-item\">S\u00e9chage rapide et fort | Il suffit de tapisser votre couvercle sup\u00e9rieur avec le BL Glue Eyeliner, placez vos faux cils, et vous \u00eates pr\u00eat \u00e0 partir! Non seulement cela, mais BL Glue Eyeliner gardera vos fausses en place toute la journ\u00e9e<\/span><\/li>\n<li><span class=\"a-list-item\">Compatible avec tous les cils \u00e0 bandes | BL Glue Eyeliner fonctionne pour tous vos cils pr\u00e9f\u00e9r\u00e9s: bande, magn\u00e9tique et \u00e9ruption<\/span><\/li>\n<li><span class=\"a-list-item\">Couleur et pr\u00e9cision | Jet black BL Glue Eyeliner est livr\u00e9 avec une pointe de stylo en feutre pr\u00e9cise qui est con\u00e7ue pour des lignes \u00e9pur\u00e9es et une application en douceur<\/span><\/li>\n<li><span class=\"a-list-item\">Formule douce | Sans ingr\u00e9dients nocifs comme le formald\u00e9hyde, le latex et le parab\u00e8ne, BL Glue Eyeliner convient aux yeux sensibles<\/span><\/li>\n<\/ul>","protected":false},"excerpt":{"rendered":"<p>2-in-1 Eyeliner | The revolutionary BL Glue Eyeliner is an eyeliner pen and lash glue in one. It\u2019s perfect for a quick, easy, and mess-free makeup solution Fast-drying &amp; strong | Simply line your upper lid with the BL Glue Eyeliner, place your fake lashes, and you\u2019re ready to go! Not only that, but BL [&hellip;]<\/p>\n","protected":false},"featured_media":22398,"comment_status":"open","ping_status":"closed","template":"","meta":{"om_disable_all_campaigns":false,"_monsterinsights_skip_tracking":false,"_monsterinsights_sitenote_active":false,"_monsterinsights_sitenote_note":"","_monsterinsights_sitenote_category":0},"product_brand":[],"product_cat":[15],"product_tag":[],"mwb_booking_cost":[],"mwb_booking_service":[],"class_list":{"0":"post-22124","1":"product","2":"type-product","3":"status-publish","4":"has-post-thumbnail","6":"product_cat-eyelash-extensions","9":"instock","10":"shipping-taxable","11":"purchasable","12":"product-type-simple","13":"product-grid-view"},"aioseo_notices":[],"_links":{"self":[{"href":"https:\/\/posana.com\/fr\/wp-json\/wp\/v2\/product\/22124","targetHints":{"allow":["GET"]}}],"collection":[{"href":"https:\/\/posana.com\/fr\/wp-json\/wp\/v2\/product"}],"about":[{"href":"https:\/\/posana.com\/fr\/wp-json\/wp\/v2\/types\/product"}],"replies":[{"embeddable":true,"href":"https:\/\/posana.com\/fr\/wp-json\/wp\/v2\/comments?post=22124"}],"version-history":[{"count":2,"href":"https:\/\/posana.com\/fr\/wp-json\/wp\/v2\/product\/22124\/revisions"}],"predecessor-version":[{"id":22399,"href":"https:\/\/posana.com\/fr\/wp-json\/wp\/v2\/product\/22124\/revisions\/22399"}],"wp:featuredmedia":[{"embeddable":true,"href":"https:\/\/posana.com\/fr\/wp-json\/wp\/v2\/media\/22398"}],"wp:attachment":[{"href":"https:\/\/posana.com\/fr\/wp-json\/wp\/v2\/media?parent=22124"}],"wp:term":[{"taxonomy":"product_brand","embeddable":true,"href":"https:\/\/posana.com\/fr\/wp-json\/wp\/v2\/product_brand?post=22124"},{"taxonomy":"product_cat","embeddable":true,"href":"https:\/\/posana.com\/fr\/wp-json\/wp\/v2\/product_cat?post=22124"},{"taxonomy":"product_tag","embeddable":true,"href":"https:\/\/posana.com\/fr\/wp-json\/wp\/v2\/product_tag?post=22124"},{"taxonomy":"mwb_booking_cost","embeddable":true,"href":"https:\/\/posana.com\/fr\/wp-json\/wp\/v2\/mwb_booking_cost?post=22124"},{"taxonomy":"mwb_booking_service","embeddable":true,"href":"https:\/\/posana.com\/fr\/wp-json\/wp\/v2\/mwb_booking_service?post=22124"}],"curies":[{"name":"wp","href":"https:\/\/api.w.org\/{rel}","templated":true}]}}