{"id":22123,"date":"2024-12-23T15:13:44","date_gmt":"2024-12-23T15:13:44","guid":{"rendered":"https:\/\/posana.com\/?post_type=product&#038;p=22123"},"modified":"2024-12-23T20:50:39","modified_gmt":"2024-12-23T20:50:39","slug":"bb-camouflage-stick","status":"publish","type":"product","link":"https:\/\/posana.com\/fr\/produit\/bb-camouflage-stick\/","title":{"rendered":"BB Camouflage Stick"},"content":{"rendered":"<p>CAILYN BB Camouflage Stick est un dissimuleur \u00e0 couverture compl\u00e8te qui couvre les imperfections tout en donnant \u00e0 votre peau une dose de soin pour am\u00e9liorer un \u00e9clat naturel. La forme pratique du b\u00e2ton glisse doucement pour masquer l'apparence des cernes, des imperfections, des rougeurs pour un teint impeccable. Un m\u00e9lange de beurre de karit\u00e9 et d\u2019huiles naturelles nourrit et \u00e9quilibrent la peau.<\/p>","protected":false},"excerpt":{"rendered":"<p>CAILYN BB Camouflage Stick is a full-coverage concealer that covers up imperfections while giving your skin a dose of skincare to enhance a natural radiance. The convenient stick form gently glides to mask the appearance of dark circles, blemishes, redness for a flawless complexion. A blend of shea butter and natural oils nourish and balance [&hellip;]<\/p>\n","protected":false},"featured_media":22453,"comment_status":"open","ping_status":"closed","template":"","meta":{"om_disable_all_campaigns":false,"_monsterinsights_skip_tracking":false,"_monsterinsights_sitenote_active":false,"_monsterinsights_sitenote_note":"","_monsterinsights_sitenote_category":0},"product_brand":[],"product_cat":[63],"product_tag":[],"mwb_booking_cost":[],"mwb_booking_service":[],"class_list":{"0":"post-22123","1":"product","2":"type-product","3":"status-publish","4":"has-post-thumbnail","6":"product_cat-beauty-essentials","9":"instock","10":"shipping-taxable","11":"purchasable","12":"product-type-simple","13":"product-grid-view"},"aioseo_notices":[],"_links":{"self":[{"href":"https:\/\/posana.com\/fr\/wp-json\/wp\/v2\/product\/22123","targetHints":{"allow":["GET"]}}],"collection":[{"href":"https:\/\/posana.com\/fr\/wp-json\/wp\/v2\/product"}],"about":[{"href":"https:\/\/posana.com\/fr\/wp-json\/wp\/v2\/types\/product"}],"replies":[{"embeddable":true,"href":"https:\/\/posana.com\/fr\/wp-json\/wp\/v2\/comments?post=22123"}],"version-history":[{"count":1,"href":"https:\/\/posana.com\/fr\/wp-json\/wp\/v2\/product\/22123\/revisions"}],"predecessor-version":[{"id":22153,"href":"https:\/\/posana.com\/fr\/wp-json\/wp\/v2\/product\/22123\/revisions\/22153"}],"wp:featuredmedia":[{"embeddable":true,"href":"https:\/\/posana.com\/fr\/wp-json\/wp\/v2\/media\/22453"}],"wp:attachment":[{"href":"https:\/\/posana.com\/fr\/wp-json\/wp\/v2\/media?parent=22123"}],"wp:term":[{"taxonomy":"product_brand","embeddable":true,"href":"https:\/\/posana.com\/fr\/wp-json\/wp\/v2\/product_brand?post=22123"},{"taxonomy":"product_cat","embeddable":true,"href":"https:\/\/posana.com\/fr\/wp-json\/wp\/v2\/product_cat?post=22123"},{"taxonomy":"product_tag","embeddable":true,"href":"https:\/\/posana.com\/fr\/wp-json\/wp\/v2\/product_tag?post=22123"},{"taxonomy":"mwb_booking_cost","embeddable":true,"href":"https:\/\/posana.com\/fr\/wp-json\/wp\/v2\/mwb_booking_cost?post=22123"},{"taxonomy":"mwb_booking_service","embeddable":true,"href":"https:\/\/posana.com\/fr\/wp-json\/wp\/v2\/mwb_booking_service?post=22123"}],"curies":[{"name":"wp","href":"https:\/\/api.w.org\/{rel}","templated":true}]}}