{"id":22122,"date":"2024-12-23T15:13:44","date_gmt":"2024-12-23T15:13:44","guid":{"rendered":"https:\/\/posana.com\/?post_type=product&#038;p=22122"},"modified":"2024-12-23T17:46:17","modified_gmt":"2024-12-23T17:46:17","slug":"aromatic-blend-outamal-100ml","status":"publish","type":"product","link":"https:\/\/posana.com\/fr\/produit\/aromatic-blend-outamal-100ml\/","title":{"rendered":"M\u00e9lange aromatique Outamal 100ml"},"content":{"rendered":"<p>Outamal est utilis\u00e9 pour soulager les douleurs musculaires et articulaires. Compos\u00e9 d'une synergie d'essences aromatiques dans une base d'huile \u00e0 partir de fleurs hypericum, Outamal est connu pour \u00eatre un excellent anti-inflammatoire et un analg\u00e9sique naturel.<\/p>","protected":false},"excerpt":{"rendered":"<p>Outamal est utilis\u00e9 pour soulager les douleurs musculaires et articulaires. Compos\u00e9 d'une synergie d'essences aromatiques dans une base d'huile \u00e0 partir de fleurs hypericum, Outamal est connu pour \u00eatre un excellent anti-inflammatoire et un analg\u00e9sique naturel.<\/p>","protected":false},"featured_media":22395,"comment_status":"open","ping_status":"closed","template":"","meta":{"om_disable_all_campaigns":false,"_monsterinsights_skip_tracking":false,"_monsterinsights_sitenote_active":false,"_monsterinsights_sitenote_note":"","_monsterinsights_sitenote_category":0},"product_brand":[],"product_cat":[102],"product_tag":[],"mwb_booking_cost":[],"mwb_booking_service":[],"class_list":{"0":"post-22122","1":"product","2":"type-product","3":"status-publish","4":"has-post-thumbnail","6":"product_cat-skin-care-products-body-care-products","9":"instock","10":"shipping-taxable","11":"purchasable","12":"product-type-simple","13":"product-grid-view"},"aioseo_notices":[],"_links":{"self":[{"href":"https:\/\/posana.com\/fr\/wp-json\/wp\/v2\/product\/22122","targetHints":{"allow":["GET"]}}],"collection":[{"href":"https:\/\/posana.com\/fr\/wp-json\/wp\/v2\/product"}],"about":[{"href":"https:\/\/posana.com\/fr\/wp-json\/wp\/v2\/types\/product"}],"replies":[{"embeddable":true,"href":"https:\/\/posana.com\/fr\/wp-json\/wp\/v2\/comments?post=22122"}],"version-history":[{"count":2,"href":"https:\/\/posana.com\/fr\/wp-json\/wp\/v2\/product\/22122\/revisions"}],"predecessor-version":[{"id":22397,"href":"https:\/\/posana.com\/fr\/wp-json\/wp\/v2\/product\/22122\/revisions\/22397"}],"wp:featuredmedia":[{"embeddable":true,"href":"https:\/\/posana.com\/fr\/wp-json\/wp\/v2\/media\/22395"}],"wp:attachment":[{"href":"https:\/\/posana.com\/fr\/wp-json\/wp\/v2\/media?parent=22122"}],"wp:term":[{"taxonomy":"product_brand","embeddable":true,"href":"https:\/\/posana.com\/fr\/wp-json\/wp\/v2\/product_brand?post=22122"},{"taxonomy":"product_cat","embeddable":true,"href":"https:\/\/posana.com\/fr\/wp-json\/wp\/v2\/product_cat?post=22122"},{"taxonomy":"product_tag","embeddable":true,"href":"https:\/\/posana.com\/fr\/wp-json\/wp\/v2\/product_tag?post=22122"},{"taxonomy":"mwb_booking_cost","embeddable":true,"href":"https:\/\/posana.com\/fr\/wp-json\/wp\/v2\/mwb_booking_cost?post=22122"},{"taxonomy":"mwb_booking_service","embeddable":true,"href":"https:\/\/posana.com\/fr\/wp-json\/wp\/v2\/mwb_booking_service?post=22122"}],"curies":[{"name":"wp","href":"https:\/\/api.w.org\/{rel}","templated":true}]}}