{"id":22121,"date":"2024-12-23T15:13:44","date_gmt":"2024-12-23T15:13:44","guid":{"rendered":"https:\/\/posana.com\/?post_type=product&#038;p=22121"},"modified":"2025-02-09T21:25:16","modified_gmt":"2025-02-09T21:25:16","slug":"arnica-100-oily-macerate","status":"publish","type":"product","link":"https:\/\/posana.com\/fr\/produit\/arnica-100-oily-macerate\/","title":{"rendered":"Arnica 100% mac\u00e9r\u00e9 huileux"},"content":{"rendered":"<p>Ce mac\u00e9rat huileux est pr\u00e9par\u00e9 par mac\u00e9ration de fleurs d'arnica pendant plusieurs semaines dans une huile vierge de tournesol press\u00e9e \u00e0 froid. Ses propri\u00e9t\u00e9s en font un puissant anti-ecchymoses et anti-inflammatoire.<\/p>","protected":false},"excerpt":{"rendered":"<p>Ce mac\u00e9rat huileux est pr\u00e9par\u00e9 par mac\u00e9ration de fleurs d'arnica pendant plusieurs semaines dans une huile vierge de tournesol press\u00e9e \u00e0 froid. Ses propri\u00e9t\u00e9s en font un puissant anti-ecchymoses et anti-inflammatoire.<\/p>","protected":false},"featured_media":22392,"comment_status":"open","ping_status":"closed","template":"","meta":{"om_disable_all_campaigns":false,"_monsterinsights_skip_tracking":false,"_monsterinsights_sitenote_active":false,"_monsterinsights_sitenote_note":"","_monsterinsights_sitenote_category":0},"product_brand":[192],"product_cat":[61],"product_tag":[],"mwb_booking_cost":[],"mwb_booking_service":[],"class_list":{"0":"post-22121","1":"product","2":"type-product","3":"status-publish","4":"has-post-thumbnail","6":"product_brand-zayat-aroma","7":"product_cat-skin-care-products","10":"instock","11":"shipping-taxable","12":"purchasable","13":"product-type-simple","14":"product-grid-view"},"aioseo_notices":[],"_links":{"self":[{"href":"https:\/\/posana.com\/fr\/wp-json\/wp\/v2\/product\/22121","targetHints":{"allow":["GET"]}}],"collection":[{"href":"https:\/\/posana.com\/fr\/wp-json\/wp\/v2\/product"}],"about":[{"href":"https:\/\/posana.com\/fr\/wp-json\/wp\/v2\/types\/product"}],"replies":[{"embeddable":true,"href":"https:\/\/posana.com\/fr\/wp-json\/wp\/v2\/comments?post=22121"}],"version-history":[{"count":2,"href":"https:\/\/posana.com\/fr\/wp-json\/wp\/v2\/product\/22121\/revisions"}],"predecessor-version":[{"id":22393,"href":"https:\/\/posana.com\/fr\/wp-json\/wp\/v2\/product\/22121\/revisions\/22393"}],"wp:featuredmedia":[{"embeddable":true,"href":"https:\/\/posana.com\/fr\/wp-json\/wp\/v2\/media\/22392"}],"wp:attachment":[{"href":"https:\/\/posana.com\/fr\/wp-json\/wp\/v2\/media?parent=22121"}],"wp:term":[{"taxonomy":"product_brand","embeddable":true,"href":"https:\/\/posana.com\/fr\/wp-json\/wp\/v2\/product_brand?post=22121"},{"taxonomy":"product_cat","embeddable":true,"href":"https:\/\/posana.com\/fr\/wp-json\/wp\/v2\/product_cat?post=22121"},{"taxonomy":"product_tag","embeddable":true,"href":"https:\/\/posana.com\/fr\/wp-json\/wp\/v2\/product_tag?post=22121"},{"taxonomy":"mwb_booking_cost","embeddable":true,"href":"https:\/\/posana.com\/fr\/wp-json\/wp\/v2\/mwb_booking_cost?post=22121"},{"taxonomy":"mwb_booking_service","embeddable":true,"href":"https:\/\/posana.com\/fr\/wp-json\/wp\/v2\/mwb_booking_service?post=22121"}],"curies":[{"name":"wp","href":"https:\/\/api.w.org\/{rel}","templated":true}]}}