{"id":22120,"date":"2024-12-23T15:13:44","date_gmt":"2024-12-23T15:13:44","guid":{"rendered":"https:\/\/posana.com\/?post_type=product&#038;p=22120"},"modified":"2024-12-23T17:44:06","modified_gmt":"2024-12-23T17:44:06","slug":"appret-cils-50ml","status":"publish","type":"product","link":"https:\/\/posana.com\/fr\/produit\/appret-cils-50ml\/","title":{"rendered":"Appret Cils 50ml"},"content":{"rendered":"<p>Cette amorce est utilis\u00e9e pour nettoyer et d\u00e9sinfecter les cils naturels. Il enl\u00e8vera toute salet\u00e9, huile et maquillage sur les cils naturels qui emp\u00eachent les extensions de s'y adh\u00e9rer. Utiliser imm\u00e9diatement avant votre processus de demande.<\/p>","protected":false},"excerpt":{"rendered":"<p>Cette amorce est utilis\u00e9e pour nettoyer et d\u00e9sinfecter les cils naturels. Il enl\u00e8vera toute salet\u00e9, huile et maquillage sur les cils naturels qui emp\u00eachent les extensions de s'y adh\u00e9rer. Utiliser imm\u00e9diatement avant votre processus de demande.<\/p>","protected":false},"featured_media":22390,"comment_status":"open","ping_status":"closed","template":"","meta":{"om_disable_all_campaigns":false,"_monsterinsights_skip_tracking":false,"_monsterinsights_sitenote_active":false,"_monsterinsights_sitenote_note":"","_monsterinsights_sitenote_category":0},"product_brand":[],"product_cat":[101],"product_tag":[],"mwb_booking_cost":[],"mwb_booking_service":[],"class_list":{"0":"post-22120","1":"product","2":"type-product","3":"status-publish","4":"has-post-thumbnail","6":"product_cat-eyelash-extensions-glue-and-remover","9":"instock","10":"shipping-taxable","11":"purchasable","12":"product-type-simple","13":"product-grid-view"},"aioseo_notices":[],"_links":{"self":[{"href":"https:\/\/posana.com\/fr\/wp-json\/wp\/v2\/product\/22120","targetHints":{"allow":["GET"]}}],"collection":[{"href":"https:\/\/posana.com\/fr\/wp-json\/wp\/v2\/product"}],"about":[{"href":"https:\/\/posana.com\/fr\/wp-json\/wp\/v2\/types\/product"}],"replies":[{"embeddable":true,"href":"https:\/\/posana.com\/fr\/wp-json\/wp\/v2\/comments?post=22120"}],"version-history":[{"count":1,"href":"https:\/\/posana.com\/fr\/wp-json\/wp\/v2\/product\/22120\/revisions"}],"predecessor-version":[{"id":22150,"href":"https:\/\/posana.com\/fr\/wp-json\/wp\/v2\/product\/22120\/revisions\/22150"}],"wp:featuredmedia":[{"embeddable":true,"href":"https:\/\/posana.com\/fr\/wp-json\/wp\/v2\/media\/22390"}],"wp:attachment":[{"href":"https:\/\/posana.com\/fr\/wp-json\/wp\/v2\/media?parent=22120"}],"wp:term":[{"taxonomy":"product_brand","embeddable":true,"href":"https:\/\/posana.com\/fr\/wp-json\/wp\/v2\/product_brand?post=22120"},{"taxonomy":"product_cat","embeddable":true,"href":"https:\/\/posana.com\/fr\/wp-json\/wp\/v2\/product_cat?post=22120"},{"taxonomy":"product_tag","embeddable":true,"href":"https:\/\/posana.com\/fr\/wp-json\/wp\/v2\/product_tag?post=22120"},{"taxonomy":"mwb_booking_cost","embeddable":true,"href":"https:\/\/posana.com\/fr\/wp-json\/wp\/v2\/mwb_booking_cost?post=22120"},{"taxonomy":"mwb_booking_service","embeddable":true,"href":"https:\/\/posana.com\/fr\/wp-json\/wp\/v2\/mwb_booking_service?post=22120"}],"curies":[{"name":"wp","href":"https:\/\/api.w.org\/{rel}","templated":true}]}}