{"id":22118,"date":"2024-12-23T15:13:44","date_gmt":"2024-12-23T15:13:44","guid":{"rendered":"https:\/\/posana.com\/?post_type=product&#038;p=22118"},"modified":"2024-12-23T17:43:20","modified_gmt":"2024-12-23T17:43:20","slug":"anti-redness-bioarome-fl-50ml","status":"publish","type":"product","link":"https:\/\/posana.com\/fr\/produit\/anti-redness-bioarome-fl-50ml\/","title":{"rendered":"Anti-rougeur Bioarome (FL) 50ml"},"content":{"rendered":"<p>S\u00e9rum pour rougeur, peau sensible et t\u00e9langiectasie Ce s\u00e9rum de traitement est id\u00e9al pour les peaux rouges, couperose et sensibles. D\u00e9congeste la peau et renforce les parois capillaires. L\u2019utilisation quotidienne d\u00e9sensibilise et renforce la peau tout en \u00e9liminant les rougeurs. Id\u00e9al pour la peau rouge sensible (rosac\u00e9e) sujette aux capillaires cass\u00e9s et veines d'araign\u00e9e.Types de peau \u0095 Sensible, rouge, d\u00e9shydrat\u00e9, s\u00e8che, congestionn\u00e9e. Rosac\u00e9e, t\u00e9langiectasie, Couperose. Corps: fragilit\u00e9 capillaire, t\u00e9langiectasie.<\/p>","protected":false},"excerpt":{"rendered":"<p>Serum for redness, sensitive skin, and telangiectasia This treatment serum is ideal for red, couperose, and sensitive skin. Decongests the skin and strengthens the capillary walls. Daily use will desensitize and reinforce the skin while eliminating redness. Ideal for sensitive red (rosacea) skin prone to broken capillaries and spider veins.Skin Types \u0095 Sensitive, red, dehydrated, [&hellip;]<\/p>\n","protected":false},"featured_media":22387,"comment_status":"open","ping_status":"closed","template":"","meta":{"om_disable_all_campaigns":false,"_monsterinsights_skip_tracking":false,"_monsterinsights_sitenote_active":false,"_monsterinsights_sitenote_note":"","_monsterinsights_sitenote_category":0},"product_brand":[],"product_cat":[100],"product_tag":[],"mwb_booking_cost":[],"mwb_booking_service":[],"class_list":{"0":"post-22118","1":"product","2":"type-product","3":"status-publish","4":"has-post-thumbnail","6":"product_cat-other-therapeutic-synergies","9":"instock","10":"shipping-taxable","11":"purchasable","12":"product-type-simple","13":"product-grid-view"},"aioseo_notices":[],"_links":{"self":[{"href":"https:\/\/posana.com\/fr\/wp-json\/wp\/v2\/product\/22118","targetHints":{"allow":["GET"]}}],"collection":[{"href":"https:\/\/posana.com\/fr\/wp-json\/wp\/v2\/product"}],"about":[{"href":"https:\/\/posana.com\/fr\/wp-json\/wp\/v2\/types\/product"}],"replies":[{"embeddable":true,"href":"https:\/\/posana.com\/fr\/wp-json\/wp\/v2\/comments?post=22118"}],"version-history":[{"count":2,"href":"https:\/\/posana.com\/fr\/wp-json\/wp\/v2\/product\/22118\/revisions"}],"predecessor-version":[{"id":22388,"href":"https:\/\/posana.com\/fr\/wp-json\/wp\/v2\/product\/22118\/revisions\/22388"}],"wp:featuredmedia":[{"embeddable":true,"href":"https:\/\/posana.com\/fr\/wp-json\/wp\/v2\/media\/22387"}],"wp:attachment":[{"href":"https:\/\/posana.com\/fr\/wp-json\/wp\/v2\/media?parent=22118"}],"wp:term":[{"taxonomy":"product_brand","embeddable":true,"href":"https:\/\/posana.com\/fr\/wp-json\/wp\/v2\/product_brand?post=22118"},{"taxonomy":"product_cat","embeddable":true,"href":"https:\/\/posana.com\/fr\/wp-json\/wp\/v2\/product_cat?post=22118"},{"taxonomy":"product_tag","embeddable":true,"href":"https:\/\/posana.com\/fr\/wp-json\/wp\/v2\/product_tag?post=22118"},{"taxonomy":"mwb_booking_cost","embeddable":true,"href":"https:\/\/posana.com\/fr\/wp-json\/wp\/v2\/mwb_booking_cost?post=22118"},{"taxonomy":"mwb_booking_service","embeddable":true,"href":"https:\/\/posana.com\/fr\/wp-json\/wp\/v2\/mwb_booking_service?post=22118"}],"curies":[{"name":"wp","href":"https:\/\/api.w.org\/{rel}","templated":true}]}}