{"id":22117,"date":"2024-12-23T15:13:43","date_gmt":"2024-12-23T15:13:43","guid":{"rendered":"https:\/\/posana.com\/?post_type=product&#038;p=22117"},"modified":"2025-01-07T16:48:46","modified_gmt":"2025-01-07T16:48:46","slug":"anti-redness-bioarome-fl-15ml","status":"publish","type":"product","link":"https:\/\/posana.com\/fr\/produit\/anti-redness-bioarome-fl-15ml\/","title":{"rendered":"Anti-rougeur Bioarome (FL) 15ml"},"content":{"rendered":"<p>S\u00e9rum pour rougeur, peau sensible et t\u00e9langiectasie Ce s\u00e9rum de traitement est id\u00e9al pour les peaux rouges, couperose et sensibles. D\u00e9congeste la peau et renforce les parois capillaires. L\u2019utilisation quotidienne d\u00e9sensibilise et renforce la peau tout en \u00e9liminant les rougeurs. Id\u00e9al pour la peau rouge sensible (rosac\u00e9e) sujette aux capillaires cass\u00e9s et aux veines d'araign\u00e9e.<\/p>","protected":false},"excerpt":{"rendered":"<p>S\u00e9rum pour rougeur, peau sensible et t\u00e9langiectasie Ce s\u00e9rum de traitement est id\u00e9al pour les peaux rouges, couperose et sensibles. D\u00e9congeste la peau et renforce les parois capillaires. L\u2019utilisation quotidienne d\u00e9sensibilise et renforce la peau tout en \u00e9liminant les rougeurs. Id\u00e9al pour la peau rouge sensible (rosac\u00e9e) sujette aux capillaires cass\u00e9s et aux veines d'araign\u00e9e.<\/p>","protected":false},"featured_media":22438,"comment_status":"open","ping_status":"closed","template":"","meta":{"om_disable_all_campaigns":false,"_monsterinsights_skip_tracking":false,"_monsterinsights_sitenote_active":false,"_monsterinsights_sitenote_note":"","_monsterinsights_sitenote_category":0},"product_brand":[],"product_cat":[132,61],"product_tag":[],"mwb_booking_cost":[],"mwb_booking_service":[],"class_list":{"0":"post-22117","1":"product","2":"type-product","3":"status-publish","4":"has-post-thumbnail","6":"product_cat-serums","7":"product_cat-skin-care-products","10":"instock","11":"shipping-taxable","12":"purchasable","13":"product-type-simple","14":"product-grid-view"},"aioseo_notices":[],"_links":{"self":[{"href":"https:\/\/posana.com\/fr\/wp-json\/wp\/v2\/product\/22117","targetHints":{"allow":["GET"]}}],"collection":[{"href":"https:\/\/posana.com\/fr\/wp-json\/wp\/v2\/product"}],"about":[{"href":"https:\/\/posana.com\/fr\/wp-json\/wp\/v2\/types\/product"}],"replies":[{"embeddable":true,"href":"https:\/\/posana.com\/fr\/wp-json\/wp\/v2\/comments?post=22117"}],"version-history":[{"count":3,"href":"https:\/\/posana.com\/fr\/wp-json\/wp\/v2\/product\/22117\/revisions"}],"predecessor-version":[{"id":23575,"href":"https:\/\/posana.com\/fr\/wp-json\/wp\/v2\/product\/22117\/revisions\/23575"}],"wp:featuredmedia":[{"embeddable":true,"href":"https:\/\/posana.com\/fr\/wp-json\/wp\/v2\/media\/22438"}],"wp:attachment":[{"href":"https:\/\/posana.com\/fr\/wp-json\/wp\/v2\/media?parent=22117"}],"wp:term":[{"taxonomy":"product_brand","embeddable":true,"href":"https:\/\/posana.com\/fr\/wp-json\/wp\/v2\/product_brand?post=22117"},{"taxonomy":"product_cat","embeddable":true,"href":"https:\/\/posana.com\/fr\/wp-json\/wp\/v2\/product_cat?post=22117"},{"taxonomy":"product_tag","embeddable":true,"href":"https:\/\/posana.com\/fr\/wp-json\/wp\/v2\/product_tag?post=22117"},{"taxonomy":"mwb_booking_cost","embeddable":true,"href":"https:\/\/posana.com\/fr\/wp-json\/wp\/v2\/mwb_booking_cost?post=22117"},{"taxonomy":"mwb_booking_service","embeddable":true,"href":"https:\/\/posana.com\/fr\/wp-json\/wp\/v2\/mwb_booking_service?post=22117"}],"curies":[{"name":"wp","href":"https:\/\/api.w.org\/{rel}","templated":true}]}}