{"id":22116,"date":"2024-12-23T15:13:43","date_gmt":"2024-12-23T15:13:43","guid":{"rendered":"https:\/\/posana.com\/?post_type=product&#038;p=22116"},"modified":"2025-01-07T16:47:34","modified_gmt":"2025-01-07T16:47:34","slug":"anti-impurities-bioarome-ds-50ml","status":"publish","type":"product","link":"https:\/\/posana.com\/fr\/produit\/anti-impurities-bioarome-ds-50ml\/","title":{"rendered":"Anti-Impurities Bioarome (DS) 50ml"},"content":{"rendered":"<p>S\u00e9rum pour papules (boutons) et kystes s\u00e9bac\u00e9s Purifie et d\u00e9toxifie la peau. Traitement de la peau impure, intoxiqu\u00e9e et asphyxi\u00e9e avec des boutons et des kystes. \u00c0 utiliser en combinaison avec la cr\u00e8me purifiante pour obtenir un teint plus clair et plus radieux.<\/p>","protected":false},"excerpt":{"rendered":"<p>S\u00e9rum pour papules (boutons) et kystes s\u00e9bac\u00e9s Purifie et d\u00e9toxifie la peau. Traitement de la peau impure, intoxiqu\u00e9e et asphyxi\u00e9e avec des boutons et des kystes. \u00c0 utiliser en combinaison avec la cr\u00e8me purifiante pour obtenir un teint plus clair et plus radieux.<\/p>","protected":false},"featured_media":22387,"comment_status":"open","ping_status":"closed","template":"","meta":{"om_disable_all_campaigns":false,"_monsterinsights_skip_tracking":false,"_monsterinsights_sitenote_active":false,"_monsterinsights_sitenote_note":"","_monsterinsights_sitenote_category":0},"product_brand":[],"product_cat":[132,61],"product_tag":[],"mwb_booking_cost":[],"mwb_booking_service":[],"class_list":{"0":"post-22116","1":"product","2":"type-product","3":"status-publish","4":"has-post-thumbnail","6":"product_cat-serums","7":"product_cat-skin-care-products","10":"instock","11":"shipping-taxable","12":"purchasable","13":"product-type-simple","14":"product-grid-view"},"aioseo_notices":[],"_links":{"self":[{"href":"https:\/\/posana.com\/fr\/wp-json\/wp\/v2\/product\/22116","targetHints":{"allow":["GET"]}}],"collection":[{"href":"https:\/\/posana.com\/fr\/wp-json\/wp\/v2\/product"}],"about":[{"href":"https:\/\/posana.com\/fr\/wp-json\/wp\/v2\/types\/product"}],"replies":[{"embeddable":true,"href":"https:\/\/posana.com\/fr\/wp-json\/wp\/v2\/comments?post=22116"}],"version-history":[{"count":3,"href":"https:\/\/posana.com\/fr\/wp-json\/wp\/v2\/product\/22116\/revisions"}],"predecessor-version":[{"id":23574,"href":"https:\/\/posana.com\/fr\/wp-json\/wp\/v2\/product\/22116\/revisions\/23574"}],"wp:featuredmedia":[{"embeddable":true,"href":"https:\/\/posana.com\/fr\/wp-json\/wp\/v2\/media\/22387"}],"wp:attachment":[{"href":"https:\/\/posana.com\/fr\/wp-json\/wp\/v2\/media?parent=22116"}],"wp:term":[{"taxonomy":"product_brand","embeddable":true,"href":"https:\/\/posana.com\/fr\/wp-json\/wp\/v2\/product_brand?post=22116"},{"taxonomy":"product_cat","embeddable":true,"href":"https:\/\/posana.com\/fr\/wp-json\/wp\/v2\/product_cat?post=22116"},{"taxonomy":"product_tag","embeddable":true,"href":"https:\/\/posana.com\/fr\/wp-json\/wp\/v2\/product_tag?post=22116"},{"taxonomy":"mwb_booking_cost","embeddable":true,"href":"https:\/\/posana.com\/fr\/wp-json\/wp\/v2\/mwb_booking_cost?post=22116"},{"taxonomy":"mwb_booking_service","embeddable":true,"href":"https:\/\/posana.com\/fr\/wp-json\/wp\/v2\/mwb_booking_service?post=22116"}],"curies":[{"name":"wp","href":"https:\/\/api.w.org\/{rel}","templated":true}]}}