{"id":22113,"date":"2024-12-23T15:13:43","date_gmt":"2024-12-23T15:13:43","guid":{"rendered":"https:\/\/posana.com\/?post_type=product&#038;p=22113"},"modified":"2024-12-23T18:01:24","modified_gmt":"2024-12-23T18:01:24","slug":"alaska-squeeky-clean-duo","status":"publish","type":"product","link":"https:\/\/posana.com\/fr\/produit\/alaska-squeeky-clean-duo\/","title":{"rendered":"Alaska Squeeky Clean Duo"},"content":{"rendered":"<p>The duo contains:<\/p>\n<p>1x <strong>Alaska \u00ae D\u00e9sirisant pour les mains (250ml)<\/strong><\/p>\n<p>&nbsp;<\/p>\n<div>\n<div>\n<div><\/div>\n<\/div>\n<\/div>\n<div>\n<div>\n<div><\/div>\n<\/div>\n<\/div>\n<p>D\u00e9sassainissant pour les mains \u00e0 base d'alcool frais efficace pour d\u00e9truire les bact\u00e9ries (nocives) pour fournir un nettoyage antiseptique. Fabriqu\u00e9 \u00e0 partir d'alcool \u00e9thylique 70% (qualit\u00e9 alimentaire).<\/p>\n<ul>\n<li>Nettoyant antiseptique pour la main<\/li>\n<li>Nettoyant antibact\u00e9rien pour la main<\/li>\n<li>Tue les bact\u00e9ries\/germes nocifs<\/li>\n<li>Efficace \u00e0 d\u00e9truire les bact\u00e9ries (nocives) pour fournir un nettoyage antiseptique.<\/li>\n<li>Pour l'hygi\u00e8ne personnelle des mains pour aider \u00e0 pr\u00e9venir la propagation des bact\u00e9ries.<\/li>\n<\/ul>\n<p>* Ne doit pas \u00eatre utilis\u00e9 comme substitut au lavage des mains.<\/p>\n<p>1x <strong>Alaska \u00ae Savon purificateur pour la main et le corps (500ml)<\/strong><\/p>\n<p>Profitez des avantages des essences v\u00e9g\u00e9tales les plus pures avec le savon purifiant pour la main et le corps de l'Alaska fait avec de l'Aloe Vera, de l'Eucalyptus et du Thym. Remettre une petite quantit\u00e9 sur les mains et\/ou sur le corps. <strong>Holistic formula:<\/strong> Aloe Vera juice, Eucalyptus Globulus, Wild thyme.<\/p>\n<p>&nbsp;<\/p>","protected":false},"excerpt":{"rendered":"<p>The duo contains: 1x Alaska\u00ae Hand Sanitizer (250ml) &nbsp; Fresh alcohol-based hand sanitizer effective in destroying (harmful) bacteria to provide antiseptic cleansing. Made of Ethyl Alcohol 70% (food grade). Antiseptic hand cleanser Antibacterial hand cleanser Kills harmful bacteria\/germs Effective in destroying (harmful) bacteria to provide antiseptic cleansing. For personal hand hygiene to help prevent the [&hellip;]<\/p>\n","protected":false},"featured_media":22426,"comment_status":"open","ping_status":"closed","template":"","meta":{"om_disable_all_campaigns":false,"_monsterinsights_skip_tracking":false,"_monsterinsights_sitenote_active":false,"_monsterinsights_sitenote_note":"","_monsterinsights_sitenote_category":0},"product_brand":[],"product_cat":[61],"product_tag":[],"mwb_booking_cost":[],"mwb_booking_service":[],"class_list":{"0":"post-22113","1":"product","2":"type-product","3":"status-publish","4":"has-post-thumbnail","6":"product_cat-skin-care-products","9":"instock","10":"shipping-taxable","11":"purchasable","12":"product-type-simple","13":"product-grid-view"},"aioseo_notices":[],"_links":{"self":[{"href":"https:\/\/posana.com\/fr\/wp-json\/wp\/v2\/product\/22113","targetHints":{"allow":["GET"]}}],"collection":[{"href":"https:\/\/posana.com\/fr\/wp-json\/wp\/v2\/product"}],"about":[{"href":"https:\/\/posana.com\/fr\/wp-json\/wp\/v2\/types\/product"}],"replies":[{"embeddable":true,"href":"https:\/\/posana.com\/fr\/wp-json\/wp\/v2\/comments?post=22113"}],"version-history":[{"count":2,"href":"https:\/\/posana.com\/fr\/wp-json\/wp\/v2\/product\/22113\/revisions"}],"predecessor-version":[{"id":22427,"href":"https:\/\/posana.com\/fr\/wp-json\/wp\/v2\/product\/22113\/revisions\/22427"}],"wp:featuredmedia":[{"embeddable":true,"href":"https:\/\/posana.com\/fr\/wp-json\/wp\/v2\/media\/22426"}],"wp:attachment":[{"href":"https:\/\/posana.com\/fr\/wp-json\/wp\/v2\/media?parent=22113"}],"wp:term":[{"taxonomy":"product_brand","embeddable":true,"href":"https:\/\/posana.com\/fr\/wp-json\/wp\/v2\/product_brand?post=22113"},{"taxonomy":"product_cat","embeddable":true,"href":"https:\/\/posana.com\/fr\/wp-json\/wp\/v2\/product_cat?post=22113"},{"taxonomy":"product_tag","embeddable":true,"href":"https:\/\/posana.com\/fr\/wp-json\/wp\/v2\/product_tag?post=22113"},{"taxonomy":"mwb_booking_cost","embeddable":true,"href":"https:\/\/posana.com\/fr\/wp-json\/wp\/v2\/mwb_booking_cost?post=22113"},{"taxonomy":"mwb_booking_service","embeddable":true,"href":"https:\/\/posana.com\/fr\/wp-json\/wp\/v2\/mwb_booking_service?post=22113"}],"curies":[{"name":"wp","href":"https:\/\/api.w.org\/{rel}","templated":true}]}}