{"id":22112,"date":"2024-12-23T15:13:43","date_gmt":"2024-12-23T15:13:43","guid":{"rendered":"https:\/\/posana.com\/?post_type=product&#038;p=22112"},"modified":"2024-12-23T18:00:52","modified_gmt":"2024-12-23T18:00:52","slug":"alaska-hand-sanitizer-250ml","status":"publish","type":"product","link":"https:\/\/posana.com\/fr\/produit\/alaska-hand-sanitizer-250ml\/","title":{"rendered":"Alaska D\u00e9sirisant pour les mains (250ml)"},"content":{"rendered":"<p>D\u00e9sassainissant pour les mains \u00e0 base d'alcool frais efficace pour d\u00e9truire les bact\u00e9ries (nocives) pour fournir un nettoyage antiseptique. Fabriqu\u00e9 \u00e0 partir d'alcool \u00e9thylique 70% (qualit\u00e9 alimentaire).<\/p>\n<ul>\n<li>Nettoyant antiseptique pour la main<\/li>\n<li>Nettoyant antibact\u00e9rien pour la main<\/li>\n<li>Tue les bact\u00e9ries\/germes nocifs<\/li>\n<li>Efficace \u00e0 d\u00e9truire les bact\u00e9ries (nocives) pour fournir un nettoyage antiseptique.<\/li>\n<li>Pour l'hygi\u00e8ne personnelle des mains pour aider \u00e0 pr\u00e9venir la propagation des bact\u00e9ries.<\/li>\n<\/ul>\n<p>* Ne doit pas \u00eatre utilis\u00e9 comme substitut au lavage des mains.<\/p>\n<p><strong>Ingr\u00e9dient m\u00e9dicinal:<\/strong><\/p>\n<p>Ethyl Alcohol . . . . . . . . . . . . . 70% w\/w<\/p>\n<p><strong>Ingr\u00e9dients non m\u00e9dicinaux (INCI):<\/strong><\/p>\n<p>Eau (Aqua), Jus de feuille d'Aloe Barbadensis*, Glyc\u00e9rine, Huile globuleuse d'Eucalyptus, Acrylates\/C10-30 Alkyl Acrylate Crosspolym\u00e8re, Polyacrylamide, C13-14 Isoparaffine, Laureth-7, FD&amp;C Blue 1<\/p>\n<p>*Ingr\u00e9dients issus de l'agriculture biologique<\/p>\n<h2><span style=\"font-size: 16px;\">Comment utiliser<\/span><\/h2>\n<ul>\n<li>Adultes et enfants de plus de 2 ans<\/li>\n<li>Pour usage domestique occasionnel et personnel<\/li>\n<li>Superviser les enfants lorsqu\u2019ils utilisent ce produit<\/li>\n<li>Frottez soigneusement dans les mains pendant au moins 30 secondes<\/li>\n<li>Laisser s\u00e9cher<\/li>\n<\/ul>\n<p>Fabriqu\u00e9 au Canada<\/p>","protected":false},"excerpt":{"rendered":"<p>Fresh alcohol-based hand sanitizer effective in destroying (harmful) bacteria to provide antiseptic cleansing. Made of Ethyl Alcohol 70% (food grade). Antiseptic hand cleanser Antibacterial hand cleanser Kills harmful bacteria\/germs Effective in destroying (harmful) bacteria to provide antiseptic cleansing. For personal hand hygiene to help prevent the spread of bacteria. *Should not be used as a [&hellip;]<\/p>\n","protected":false},"featured_media":22424,"comment_status":"open","ping_status":"closed","template":"","meta":{"om_disable_all_campaigns":false,"_monsterinsights_skip_tracking":false,"_monsterinsights_sitenote_active":false,"_monsterinsights_sitenote_note":"","_monsterinsights_sitenote_category":0},"product_brand":[],"product_cat":[61],"product_tag":[],"mwb_booking_cost":[],"mwb_booking_service":[],"class_list":{"0":"post-22112","1":"product","2":"type-product","3":"status-publish","4":"has-post-thumbnail","6":"product_cat-skin-care-products","9":"instock","10":"shipping-taxable","11":"purchasable","12":"product-type-simple","13":"product-grid-view"},"aioseo_notices":[],"_links":{"self":[{"href":"https:\/\/posana.com\/fr\/wp-json\/wp\/v2\/product\/22112","targetHints":{"allow":["GET"]}}],"collection":[{"href":"https:\/\/posana.com\/fr\/wp-json\/wp\/v2\/product"}],"about":[{"href":"https:\/\/posana.com\/fr\/wp-json\/wp\/v2\/types\/product"}],"replies":[{"embeddable":true,"href":"https:\/\/posana.com\/fr\/wp-json\/wp\/v2\/comments?post=22112"}],"version-history":[{"count":2,"href":"https:\/\/posana.com\/fr\/wp-json\/wp\/v2\/product\/22112\/revisions"}],"predecessor-version":[{"id":22425,"href":"https:\/\/posana.com\/fr\/wp-json\/wp\/v2\/product\/22112\/revisions\/22425"}],"wp:featuredmedia":[{"embeddable":true,"href":"https:\/\/posana.com\/fr\/wp-json\/wp\/v2\/media\/22424"}],"wp:attachment":[{"href":"https:\/\/posana.com\/fr\/wp-json\/wp\/v2\/media?parent=22112"}],"wp:term":[{"taxonomy":"product_brand","embeddable":true,"href":"https:\/\/posana.com\/fr\/wp-json\/wp\/v2\/product_brand?post=22112"},{"taxonomy":"product_cat","embeddable":true,"href":"https:\/\/posana.com\/fr\/wp-json\/wp\/v2\/product_cat?post=22112"},{"taxonomy":"product_tag","embeddable":true,"href":"https:\/\/posana.com\/fr\/wp-json\/wp\/v2\/product_tag?post=22112"},{"taxonomy":"mwb_booking_cost","embeddable":true,"href":"https:\/\/posana.com\/fr\/wp-json\/wp\/v2\/mwb_booking_cost?post=22112"},{"taxonomy":"mwb_booking_service","embeddable":true,"href":"https:\/\/posana.com\/fr\/wp-json\/wp\/v2\/mwb_booking_service?post=22112"}],"curies":[{"name":"wp","href":"https:\/\/api.w.org\/{rel}","templated":true}]}}