{"id":22109,"date":"2024-12-23T15:13:43","date_gmt":"2024-12-23T15:13:43","guid":{"rendered":"https:\/\/posana.com\/?post_type=product&#038;p=22109"},"modified":"2024-12-23T18:03:34","modified_gmt":"2024-12-23T18:03:34","slug":"after-shaving-care-hydrating-soothing-for-men-125ml","status":"publish","type":"product","link":"https:\/\/posana.com\/fr\/produit\/after-shaving-care-hydrating-soothing-for-men-125ml\/","title":{"rendered":"Apr\u00e8s le rasage, soins hydratants apaisants pour les hommes 125ml"},"content":{"rendered":"<p>Pour les hommes Apaise, hydrate et r\u00e9g\u00e9n\u00e8re la peau du visage apr\u00e8s le rasage. Gr\u00e2ce \u00e0 l'action accrue de ses ingr\u00e9dients sp\u00e9cifiques anti-\u00e2ge apaisants, il prot\u00e8ge la peau de la s\u00e9cheresse et de l'irritation et aide \u00e0 pr\u00e9venir les signes pr\u00e9matur\u00e9s de vieillissement. La peau est visiblement apais\u00e9e, hydrat\u00e9e et r\u00e9g\u00e9n\u00e9r\u00e9e.<\/p>","protected":false},"excerpt":{"rendered":"<p>Pour les hommes Apaise, hydrate et r\u00e9g\u00e9n\u00e8re la peau du visage apr\u00e8s le rasage. Gr\u00e2ce \u00e0 l'action accrue de ses ingr\u00e9dients sp\u00e9cifiques anti-\u00e2ge apaisants, il prot\u00e8ge la peau de la s\u00e9cheresse et de l'irritation et aide \u00e0 pr\u00e9venir les signes pr\u00e9matur\u00e9s de vieillissement. La peau est visiblement apais\u00e9e, hydrat\u00e9e et r\u00e9g\u00e9n\u00e9r\u00e9e.<\/p>","protected":false},"featured_media":22419,"comment_status":"open","ping_status":"closed","template":"","meta":{"om_disable_all_campaigns":false,"_monsterinsights_skip_tracking":false,"_monsterinsights_sitenote_active":false,"_monsterinsights_sitenote_note":"","_monsterinsights_sitenote_category":0},"product_brand":[],"product_cat":[61],"product_tag":[],"mwb_booking_cost":[],"mwb_booking_service":[],"class_list":{"0":"post-22109","1":"product","2":"type-product","3":"status-publish","4":"has-post-thumbnail","6":"product_cat-skin-care-products","9":"instock","10":"shipping-taxable","11":"purchasable","12":"product-type-simple","13":"product-grid-view"},"aioseo_notices":[],"_links":{"self":[{"href":"https:\/\/posana.com\/fr\/wp-json\/wp\/v2\/product\/22109","targetHints":{"allow":["GET"]}}],"collection":[{"href":"https:\/\/posana.com\/fr\/wp-json\/wp\/v2\/product"}],"about":[{"href":"https:\/\/posana.com\/fr\/wp-json\/wp\/v2\/types\/product"}],"replies":[{"embeddable":true,"href":"https:\/\/posana.com\/fr\/wp-json\/wp\/v2\/comments?post=22109"}],"version-history":[{"count":2,"href":"https:\/\/posana.com\/fr\/wp-json\/wp\/v2\/product\/22109\/revisions"}],"predecessor-version":[{"id":22420,"href":"https:\/\/posana.com\/fr\/wp-json\/wp\/v2\/product\/22109\/revisions\/22420"}],"wp:featuredmedia":[{"embeddable":true,"href":"https:\/\/posana.com\/fr\/wp-json\/wp\/v2\/media\/22419"}],"wp:attachment":[{"href":"https:\/\/posana.com\/fr\/wp-json\/wp\/v2\/media?parent=22109"}],"wp:term":[{"taxonomy":"product_brand","embeddable":true,"href":"https:\/\/posana.com\/fr\/wp-json\/wp\/v2\/product_brand?post=22109"},{"taxonomy":"product_cat","embeddable":true,"href":"https:\/\/posana.com\/fr\/wp-json\/wp\/v2\/product_cat?post=22109"},{"taxonomy":"product_tag","embeddable":true,"href":"https:\/\/posana.com\/fr\/wp-json\/wp\/v2\/product_tag?post=22109"},{"taxonomy":"mwb_booking_cost","embeddable":true,"href":"https:\/\/posana.com\/fr\/wp-json\/wp\/v2\/mwb_booking_cost?post=22109"},{"taxonomy":"mwb_booking_service","embeddable":true,"href":"https:\/\/posana.com\/fr\/wp-json\/wp\/v2\/mwb_booking_service?post=22109"}],"curies":[{"name":"wp","href":"https:\/\/api.w.org\/{rel}","templated":true}]}}